{"id":10358,"date":"2021-12-29T17:42:36","date_gmt":"2021-12-29T14:42:36","guid":{"rendered":"https:\/\/danila-souvenirs.com\/de\/product\/soviet-russian-leader-vladimir-lenin-marble-bust-statue-sculpture-18-cm\/"},"modified":"2024-12-06T17:18:03","modified_gmt":"2024-12-06T14:18:03","slug":"sowjetischer-russischer-chef-wladimir-lenin-marmor-buste-statue-skulptur-18-cm-weis-3","status":"publish","type":"product","link":"https:\/\/danila-souvenirs.com\/de\/product\/sowjetischer-russischer-chef-wladimir-lenin-marmor-buste-statue-skulptur-18-cm-weis-3\/?lang=fr","title":{"rendered":"buste \/ statue en marbre du leader russe \/ sovi\u00e9tique Vladimir L\u00e9nine 18 cm"},"content":{"rendered":"<div>Mat\u00e9riau : marbre artificiel.<\/div>\n<div><\/div>\n<div>Hauteur: 18 cm.<\/div>\n<div><\/div>\n<div>Poids: 1 kg.<\/div>\n<div><\/div>\n<div>Couleur: blanc.<\/div>\n<div><\/div>\n<div>Vladimir L\u00e9nine (22 avril 1870\u201321 janvier 1924) \u00e9tait un r\u00e9volutionnaire communiste russe, homme politique et th\u00e9oricien politique qui fut le leader de l&#8217;Union sovi\u00e9tique de 1922 \u00e0 1924. Il a jou\u00e9 un r\u00f4le principal dans l&#8217;organisation de la grande r\u00e9volution socialiste d&#8217;octobre de 1917 et \u00e0 la cr\u00e9ation de l&#8217;Union sovi\u00e9tique en 1922. L\u00e9nine demeure une figure internationale controvers\u00e9e.<\/div>\n<div><\/div>\n","protected":false},"excerpt":{"rendered":"<p>Mat\u00e9riau : marbre artificiel. Hauteur: 18 cm. Poids: 1 kg. Couleur: blanc. Vladimir L\u00e9nine (22 avril 1870\u201321 janvier 1924) \u00e9tait un r\u00e9volutionnaire communiste russe, homme politique et th\u00e9oricien politique qui fut le leader de l&#8217;Union sovi\u00e9tique de 1922 \u00e0 1924. Il a jou\u00e9 un r\u00f4le principal dans l&#8217;organisation de la grande r\u00e9volution socialiste d&#8217;octobre de [&hellip;]<\/p>\n","protected":false},"featured_media":14459,"comment_status":"closed","ping_status":"closed","template":"","meta":{"_et_pb_use_builder":"","_et_pb_old_content":"","_et_gb_content_width":""},"product_brand":[],"product_cat":[179,181,180],"product_tag":[],"class_list":{"0":"post-10358","1":"product","2":"type-product","3":"status-publish","4":"has-post-thumbnail","6":"product_cat-uncategorized-fr","7":"product_cat-russian-fr","8":"product_cat-statues-fr","9":"pa_color-white-fr","11":"first","12":"instock","13":"shipping-taxable","14":"purchasable","15":"product-type-simple"},"_links":{"self":[{"href":"https:\/\/danila-souvenirs.com\/de\/wp-json\/wp\/v2\/product\/10358","targetHints":{"allow":["GET"]}}],"collection":[{"href":"https:\/\/danila-souvenirs.com\/de\/wp-json\/wp\/v2\/product"}],"about":[{"href":"https:\/\/danila-souvenirs.com\/de\/wp-json\/wp\/v2\/types\/product"}],"replies":[{"embeddable":true,"href":"https:\/\/danila-souvenirs.com\/de\/wp-json\/wp\/v2\/comments?post=10358"}],"wp:featuredmedia":[{"embeddable":true,"href":"https:\/\/danila-souvenirs.com\/de\/wp-json\/wp\/v2\/media\/14459"}],"wp:attachment":[{"href":"https:\/\/danila-souvenirs.com\/de\/wp-json\/wp\/v2\/media?parent=10358"}],"wp:term":[{"taxonomy":"product_brand","embeddable":true,"href":"https:\/\/danila-souvenirs.com\/de\/wp-json\/wp\/v2\/product_brand?post=10358"},{"taxonomy":"product_cat","embeddable":true,"href":"https:\/\/danila-souvenirs.com\/de\/wp-json\/wp\/v2\/product_cat?post=10358"},{"taxonomy":"product_tag","embeddable":true,"href":"https:\/\/danila-souvenirs.com\/de\/wp-json\/wp\/v2\/product_tag?post=10358"}],"curies":[{"name":"wp","href":"https:\/\/api.w.org\/{rel}","templated":true}]}}