{"id":10354,"date":"2022-01-10T14:11:19","date_gmt":"2022-01-10T11:11:19","guid":{"rendered":"https:\/\/danila-souvenirs.com\/de\/product\/soviet-russian-ussr-leader-vladimir-lenin-marble-bust-statue-sculpture-13-cm\/"},"modified":"2024-12-06T17:17:43","modified_gmt":"2024-12-06T14:17:43","slug":"soviet-russian-ussr-leader-vladimir-lenin-marble-bust-statue-sculpture-13-cm","status":"publish","type":"product","link":"https:\/\/danila-souvenirs.com\/de\/product\/soviet-russian-ussr-leader-vladimir-lenin-marble-bust-statue-sculpture-13-cm\/?lang=fr","title":{"rendered":"buste \/ statue en marbre du leader russe \/ sovi\u00e9tique Vladimir L\u00e9nine 13 cm"},"content":{"rendered":"<div>Mat\u00e9riau: marbre artificiel.<\/div>\n<div><\/div>\n<div>Hauteur: 13 cm.<\/div>\n<div><\/div>\n<div>Poids: 480 g.<\/div>\n<div><\/div>\n<div>Couleur: blanc.<\/div>\n<div><\/div>\n<div>Vladimir L\u00e9nine (22 avril 1870\u201321 janvier 1924) \u00e9tait un r\u00e9volutionnaire communiste russe, homme politique et th\u00e9oricien politique qui fut le leader de l&#8217;Union sovi\u00e9tique de 1922 \u00e0 1924. Il a jou\u00e9 un r\u00f4le principal dans l&#8217;organisation de la grande r\u00e9volution socialiste d&#8217;octobre de 1917 et \u00e0 la cr\u00e9ation de l&#8217;Union sovi\u00e9tique en 1922. L\u00e9nine demeure une figure internationale controvers\u00e9e.<\/div>\n<div><\/div>\n<div><\/div>\n<p>&nbsp;<\/p>\n","protected":false},"excerpt":{"rendered":"<p>Mat\u00e9riau: marbre artificiel. Hauteur: 13 cm. Poids: 480 g. Couleur: blanc. Vladimir L\u00e9nine (22 avril 1870\u201321 janvier 1924) \u00e9tait un r\u00e9volutionnaire communiste russe, homme politique et th\u00e9oricien politique qui fut le leader de l&#8217;Union sovi\u00e9tique de 1922 \u00e0 1924. Il a jou\u00e9 un r\u00f4le principal dans l&#8217;organisation de la grande r\u00e9volution socialiste d&#8217;octobre de 1917 [&hellip;]<\/p>\n","protected":false},"featured_media":15139,"comment_status":"closed","ping_status":"closed","template":"","meta":{"_et_pb_use_builder":"","_et_pb_old_content":"","_et_gb_content_width":""},"product_brand":[],"product_cat":[179,181,180],"product_tag":[],"class_list":{"0":"post-10354","1":"product","2":"type-product","3":"status-publish","4":"has-post-thumbnail","6":"product_cat-uncategorized-fr","7":"product_cat-russian-fr","8":"product_cat-statues-fr","10":"first","11":"instock","12":"shipping-taxable","13":"purchasable","14":"product-type-simple"},"_links":{"self":[{"href":"https:\/\/danila-souvenirs.com\/de\/wp-json\/wp\/v2\/product\/10354","targetHints":{"allow":["GET"]}}],"collection":[{"href":"https:\/\/danila-souvenirs.com\/de\/wp-json\/wp\/v2\/product"}],"about":[{"href":"https:\/\/danila-souvenirs.com\/de\/wp-json\/wp\/v2\/types\/product"}],"replies":[{"embeddable":true,"href":"https:\/\/danila-souvenirs.com\/de\/wp-json\/wp\/v2\/comments?post=10354"}],"wp:featuredmedia":[{"embeddable":true,"href":"https:\/\/danila-souvenirs.com\/de\/wp-json\/wp\/v2\/media\/15139"}],"wp:attachment":[{"href":"https:\/\/danila-souvenirs.com\/de\/wp-json\/wp\/v2\/media?parent=10354"}],"wp:term":[{"taxonomy":"product_brand","embeddable":true,"href":"https:\/\/danila-souvenirs.com\/de\/wp-json\/wp\/v2\/product_brand?post=10354"},{"taxonomy":"product_cat","embeddable":true,"href":"https:\/\/danila-souvenirs.com\/de\/wp-json\/wp\/v2\/product_cat?post=10354"},{"taxonomy":"product_tag","embeddable":true,"href":"https:\/\/danila-souvenirs.com\/de\/wp-json\/wp\/v2\/product_tag?post=10354"}],"curies":[{"name":"wp","href":"https:\/\/api.w.org\/{rel}","templated":true}]}}