{"id":10349,"date":"2022-02-28T20:18:14","date_gmt":"2022-02-28T17:18:14","guid":{"rendered":"https:\/\/danila-souvenirs.com\/de\/product\/american-president-abraham-lincoln-marble-bust-statue-sculpture-125-cm\/"},"modified":"2023-04-10T23:08:24","modified_gmt":"2023-04-10T20:08:24","slug":"danila-souvenirs-statue-skulptur-motiv-american-president-abraham-lincoln-marmor-13-cm-weis-2","status":"publish","type":"product","link":"https:\/\/danila-souvenirs.com\/de\/product\/danila-souvenirs-statue-skulptur-motiv-american-president-abraham-lincoln-marmor-13-cm-weis-2\/?lang=fr","title":{"rendered":"buste \/ statue en marbre du pr\u00e9sident am\u00e9ricain Abraham Lincoln 12,5 cm"},"content":{"rendered":"<div>Mat\u00e9riau : marbre artificiel.<\/div>\n<div><\/div>\n<div>Hauteur: 12,5 cm.<\/div>\n<div><\/div>\n<div>Poids: 450 g.<\/div>\n<div><\/div>\n<div>Couleur: blanc.<\/div>\n<div><\/div>\n<div>Abraham Lincoln (12 f\u00e9vrier 1809 \u2013 15 avril 1865) \u00e9tait un politicien et avocat am\u00e9ricain qui a servi le 16e pr\u00e9sident des \u00c9tats-Unis depuis mars 1861 jusqu&#8217;\u00e0 son assassassinage en avril 1865. Lincoln a conduit les \u00c9tats-Unis \u00e0 travers sa guerre civile : sa guerre la plus sanglante, et peut-\u00eatre sa plus grande crise morale, constitutionnelle et politique. En ce faisant, il a pr\u00e9serv\u00e9 l&#8217;Union, pav\u00e9 la voie \u00e0 l&#8217;abolition de l&#8217;esclavage, renfor\u00e7ait le gouvernement f\u00e9d\u00e9ral et modernisait l&#8217;\u00e9conomie.<\/div>\n<div><\/div>\n","protected":false},"excerpt":{"rendered":"<p>Mat\u00e9riau : marbre artificiel. Hauteur: 12,5 cm. Poids: 450 g. Couleur: blanc. Abraham Lincoln (12 f\u00e9vrier 1809 \u2013 15 avril 1865) \u00e9tait un politicien et avocat am\u00e9ricain qui a servi le 16e pr\u00e9sident des \u00c9tats-Unis depuis mars 1861 jusqu&#8217;\u00e0 son assassassinage en avril 1865. Lincoln a conduit les \u00c9tats-Unis \u00e0 travers sa guerre civile : [&hellip;]<\/p>\n","protected":false},"featured_media":13435,"comment_status":"closed","ping_status":"closed","template":"","meta":{"_et_pb_use_builder":"","_et_pb_old_content":"","_et_gb_content_width":""},"product_brand":[],"product_cat":[184,179,180],"product_tag":[],"class_list":{"0":"post-10349","1":"product","2":"type-product","3":"status-publish","4":"has-post-thumbnail","6":"product_cat-american-fr","7":"product_cat-uncategorized-fr","8":"product_cat-statues-fr","9":"pa_color-white-fr","11":"first","12":"instock","13":"shipping-taxable","14":"purchasable","15":"product-type-simple"},"_links":{"self":[{"href":"https:\/\/danila-souvenirs.com\/de\/wp-json\/wp\/v2\/product\/10349","targetHints":{"allow":["GET"]}}],"collection":[{"href":"https:\/\/danila-souvenirs.com\/de\/wp-json\/wp\/v2\/product"}],"about":[{"href":"https:\/\/danila-souvenirs.com\/de\/wp-json\/wp\/v2\/types\/product"}],"replies":[{"embeddable":true,"href":"https:\/\/danila-souvenirs.com\/de\/wp-json\/wp\/v2\/comments?post=10349"}],"wp:featuredmedia":[{"embeddable":true,"href":"https:\/\/danila-souvenirs.com\/de\/wp-json\/wp\/v2\/media\/13435"}],"wp:attachment":[{"href":"https:\/\/danila-souvenirs.com\/de\/wp-json\/wp\/v2\/media?parent=10349"}],"wp:term":[{"taxonomy":"product_brand","embeddable":true,"href":"https:\/\/danila-souvenirs.com\/de\/wp-json\/wp\/v2\/product_brand?post=10349"},{"taxonomy":"product_cat","embeddable":true,"href":"https:\/\/danila-souvenirs.com\/de\/wp-json\/wp\/v2\/product_cat?post=10349"},{"taxonomy":"product_tag","embeddable":true,"href":"https:\/\/danila-souvenirs.com\/de\/wp-json\/wp\/v2\/product_tag?post=10349"}],"curies":[{"name":"wp","href":"https:\/\/api.w.org\/{rel}","templated":true}]}}