{"id":10347,"date":"2022-02-28T20:15:37","date_gmt":"2022-02-28T17:15:37","guid":{"rendered":"https:\/\/danila-souvenirs.com\/de\/product\/american-president-john-f-kennedy-marble-bust-statue-sculpture-135-cm\/"},"modified":"2023-04-10T23:06:06","modified_gmt":"2023-04-10T20:06:06","slug":"statue-skulptur-mit-marmor-buste-john-f-kennedy-14-cm-weis-2","status":"publish","type":"product","link":"https:\/\/danila-souvenirs.com\/de\/product\/statue-skulptur-mit-marmor-buste-john-f-kennedy-14-cm-weis-2\/?lang=fr","title":{"rendered":"buste \/ statue en marbre du pr\u00e9sident am\u00e9ricain John F. Kennedy 13,5 cm"},"content":{"rendered":"<div>Mat\u00e9riau : marbre artificiel.<\/div>\n<div><\/div>\n<div>Hauteur: 13,5 cm.<\/div>\n<div><\/div>\n<div>Poids: 500 g.<\/div>\n<div><\/div>\n<div>Couleur: blanc.<\/div>\n<div><\/div>\n<div>John Fitzgerald &#8220;Jack&#8221; Kennedy (29 mai 1917 &#8211; 22 novembre 1963), couramment appel\u00e9 par ses initiales JFK, \u00e9tait un politicien am\u00e9ricain qui a servi le 35e pr\u00e9sident des \u00c9tats-Unis de janvier 1961 jusqu&#8217;\u00e0 son assassination en novembre 1963. Kennedy a servi au sommet de la Guerre froide et une grande partie de sa pr\u00e9sidence se concentre sur la gestion des relations avec l&#8217;Union sovi\u00e9tique. Membre de la f\u00eate d\u00e9mocratique, il repr\u00e9sentait le Massachusetts dans la maison des Representatives des \u00c9tats-Unis et le S\u00e9nat am\u00e9ricain avant de devenir pr\u00e9sident.<\/div>\n<div><\/div>\n","protected":false},"excerpt":{"rendered":"<p>Mat\u00e9riau : marbre artificiel. Hauteur: 13,5 cm. Poids: 500 g. Couleur: blanc. John Fitzgerald &#8220;Jack&#8221; Kennedy (29 mai 1917 &#8211; 22 novembre 1963), couramment appel\u00e9 par ses initiales JFK, \u00e9tait un politicien am\u00e9ricain qui a servi le 35e pr\u00e9sident des \u00c9tats-Unis de janvier 1961 jusqu&#8217;\u00e0 son assassination en novembre 1963. Kennedy a servi au sommet [&hellip;]<\/p>\n","protected":false},"featured_media":13429,"comment_status":"closed","ping_status":"closed","template":"","meta":{"_et_pb_use_builder":"","_et_pb_old_content":"","_et_gb_content_width":""},"product_brand":[],"product_cat":[184,179,180],"product_tag":[],"class_list":{"0":"post-10347","1":"product","2":"type-product","3":"status-publish","4":"has-post-thumbnail","6":"product_cat-american-fr","7":"product_cat-uncategorized-fr","8":"product_cat-statues-fr","9":"pa_color-white-fr","11":"first","12":"instock","13":"shipping-taxable","14":"purchasable","15":"product-type-simple"},"_links":{"self":[{"href":"https:\/\/danila-souvenirs.com\/de\/wp-json\/wp\/v2\/product\/10347","targetHints":{"allow":["GET"]}}],"collection":[{"href":"https:\/\/danila-souvenirs.com\/de\/wp-json\/wp\/v2\/product"}],"about":[{"href":"https:\/\/danila-souvenirs.com\/de\/wp-json\/wp\/v2\/types\/product"}],"replies":[{"embeddable":true,"href":"https:\/\/danila-souvenirs.com\/de\/wp-json\/wp\/v2\/comments?post=10347"}],"wp:featuredmedia":[{"embeddable":true,"href":"https:\/\/danila-souvenirs.com\/de\/wp-json\/wp\/v2\/media\/13429"}],"wp:attachment":[{"href":"https:\/\/danila-souvenirs.com\/de\/wp-json\/wp\/v2\/media?parent=10347"}],"wp:term":[{"taxonomy":"product_brand","embeddable":true,"href":"https:\/\/danila-souvenirs.com\/de\/wp-json\/wp\/v2\/product_brand?post=10347"},{"taxonomy":"product_cat","embeddable":true,"href":"https:\/\/danila-souvenirs.com\/de\/wp-json\/wp\/v2\/product_cat?post=10347"},{"taxonomy":"product_tag","embeddable":true,"href":"https:\/\/danila-souvenirs.com\/de\/wp-json\/wp\/v2\/product_tag?post=10347"}],"curies":[{"name":"wp","href":"https:\/\/api.w.org\/{rel}","templated":true}]}}