{"id":10345,"date":"2022-02-28T20:07:26","date_gmt":"2022-02-28T17:07:26","guid":{"rendered":"https:\/\/danila-souvenirs.com\/de\/product\/russian-soviet-astronaut-cosmonaut-yuri-gagarin-stone-bust-statue-11-cm\/"},"modified":"2023-04-11T16:48:21","modified_gmt":"2023-04-11T13:48:21","slug":"sowjetischen-russische-udssr-kosmonaut-raumfahrer-juri-gagarin-stein-buste-statue-skulptur-12-cm-3","status":"publish","type":"product","link":"https:\/\/danila-souvenirs.com\/de\/product\/sowjetischen-russische-udssr-kosmonaut-raumfahrer-juri-gagarin-stein-buste-statue-skulptur-12-cm-3\/?lang=fr","title":{"rendered":"buste \/ statue en pierre du cosmonaute russe \/ sovi\u00e9tique Youri Gagarine 11 cm"},"content":{"rendered":"<div>Mat\u00e9riau\u202f: pierre artificielle.<\/div>\n<div><\/div>\n<div>Hauteur: 11 cm.<\/div>\n<div><\/div>\n<div>Poids: 190 g.<\/div>\n<div><\/div>\n<div>Couleur: noir.<\/div>\n<div><\/div>\n<div>Youri Gagarine (9 mars 1934\u201327 mars 1968) \u00e9tait un pilote et cosmonautes sovi\u00e9tiques. Il a \u00e9t\u00e9 le premier homme \u00e0 un voyage dans l&#8217;espace, lorsque son vaisseau spatial vostok effectu\u00e9 une orbite de la terre le 12 avril 1961.<\/div>\n","protected":false},"excerpt":{"rendered":"<p>Mat\u00e9riau\u202f: pierre artificielle. Hauteur: 11 cm. Poids: 190 g. Couleur: noir. Youri Gagarine (9 mars 1934\u201327 mars 1968) \u00e9tait un pilote et cosmonautes sovi\u00e9tiques. Il a \u00e9t\u00e9 le premier homme \u00e0 un voyage dans l&#8217;espace, lorsque son vaisseau spatial vostok effectu\u00e9 une orbite de la terre le 12 avril 1961.<\/p>\n","protected":false},"featured_media":14899,"comment_status":"closed","ping_status":"closed","template":"","meta":{"_et_pb_use_builder":"","_et_pb_old_content":"","_et_gb_content_width":""},"product_brand":[],"product_cat":[179,181,180],"product_tag":[],"class_list":{"0":"post-10345","1":"product","2":"type-product","3":"status-publish","4":"has-post-thumbnail","6":"product_cat-uncategorized-fr","7":"product_cat-russian-fr","8":"product_cat-statues-fr","9":"pa_color-black-fr","11":"first","12":"instock","13":"shipping-taxable","14":"purchasable","15":"product-type-simple"},"_links":{"self":[{"href":"https:\/\/danila-souvenirs.com\/de\/wp-json\/wp\/v2\/product\/10345","targetHints":{"allow":["GET"]}}],"collection":[{"href":"https:\/\/danila-souvenirs.com\/de\/wp-json\/wp\/v2\/product"}],"about":[{"href":"https:\/\/danila-souvenirs.com\/de\/wp-json\/wp\/v2\/types\/product"}],"replies":[{"embeddable":true,"href":"https:\/\/danila-souvenirs.com\/de\/wp-json\/wp\/v2\/comments?post=10345"}],"wp:featuredmedia":[{"embeddable":true,"href":"https:\/\/danila-souvenirs.com\/de\/wp-json\/wp\/v2\/media\/14899"}],"wp:attachment":[{"href":"https:\/\/danila-souvenirs.com\/de\/wp-json\/wp\/v2\/media?parent=10345"}],"wp:term":[{"taxonomy":"product_brand","embeddable":true,"href":"https:\/\/danila-souvenirs.com\/de\/wp-json\/wp\/v2\/product_brand?post=10345"},{"taxonomy":"product_cat","embeddable":true,"href":"https:\/\/danila-souvenirs.com\/de\/wp-json\/wp\/v2\/product_cat?post=10345"},{"taxonomy":"product_tag","embeddable":true,"href":"https:\/\/danila-souvenirs.com\/de\/wp-json\/wp\/v2\/product_tag?post=10345"}],"curies":[{"name":"wp","href":"https:\/\/api.w.org\/{rel}","templated":true}]}}