{"id":10341,"date":"2022-02-28T20:12:36","date_gmt":"2022-02-28T17:12:36","guid":{"rendered":"https:\/\/danila-souvenirs.com\/de\/product\/libyan-revolutionary-colonel-muammar-gaddafi-stone-bust-statue-11-5-cm\/"},"modified":"2023-04-11T16:46:50","modified_gmt":"2023-04-11T13:46:50","slug":"libyscher-revolutionar-oberst-muammar-gaddafi-stein-buste-statue-skulptur-12-cm-schwarz-3","status":"publish","type":"product","link":"https:\/\/danila-souvenirs.com\/de\/product\/libyscher-revolutionar-oberst-muammar-gaddafi-stein-buste-statue-skulptur-12-cm-schwarz-3\/?lang=fr","title":{"rendered":"buste \/ statue en pierre du colonel libyen Mouammar Kadhafi 11,5 cm"},"content":{"rendered":"<div>Mat\u00e9riau\u202f: pierre artificielle.<\/div>\n<div><\/div>\n<div>Hauteur: 11,5 cm.<\/div>\n<div><\/div>\n<div>Poids: 210 g.<\/div>\n<div><\/div>\n<div>Couleur: noir.<\/div>\n<div><\/div>\n<div>Mouammar Kadhafi (C. 1942\u201320 octobre 2011), commun\u00e9ment appel\u00e9 le Colonel kadhafi, \u00e9tait un homme politique et r\u00e9volutionnaire de la libye, et de facto la r\u00e8gle de la libye depuis 42 ans. Prendre le pouvoir dans un coup d&#8217;\u00e9tat, il dirige en tant que pr\u00e9sident de la R\u00e9publique arabe libyenne r\u00e9volutionnaire de 1969 de 1969 \u00e0 1977 et ensuite sous le nom de &#8220;leader du fr\u00e8re&#8221; de la grande jamahiriya arabe libyenne populaire socialiste de 1977 \u00e0 2011, quand il a \u00e9t\u00e9 renvers\u00e9 dans la guerre civile en libye.<\/div>\n","protected":false},"excerpt":{"rendered":"<p>Mat\u00e9riau\u202f: pierre artificielle. Hauteur: 11,5 cm. Poids: 210 g. Couleur: noir. Mouammar Kadhafi (C. 1942\u201320 octobre 2011), commun\u00e9ment appel\u00e9 le Colonel kadhafi, \u00e9tait un homme politique et r\u00e9volutionnaire de la libye, et de facto la r\u00e8gle de la libye depuis 42 ans. Prendre le pouvoir dans un coup d&#8217;\u00e9tat, il dirige en tant que pr\u00e9sident [&hellip;]<\/p>\n","protected":false},"featured_media":6969,"comment_status":"closed","ping_status":"closed","template":"","meta":{"_et_pb_use_builder":"","_et_pb_old_content":"","_et_gb_content_width":""},"product_brand":[],"product_cat":[183,179,180],"product_tag":[],"class_list":{"0":"post-10341","1":"product","2":"type-product","3":"status-publish","4":"has-post-thumbnail","6":"product_cat-international-fr","7":"product_cat-uncategorized-fr","8":"product_cat-statues-fr","9":"pa_color-black-fr","11":"first","12":"instock","13":"shipping-taxable","14":"purchasable","15":"product-type-simple"},"_links":{"self":[{"href":"https:\/\/danila-souvenirs.com\/de\/wp-json\/wp\/v2\/product\/10341","targetHints":{"allow":["GET"]}}],"collection":[{"href":"https:\/\/danila-souvenirs.com\/de\/wp-json\/wp\/v2\/product"}],"about":[{"href":"https:\/\/danila-souvenirs.com\/de\/wp-json\/wp\/v2\/types\/product"}],"replies":[{"embeddable":true,"href":"https:\/\/danila-souvenirs.com\/de\/wp-json\/wp\/v2\/comments?post=10341"}],"wp:featuredmedia":[{"embeddable":true,"href":"https:\/\/danila-souvenirs.com\/de\/wp-json\/wp\/v2\/media\/6969"}],"wp:attachment":[{"href":"https:\/\/danila-souvenirs.com\/de\/wp-json\/wp\/v2\/media?parent=10341"}],"wp:term":[{"taxonomy":"product_brand","embeddable":true,"href":"https:\/\/danila-souvenirs.com\/de\/wp-json\/wp\/v2\/product_brand?post=10341"},{"taxonomy":"product_cat","embeddable":true,"href":"https:\/\/danila-souvenirs.com\/de\/wp-json\/wp\/v2\/product_cat?post=10341"},{"taxonomy":"product_tag","embeddable":true,"href":"https:\/\/danila-souvenirs.com\/de\/wp-json\/wp\/v2\/product_tag?post=10341"}],"curies":[{"name":"wp","href":"https:\/\/api.w.org\/{rel}","templated":true}]}}