{"id":10338,"date":"2021-12-29T17:40:47","date_gmt":"2021-12-29T14:40:47","guid":{"rendered":"https:\/\/danila-souvenirs.com\/de\/product\/decorative-marble-statue-figurine-sculpture-elephant-10-5-cm-white\/"},"modified":"2023-04-10T22:54:09","modified_gmt":"2023-04-10T19:54:09","slug":"dekorative-marmor-skulptur-statue-figur-elefant-11-cm-weis-3","status":"publish","type":"product","link":"https:\/\/danila-souvenirs.com\/de\/product\/dekorative-marmor-skulptur-statue-figur-elefant-11-cm-weis-3\/?lang=fr","title":{"rendered":"statuette \/ figurine d\u00e9corative en marbre d&#8217;un \u00e9l\u00e9phant blanc 10,5 cm"},"content":{"rendered":"<div>Mat\u00e9riau: marbre artificiel.<\/div>\n<div><\/div>\n<div>Dimensions: 10.5 cm x 8 cm x 5 cm.<\/div>\n<div><\/div>\n<div>Poids: 155 g.<\/div>\n<div><\/div>\n<div>Couleur: blanc.<\/div>\n","protected":false},"excerpt":{"rendered":"<p>Mat\u00e9riau: marbre artificiel. Dimensions: 10.5 cm x 8 cm x 5 cm. Poids: 155 g. Couleur: blanc.<\/p>\n","protected":false},"featured_media":7445,"comment_status":"closed","ping_status":"closed","template":"","meta":{"_et_pb_use_builder":"","_et_pb_old_content":"","_et_gb_content_width":""},"product_brand":[],"product_cat":[182,179,180],"product_tag":[],"class_list":{"0":"post-10338","1":"product","2":"type-product","3":"status-publish","4":"has-post-thumbnail","6":"product_cat-animal-figurines-fr","7":"product_cat-uncategorized-fr","8":"product_cat-statues-fr","9":"pa_color-white-fr","11":"first","12":"instock","13":"shipping-taxable","14":"purchasable","15":"product-type-simple"},"_links":{"self":[{"href":"https:\/\/danila-souvenirs.com\/de\/wp-json\/wp\/v2\/product\/10338","targetHints":{"allow":["GET"]}}],"collection":[{"href":"https:\/\/danila-souvenirs.com\/de\/wp-json\/wp\/v2\/product"}],"about":[{"href":"https:\/\/danila-souvenirs.com\/de\/wp-json\/wp\/v2\/types\/product"}],"replies":[{"embeddable":true,"href":"https:\/\/danila-souvenirs.com\/de\/wp-json\/wp\/v2\/comments?post=10338"}],"wp:featuredmedia":[{"embeddable":true,"href":"https:\/\/danila-souvenirs.com\/de\/wp-json\/wp\/v2\/media\/7445"}],"wp:attachment":[{"href":"https:\/\/danila-souvenirs.com\/de\/wp-json\/wp\/v2\/media?parent=10338"}],"wp:term":[{"taxonomy":"product_brand","embeddable":true,"href":"https:\/\/danila-souvenirs.com\/de\/wp-json\/wp\/v2\/product_brand?post=10338"},{"taxonomy":"product_cat","embeddable":true,"href":"https:\/\/danila-souvenirs.com\/de\/wp-json\/wp\/v2\/product_cat?post=10338"},{"taxonomy":"product_tag","embeddable":true,"href":"https:\/\/danila-souvenirs.com\/de\/wp-json\/wp\/v2\/product_tag?post=10338"}],"curies":[{"name":"wp","href":"https:\/\/api.w.org\/{rel}","templated":true}]}}