{"id":10336,"date":"2021-05-16T17:35:26","date_gmt":"2021-05-16T14:35:26","guid":{"rendered":"https:\/\/danila-souvenirs.com\/de\/product\/russian-writer-fyodor-dostoyevsky-marble-bust-statue-sculpture-14-cm\/"},"modified":"2023-04-10T22:52:06","modified_gmt":"2023-04-10T19:52:06","slug":"russischer-schriftsteller-fedor-dostojewski-marmor-buste-statue-skulptur-14-cm-weis-4","status":"publish","type":"product","link":"https:\/\/danila-souvenirs.com\/de\/product\/russischer-schriftsteller-fedor-dostojewski-marmor-buste-statue-skulptur-14-cm-weis-4\/?lang=fr","title":{"rendered":"buste \/ statue en marbre de l&#8217;\u00e9crivain russe Fiodor Dosto\u00efevski 14 cm"},"content":{"rendered":"<div>Mat\u00e9riau: marbre artificiel.<\/div>\n<div><\/div>\n<div>Hauteur: 14 cm.<\/div>\n<div><\/div>\n<div>Poids: 690 g.<\/div>\n<div><\/div>\n<div>Couleur: blanc.<\/div>\n<div><\/div>\n<div>Fiodor Dosto\u00efevski (11 novembre 1821 \u2013 9 f\u00e9vrier 1881) \u00e9tait un \u00e9crivain russe de romans, d&#8217;histoires et d&#8217;essais. Les \u0153uvres litt\u00e9raires de Dosto\u00efevski explorent la psychologie humaine dans le contexte politique, social et spirituel troubl\u00e9 de la Russie du XIXe si\u00e8cle. Bien que Dosto\u00efevski ait commenc\u00e9 \u00e0 \u00e9crire des livres au milieu des ann\u00e9es 1840, ses plus souvenirs sont de ses derni\u00e8res ann\u00e9es, y compris le crime et le punishment, l&#8217;Idiot et les fr\u00e8res Karamazov. Il a \u00e9crit onze romans, trois romans, dix-sept romans courts et trois essais, et a \u00e9t\u00e9 reconnu par de nombreuses critiques litt\u00e9raires comme l&#8217;un des plus grands et les plus importants psychologues dans la litt\u00e9rature universelle.<\/div>\n<div><\/div>\n","protected":false},"excerpt":{"rendered":"<p>Mat\u00e9riau: marbre artificiel. Hauteur: 14 cm. Poids: 690 g. Couleur: blanc. Fiodor Dosto\u00efevski (11 novembre 1821 \u2013 9 f\u00e9vrier 1881) \u00e9tait un \u00e9crivain russe de romans, d&#8217;histoires et d&#8217;essais. Les \u0153uvres litt\u00e9raires de Dosto\u00efevski explorent la psychologie humaine dans le contexte politique, social et spirituel troubl\u00e9 de la Russie du XIXe si\u00e8cle. Bien que Dosto\u00efevski [&hellip;]<\/p>\n","protected":false},"featured_media":6133,"comment_status":"closed","ping_status":"closed","template":"","meta":{"_et_pb_use_builder":"","_et_pb_old_content":"","_et_gb_content_width":""},"product_brand":[],"product_cat":[181,180],"product_tag":[],"class_list":{"0":"post-10336","1":"product","2":"type-product","3":"status-publish","4":"has-post-thumbnail","6":"product_cat-russian-fr","7":"product_cat-statues-fr","8":"pa_color-white-fr","10":"first","11":"instock","12":"shipping-taxable","13":"purchasable","14":"product-type-simple"},"_links":{"self":[{"href":"https:\/\/danila-souvenirs.com\/de\/wp-json\/wp\/v2\/product\/10336","targetHints":{"allow":["GET"]}}],"collection":[{"href":"https:\/\/danila-souvenirs.com\/de\/wp-json\/wp\/v2\/product"}],"about":[{"href":"https:\/\/danila-souvenirs.com\/de\/wp-json\/wp\/v2\/types\/product"}],"replies":[{"embeddable":true,"href":"https:\/\/danila-souvenirs.com\/de\/wp-json\/wp\/v2\/comments?post=10336"}],"wp:featuredmedia":[{"embeddable":true,"href":"https:\/\/danila-souvenirs.com\/de\/wp-json\/wp\/v2\/media\/6133"}],"wp:attachment":[{"href":"https:\/\/danila-souvenirs.com\/de\/wp-json\/wp\/v2\/media?parent=10336"}],"wp:term":[{"taxonomy":"product_brand","embeddable":true,"href":"https:\/\/danila-souvenirs.com\/de\/wp-json\/wp\/v2\/product_brand?post=10336"},{"taxonomy":"product_cat","embeddable":true,"href":"https:\/\/danila-souvenirs.com\/de\/wp-json\/wp\/v2\/product_cat?post=10336"},{"taxonomy":"product_tag","embeddable":true,"href":"https:\/\/danila-souvenirs.com\/de\/wp-json\/wp\/v2\/product_tag?post=10336"}],"curies":[{"name":"wp","href":"https:\/\/api.w.org\/{rel}","templated":true}]}}