{"id":10310,"date":"2021-06-10T13:13:27","date_gmt":"2021-06-10T10:13:27","guid":{"rendered":"https:\/\/danila-souvenirs.com\/de\/product\/decorative-stone-statue-figurine-sculpture-standing-black-cat-10-cm\/"},"modified":"2023-04-10T22:46:58","modified_gmt":"2023-04-10T19:46:58","slug":"dekorative-stein-skulptur-statue-figur-schwarze-katze-liegend-10-cm-4","status":"publish","type":"product","link":"https:\/\/danila-souvenirs.com\/de\/product\/dekorative-stein-skulptur-statue-figur-schwarze-katze-liegend-10-cm-4\/?lang=fr","title":{"rendered":"statuette \/ figurine d\u00e9corative en pierre de chat noir couch\u00e9 10 cm"},"content":{"rendered":"<div>Mat\u00e9riau: pierre artificielle.<\/div>\n<div><\/div>\n<div>Dimensions: 10 cm \u0445 6.5 cm x 5.5 cm.<\/div>\n<div><\/div>\n<div>Poids: 230 g.<\/div>\n<div><\/div>\n<div>Couleur: noir.<\/div>\n","protected":false},"excerpt":{"rendered":"<p>Mat\u00e9riau: pierre artificielle. Dimensions: 10 cm \u0445 6.5 cm x 5.5 cm. Poids: 230 g. Couleur: noir.<\/p>\n","protected":false},"featured_media":7001,"comment_status":"closed","ping_status":"closed","template":"","meta":{"_et_pb_use_builder":"","_et_pb_old_content":"","_et_gb_content_width":""},"product_brand":[],"product_cat":[182,179,180],"product_tag":[],"class_list":{"0":"post-10310","1":"product","2":"type-product","3":"status-publish","4":"has-post-thumbnail","6":"product_cat-animal-figurines-fr","7":"product_cat-uncategorized-fr","8":"product_cat-statues-fr","9":"pa_color-black-fr","11":"first","12":"instock","13":"shipping-taxable","14":"purchasable","15":"product-type-simple"},"_links":{"self":[{"href":"https:\/\/danila-souvenirs.com\/de\/wp-json\/wp\/v2\/product\/10310","targetHints":{"allow":["GET"]}}],"collection":[{"href":"https:\/\/danila-souvenirs.com\/de\/wp-json\/wp\/v2\/product"}],"about":[{"href":"https:\/\/danila-souvenirs.com\/de\/wp-json\/wp\/v2\/types\/product"}],"replies":[{"embeddable":true,"href":"https:\/\/danila-souvenirs.com\/de\/wp-json\/wp\/v2\/comments?post=10310"}],"wp:featuredmedia":[{"embeddable":true,"href":"https:\/\/danila-souvenirs.com\/de\/wp-json\/wp\/v2\/media\/7001"}],"wp:attachment":[{"href":"https:\/\/danila-souvenirs.com\/de\/wp-json\/wp\/v2\/media?parent=10310"}],"wp:term":[{"taxonomy":"product_brand","embeddable":true,"href":"https:\/\/danila-souvenirs.com\/de\/wp-json\/wp\/v2\/product_brand?post=10310"},{"taxonomy":"product_cat","embeddable":true,"href":"https:\/\/danila-souvenirs.com\/de\/wp-json\/wp\/v2\/product_cat?post=10310"},{"taxonomy":"product_tag","embeddable":true,"href":"https:\/\/danila-souvenirs.com\/de\/wp-json\/wp\/v2\/product_tag?post=10310"}],"curies":[{"name":"wp","href":"https:\/\/api.w.org\/{rel}","templated":true}]}}