{"id":10308,"date":"2021-09-19T19:08:33","date_gmt":"2021-09-19T16:08:33","guid":{"rendered":"https:\/\/danila-souvenirs.com\/de\/product\/russian-composer-pyotr-tchaikovsky-marble-bust-statue-sculpture-12-cm\/"},"modified":"2023-04-10T22:45:07","modified_gmt":"2023-04-10T19:45:07","slug":"russischer-komponist-pjotr-tschaikowski-marmor-buste-statue-skulptur-13-cm-weis-4","status":"publish","type":"product","link":"https:\/\/danila-souvenirs.com\/de\/product\/russischer-komponist-pjotr-tschaikowski-marmor-buste-statue-skulptur-13-cm-weis-4\/?lang=fr","title":{"rendered":"buste \/ statue en marbre du compositeur russe Piotr Tcha\u00efkovski 12 cm"},"content":{"rendered":"<div>Mat\u00e9riau\u202f: marbre artificiel.<\/div>\n<div><\/div>\n<div>Hauteur: 12 cm.<\/div>\n<div><\/div>\n<div>Poids: 230 g.<\/div>\n<div><\/div>\n<div>Couleur: blanc.<\/div>\n<div><\/div>\n<div>piotr tcha\u00efkovski (7 mai 1840\u20136 novembre 1893) \u00e9tait un compositeur russe dont les travaux fournies symphonies, concertos, op\u00e9ras, ballets, musique de chambre, et un r\u00e9glage de la chorale de la divine liturgie orthodoxe russe. Certains d&#8217;entre eux sont parmi les plus populaires au th\u00e9\u00e2tre musical dans le r\u00e9pertoire classique. Il a \u00e9t\u00e9 le premier compositeur dont la musique russe a fait une impression durable sur le plan international, dont il a soutenu avec les apparences en tant que chef invit\u00e9 plus tard dans sa carri\u00e8re en Europe et aux \u00c9tats-Unis.<\/div>\n","protected":false},"excerpt":{"rendered":"<p>Mat\u00e9riau\u202f: marbre artificiel. Hauteur: 12 cm. Poids: 230 g. Couleur: blanc. piotr tcha\u00efkovski (7 mai 1840\u20136 novembre 1893) \u00e9tait un compositeur russe dont les travaux fournies symphonies, concertos, op\u00e9ras, ballets, musique de chambre, et un r\u00e9glage de la chorale de la divine liturgie orthodoxe russe. Certains d&#8217;entre eux sont parmi les plus populaires au th\u00e9\u00e2tre [&hellip;]<\/p>\n","protected":false},"featured_media":6521,"comment_status":"closed","ping_status":"closed","template":"","meta":{"_et_pb_use_builder":"","_et_pb_old_content":"","_et_gb_content_width":""},"product_brand":[],"product_cat":[179,181,180],"product_tag":[],"class_list":{"0":"post-10308","1":"product","2":"type-product","3":"status-publish","4":"has-post-thumbnail","6":"product_cat-uncategorized-fr","7":"product_cat-russian-fr","8":"product_cat-statues-fr","9":"pa_color-white-fr","11":"first","12":"instock","13":"shipping-taxable","14":"purchasable","15":"product-type-simple"},"_links":{"self":[{"href":"https:\/\/danila-souvenirs.com\/de\/wp-json\/wp\/v2\/product\/10308","targetHints":{"allow":["GET"]}}],"collection":[{"href":"https:\/\/danila-souvenirs.com\/de\/wp-json\/wp\/v2\/product"}],"about":[{"href":"https:\/\/danila-souvenirs.com\/de\/wp-json\/wp\/v2\/types\/product"}],"replies":[{"embeddable":true,"href":"https:\/\/danila-souvenirs.com\/de\/wp-json\/wp\/v2\/comments?post=10308"}],"wp:featuredmedia":[{"embeddable":true,"href":"https:\/\/danila-souvenirs.com\/de\/wp-json\/wp\/v2\/media\/6521"}],"wp:attachment":[{"href":"https:\/\/danila-souvenirs.com\/de\/wp-json\/wp\/v2\/media?parent=10308"}],"wp:term":[{"taxonomy":"product_brand","embeddable":true,"href":"https:\/\/danila-souvenirs.com\/de\/wp-json\/wp\/v2\/product_brand?post=10308"},{"taxonomy":"product_cat","embeddable":true,"href":"https:\/\/danila-souvenirs.com\/de\/wp-json\/wp\/v2\/product_cat?post=10308"},{"taxonomy":"product_tag","embeddable":true,"href":"https:\/\/danila-souvenirs.com\/de\/wp-json\/wp\/v2\/product_tag?post=10308"}],"curies":[{"name":"wp","href":"https:\/\/api.w.org\/{rel}","templated":true}]}}