{"id":10247,"date":"2021-05-16T16:30:27","date_gmt":"2021-05-16T13:30:27","guid":{"rendered":"https:\/\/danila-souvenirs.com\/de\/product\/faberge-trans-siberian-railway-imperial-egg-trinket-jewel-box-12-5-cm-blue\/"},"modified":"2023-08-03T15:07:07","modified_gmt":"2023-08-03T12:07:07","slug":"russische-faberge-stil-ei-schmuckkastchen-transsibirische-express-eisenbahn-mit-doppelkopfiger-adler-125-cm-blau-3","status":"publish","type":"product","link":"https:\/\/danila-souvenirs.com\/de\/product\/russische-faberge-stil-ei-schmuckkastchen-transsibirische-express-eisenbahn-mit-doppelkopfiger-adler-125-cm-blau-3\/?lang=fr","title":{"rendered":"Oeuf de P\u00e2ques de style glamour \/ bo\u00eete \u00e0 bijoux Chemin de fer transsib\u00e9rien 12,5 cm, bleu"},"content":{"rendered":"<div>Mat\u00e9riel: Alliage de m\u00e9taux non ferreux, \u00e9mail.<\/div>\n<div><\/div>\n<div>Hauteur: 12,5 cm.<\/div>\n<div><\/div>\n<div>Poids: 250 g.<\/div>\n<div><\/div>\n<div>Couleur : bleu.<\/div>\n<div><\/div>\n<div>Cet \u0153uf est une r\u00e9plique du c\u00e9l\u00e8bre \u0153uf de Faberg\u00e9 de Chemin de fer transsib\u00e9rien. L&#8217;\u0153uf du Chemin de fer transsib\u00e9rien est un \u0153uf de P\u00e2ques orn\u00e9 de bijoux fabriqu\u00e9 sous la supervision du joaillier russe Peter Carl Faberg\u00e9 en 1900 pour le tsar Nicolas II de Russie. Il a \u00e9t\u00e9 offert par Nicolas II comme cadeau de P\u00e2ques \u00e0 sa femme, la tsarine Alexandra Fiodorovna. \u00c0 l&#8217;int\u00e9rieur de l&#8217;\u0153uf, vous pouvez trouver une petite figurine du train. L&#8217;oeuf peut \u00eatre utilis\u00e9 comme une bo\u00eete \u00e0 bijoux.<\/div>\n<div><\/div>\n","protected":false},"excerpt":{"rendered":"<p>Mat\u00e9riel: Alliage de m\u00e9taux non ferreux, \u00e9mail. Hauteur: 12,5 cm. Poids: 250 g. Couleur : bleu. Cet \u0153uf est une r\u00e9plique du c\u00e9l\u00e8bre \u0153uf de Faberg\u00e9 de Chemin de fer transsib\u00e9rien. L&#8217;\u0153uf du Chemin de fer transsib\u00e9rien est un \u0153uf de P\u00e2ques orn\u00e9 de bijoux fabriqu\u00e9 sous la supervision du joaillier russe Peter Carl Faberg\u00e9 [&hellip;]<\/p>\n","protected":false},"featured_media":9373,"comment_status":"closed","ping_status":"closed","template":"","meta":{"_et_pb_use_builder":"","_et_pb_old_content":"","_et_gb_content_width":""},"product_brand":[],"product_cat":[174,175,173],"product_tag":[],"class_list":{"0":"post-10247","1":"product","2":"type-product","3":"status-publish","4":"has-post-thumbnail","6":"product_cat-trinket-boxes-fr","7":"product_cat-eggs-with-surprise-fr","8":"product_cat-oeufs-de-paques","9":"pa_color-blue-fr","11":"first","12":"instock","13":"shipping-taxable","14":"purchasable","15":"product-type-simple"},"_links":{"self":[{"href":"https:\/\/danila-souvenirs.com\/de\/wp-json\/wp\/v2\/product\/10247","targetHints":{"allow":["GET"]}}],"collection":[{"href":"https:\/\/danila-souvenirs.com\/de\/wp-json\/wp\/v2\/product"}],"about":[{"href":"https:\/\/danila-souvenirs.com\/de\/wp-json\/wp\/v2\/types\/product"}],"replies":[{"embeddable":true,"href":"https:\/\/danila-souvenirs.com\/de\/wp-json\/wp\/v2\/comments?post=10247"}],"wp:featuredmedia":[{"embeddable":true,"href":"https:\/\/danila-souvenirs.com\/de\/wp-json\/wp\/v2\/media\/9373"}],"wp:attachment":[{"href":"https:\/\/danila-souvenirs.com\/de\/wp-json\/wp\/v2\/media?parent=10247"}],"wp:term":[{"taxonomy":"product_brand","embeddable":true,"href":"https:\/\/danila-souvenirs.com\/de\/wp-json\/wp\/v2\/product_brand?post=10247"},{"taxonomy":"product_cat","embeddable":true,"href":"https:\/\/danila-souvenirs.com\/de\/wp-json\/wp\/v2\/product_cat?post=10247"},{"taxonomy":"product_tag","embeddable":true,"href":"https:\/\/danila-souvenirs.com\/de\/wp-json\/wp\/v2\/product_tag?post=10247"}],"curies":[{"name":"wp","href":"https:\/\/api.w.org\/{rel}","templated":true}]}}