{"id":10242,"date":"2021-08-08T16:19:25","date_gmt":"2021-08-08T13:19:25","guid":{"rendered":"https:\/\/danila-souvenirs.com\/de\/product\/faberge-carved-egg-with-flowers-butterfly-7-cm-gold-color\/"},"modified":"2025-10-30T15:18:07","modified_gmt":"2025-10-30T12:18:07","slug":"dekorativer-russische-faberge-stil-geschnitzt-ei-mit-blumen-schmetterling-7-cm-goldfarben-3","status":"publish","type":"product","link":"https:\/\/danila-souvenirs.com\/de\/product\/dekorativer-russische-faberge-stil-geschnitzt-ei-mit-blumen-schmetterling-7-cm-goldfarben-3\/?lang=fr","title":{"rendered":"Oeuf de P\u00e2ques de style glamour sculpt\u00e9 avec fleurs et papillon 7 cm, couleur or"},"content":{"rendered":"<div>Mat\u00e9riel: Alliage de m\u00e9taux non ferreux, \u00e9mail, cristaux.<\/div>\n<div><\/div>\n<div>Hauteur: 7 cm.<\/div>\n<div><\/div>\n<div>Poids: 45 g.<\/div>\n<div><\/div>\n<div>Couleur: or.<\/div>\n<div><\/div>\n<div>A l&#8217;int\u00e9rieur de l&#8217;\u0153uf, vous pouvez trouver un petit papillon sur une fleur.<\/div>\n","protected":false},"excerpt":{"rendered":"<p>Mat\u00e9riel: Alliage de m\u00e9taux non ferreux, \u00e9mail, cristaux. Hauteur: 7 cm. Poids: 45 g. Couleur: or. A l&#8217;int\u00e9rieur de l&#8217;\u0153uf, vous pouvez trouver un petit papillon sur une fleur.<\/p>\n","protected":false},"featured_media":9329,"comment_status":"closed","ping_status":"closed","template":"","meta":{"_et_pb_use_builder":"","_et_pb_old_content":"","_et_gb_content_width":""},"product_brand":[],"product_cat":[173,177,221],"product_tag":[],"class_list":{"0":"post-10242","1":"product","2":"type-product","3":"status-publish","4":"has-post-thumbnail","6":"product_cat-oeufs-de-paques","7":"product_cat-carved-eggs-fr","8":"product_cat-floral-eggs-fr","9":"pa_color-gold-fr","11":"first","12":"instock","13":"shipping-taxable","14":"purchasable","15":"product-type-simple"},"_links":{"self":[{"href":"https:\/\/danila-souvenirs.com\/de\/wp-json\/wp\/v2\/product\/10242","targetHints":{"allow":["GET"]}}],"collection":[{"href":"https:\/\/danila-souvenirs.com\/de\/wp-json\/wp\/v2\/product"}],"about":[{"href":"https:\/\/danila-souvenirs.com\/de\/wp-json\/wp\/v2\/types\/product"}],"replies":[{"embeddable":true,"href":"https:\/\/danila-souvenirs.com\/de\/wp-json\/wp\/v2\/comments?post=10242"}],"wp:featuredmedia":[{"embeddable":true,"href":"https:\/\/danila-souvenirs.com\/de\/wp-json\/wp\/v2\/media\/9329"}],"wp:attachment":[{"href":"https:\/\/danila-souvenirs.com\/de\/wp-json\/wp\/v2\/media?parent=10242"}],"wp:term":[{"taxonomy":"product_brand","embeddable":true,"href":"https:\/\/danila-souvenirs.com\/de\/wp-json\/wp\/v2\/product_brand?post=10242"},{"taxonomy":"product_cat","embeddable":true,"href":"https:\/\/danila-souvenirs.com\/de\/wp-json\/wp\/v2\/product_cat?post=10242"},{"taxonomy":"product_tag","embeddable":true,"href":"https:\/\/danila-souvenirs.com\/de\/wp-json\/wp\/v2\/product_tag?post=10242"}],"curies":[{"name":"wp","href":"https:\/\/api.w.org\/{rel}","templated":true}]}}