{"id":10238,"date":"2021-08-01T12:17:16","date_gmt":"2021-08-01T09:17:16","guid":{"rendered":"https:\/\/danila-souvenirs.com\/de\/product\/faberge-royal-danish-egg-trinket-jewel-box-with-lions-13-cm-blue\/"},"modified":"2023-08-03T15:04:32","modified_gmt":"2023-08-03T12:04:32","slug":"faberge-stil-ei-schmuckkastchen-konigliches-danisches-ei-danisches-jubilaumsei-mit-lowen-russischen-kaiserkrone-13-cm-blau-3","status":"publish","type":"product","link":"https:\/\/danila-souvenirs.com\/de\/product\/faberge-stil-ei-schmuckkastchen-konigliches-danisches-ei-danisches-jubilaumsei-mit-lowen-russischen-kaiserkrone-13-cm-blau-3\/?lang=fr","title":{"rendered":"Oeuf de P\u00e2ques de style glamour Royal danois (Jubil\u00e9 danois) \/ bo\u00eete \u00e0 bijoux avec des lions 13 cm, bleu"},"content":{"rendered":"<div>Mat\u00e9riel: Alliage de m\u00e9taux non ferreux, \u00e9mail, cristaux.<\/div>\n<div><\/div>\n<div>Hauteur\u202f: 13 cm.<\/div>\n<div><\/div>\n<div>Poids: 200 g.<\/div>\n<div><\/div>\n<div>Couleur\u202f: bleu.<\/div>\n<div><\/div>\n<div>Cet \u0153uf est une r\u00e9plique du fameux &#8220;\u0153uf royal danois&#8221; de Faberg\u00e9. L&#8217;oeuf royal danois (\u00e9galement connu sous le nom d&#8217;oeuf danois de jubil\u00e9) est un oeuf de P\u00e2ques \u00e9maill\u00e9 fait par le bijoutier russe Peter Carl Faberg\u00e9 en 1903, pour Nicolas II de Russie, qui a pr\u00e9sent\u00e9 l&#8217;oeuf \u00e0 sa m\u00e8re, l&#8217;imp\u00e9ratrice douairi\u00e8re Maria Feodorovna. L&#8217;un des sept \u0153ufs de Faberg\u00e9 actuellement perdus, son existence n&#8217;est connue que par une seule photographie. L&#8217;oeuf peut \u00eatre utilis\u00e9 comme une bo\u00eete \u00e0 bijoux.<\/div>\n<div><\/div>\n","protected":false},"excerpt":{"rendered":"<p>Mat\u00e9riel: Alliage de m\u00e9taux non ferreux, \u00e9mail, cristaux. Hauteur\u202f: 13 cm. Poids: 200 g. Couleur\u202f: bleu. Cet \u0153uf est une r\u00e9plique du fameux &#8220;\u0153uf royal danois&#8221; de Faberg\u00e9. L&#8217;oeuf royal danois (\u00e9galement connu sous le nom d&#8217;oeuf danois de jubil\u00e9) est un oeuf de P\u00e2ques \u00e9maill\u00e9 fait par le bijoutier russe Peter Carl Faberg\u00e9 en [&hellip;]<\/p>\n","protected":false},"featured_media":9321,"comment_status":"closed","ping_status":"closed","template":"","meta":{"_et_pb_use_builder":"","_et_pb_old_content":"","_et_gb_content_width":""},"product_brand":[],"product_cat":[174,173],"product_tag":[],"class_list":{"0":"post-10238","1":"product","2":"type-product","3":"status-publish","4":"has-post-thumbnail","6":"product_cat-trinket-boxes-fr","7":"product_cat-oeufs-de-paques","8":"pa_color-blue-fr","10":"first","11":"instock","12":"shipping-taxable","13":"purchasable","14":"product-type-simple"},"_links":{"self":[{"href":"https:\/\/danila-souvenirs.com\/de\/wp-json\/wp\/v2\/product\/10238","targetHints":{"allow":["GET"]}}],"collection":[{"href":"https:\/\/danila-souvenirs.com\/de\/wp-json\/wp\/v2\/product"}],"about":[{"href":"https:\/\/danila-souvenirs.com\/de\/wp-json\/wp\/v2\/types\/product"}],"replies":[{"embeddable":true,"href":"https:\/\/danila-souvenirs.com\/de\/wp-json\/wp\/v2\/comments?post=10238"}],"wp:featuredmedia":[{"embeddable":true,"href":"https:\/\/danila-souvenirs.com\/de\/wp-json\/wp\/v2\/media\/9321"}],"wp:attachment":[{"href":"https:\/\/danila-souvenirs.com\/de\/wp-json\/wp\/v2\/media?parent=10238"}],"wp:term":[{"taxonomy":"product_brand","embeddable":true,"href":"https:\/\/danila-souvenirs.com\/de\/wp-json\/wp\/v2\/product_brand?post=10238"},{"taxonomy":"product_cat","embeddable":true,"href":"https:\/\/danila-souvenirs.com\/de\/wp-json\/wp\/v2\/product_cat?post=10238"},{"taxonomy":"product_tag","embeddable":true,"href":"https:\/\/danila-souvenirs.com\/de\/wp-json\/wp\/v2\/product_tag?post=10238"}],"curies":[{"name":"wp","href":"https:\/\/api.w.org\/{rel}","templated":true}]}}