{"id":10230,"date":"2021-05-23T12:04:23","date_gmt":"2021-05-23T09:04:23","guid":{"rendered":"https:\/\/danila-souvenirs.com\/de\/product\/faberge-egg-trinket-jewel-box-bay-tree-orange-tree-with-bird-16-cm\/"},"modified":"2025-02-12T16:41:27","modified_gmt":"2025-02-12T13:41:27","slug":"danila-souvenirs-russische-faberge-stil-ei-schmuckkastchen-lorbeerbaum-orangenbaum-mit-einem-vogel-16-cm-grun-3","status":"publish","type":"product","link":"https:\/\/danila-souvenirs.com\/de\/product\/danila-souvenirs-russische-faberge-stil-ei-schmuckkastchen-lorbeerbaum-orangenbaum-mit-einem-vogel-16-cm-grun-3\/?lang=fr","title":{"rendered":"Oeuf de P\u00e2ques de style glamour \/ bo\u00eete \u00e0 bijoux Laurier (Oranger) avec oiseau 16 cm, vert"},"content":{"rendered":"<div>Mat\u00e9riel: Alliage de m\u00e9taux non ferreux, \u00e9mail, cristaux.<\/div>\n<div><\/div>\n<div>Hauteur\u202f: 16 cm.<\/div>\n<div><\/div>\n<div>Poids\u202f: 465 g.<\/div>\n<div><\/div>\n<div>Couleur : vert.<\/div>\n<div><\/div>\n<div>Cet oeuf est une r\u00e9plique du c\u00e9l\u00e8bre \u0152uf de Faberg\u00e9 &#8220;Arbre de laurier&#8221;. L&#8217;oeuf de laurier (\u00e9galement connu sous le nom d&#8217;\u0153uf d&#8217;oranger) est un n\u00e9phrite sculpt\u00e9 et un oeuf de P\u00e2ques \u00e9maill\u00e9 fait sous la supervision du bijoutier russe Peter Carl Faberg\u00e9 en 1911, pour Nicolas II de Russie, qui a pr\u00e9sent\u00e9 l&#8217;\u0153uf \u00e0 sa m\u00e8re, l&#8217;imp\u00e9ratrice douairi\u00e8re Maria Feodorovna le 12 avril 1911. A l&#8217;int\u00e9rieur de l&#8217;arbre, vous pouvez trouver un petit oiseau. L&#8217;oeuf peut \u00eatre utilis\u00e9 comme une bo\u00eete \u00e0 bijoux.<\/div>\n<div><\/div>\n","protected":false},"excerpt":{"rendered":"<p>Mat\u00e9riel: Alliage de m\u00e9taux non ferreux, \u00e9mail, cristaux. Hauteur\u202f: 16 cm. Poids\u202f: 465 g. Couleur : vert. Cet oeuf est une r\u00e9plique du c\u00e9l\u00e8bre \u0152uf de Faberg\u00e9 &#8220;Arbre de laurier&#8221;. L&#8217;oeuf de laurier (\u00e9galement connu sous le nom d&#8217;\u0153uf d&#8217;oranger) est un n\u00e9phrite sculpt\u00e9 et un oeuf de P\u00e2ques \u00e9maill\u00e9 fait sous la supervision du [&hellip;]<\/p>\n","protected":false},"featured_media":9189,"comment_status":"closed","ping_status":"closed","template":"","meta":{"_et_pb_use_builder":"","_et_pb_old_content":"","_et_gb_content_width":""},"product_brand":[],"product_cat":[174,175,173,177,221],"product_tag":[],"class_list":{"0":"post-10230","1":"product","2":"type-product","3":"status-publish","4":"has-post-thumbnail","6":"product_cat-trinket-boxes-fr","7":"product_cat-eggs-with-surprise-fr","8":"product_cat-oeufs-de-paques","9":"product_cat-carved-eggs-fr","10":"product_cat-floral-eggs-fr","11":"pa_color-green-fr","13":"first","14":"instock","15":"shipping-taxable","16":"purchasable","17":"product-type-simple"},"_links":{"self":[{"href":"https:\/\/danila-souvenirs.com\/de\/wp-json\/wp\/v2\/product\/10230","targetHints":{"allow":["GET"]}}],"collection":[{"href":"https:\/\/danila-souvenirs.com\/de\/wp-json\/wp\/v2\/product"}],"about":[{"href":"https:\/\/danila-souvenirs.com\/de\/wp-json\/wp\/v2\/types\/product"}],"replies":[{"embeddable":true,"href":"https:\/\/danila-souvenirs.com\/de\/wp-json\/wp\/v2\/comments?post=10230"}],"wp:featuredmedia":[{"embeddable":true,"href":"https:\/\/danila-souvenirs.com\/de\/wp-json\/wp\/v2\/media\/9189"}],"wp:attachment":[{"href":"https:\/\/danila-souvenirs.com\/de\/wp-json\/wp\/v2\/media?parent=10230"}],"wp:term":[{"taxonomy":"product_brand","embeddable":true,"href":"https:\/\/danila-souvenirs.com\/de\/wp-json\/wp\/v2\/product_brand?post=10230"},{"taxonomy":"product_cat","embeddable":true,"href":"https:\/\/danila-souvenirs.com\/de\/wp-json\/wp\/v2\/product_cat?post=10230"},{"taxonomy":"product_tag","embeddable":true,"href":"https:\/\/danila-souvenirs.com\/de\/wp-json\/wp\/v2\/product_tag?post=10230"}],"curies":[{"name":"wp","href":"https:\/\/api.w.org\/{rel}","templated":true}]}}