{"id":10206,"date":"2021-12-25T21:53:59","date_gmt":"2021-12-25T18:53:59","guid":{"rendered":"https:\/\/danila-souvenirs.com\/de\/product\/faberge-twisted-egg-with-basket-of-flowers-12-cm-red\/"},"modified":"2023-08-03T14:45:39","modified_gmt":"2023-08-03T11:45:39","slug":"danila-souvenirs-russisches-faberge-stil-verdrehtes-ei-mit-blumenkorb-12-cm-rot","status":"publish","type":"product","link":"https:\/\/danila-souvenirs.com\/de\/product\/danila-souvenirs-russisches-faberge-stil-verdrehtes-ei-mit-blumenkorb-12-cm-rot\/?lang=fr","title":{"rendered":"Oeuf de P\u00e2ques de style glamour torsad\u00e9 avec panier de fleurs 12 cm, rouge"},"content":{"rendered":"<div>Mat\u00e9riel: Alliage de m\u00e9taux non ferreux, \u00e9mail, cristaux.<\/div>\n<div><\/div>\n<div>Hauteur : 12 cm.<\/div>\n<div><\/div>\n<div>Poids: 330 g.<\/div>\n<div><\/div>\n<div>Couleur : rouge.<\/div>\n<div><\/div>\n<div>\u00c0 l&#8217;int\u00e9rieur de l&#8217;\u0153uf, vous trouverez le petit panier avec des fleurs. Ce panier peut \u00eatre utilis\u00e9 comme une bo\u00eete \u00e0 bijoux.<\/div>\n","protected":false},"excerpt":{"rendered":"<p>Mat\u00e9riel: Alliage de m\u00e9taux non ferreux, \u00e9mail, cristaux. Hauteur : 12 cm. Poids: 330 g. Couleur : rouge. \u00c0 l&#8217;int\u00e9rieur de l&#8217;\u0153uf, vous trouverez le petit panier avec des fleurs. Ce panier peut \u00eatre utilis\u00e9 comme une bo\u00eete \u00e0 bijoux.<\/p>\n","protected":false},"featured_media":8893,"comment_status":"closed","ping_status":"closed","template":"","meta":{"_et_pb_use_builder":"","_et_pb_old_content":"","_et_gb_content_width":""},"product_brand":[],"product_cat":[174,175,173,221],"product_tag":[],"class_list":{"0":"post-10206","1":"product","2":"type-product","3":"status-publish","4":"has-post-thumbnail","6":"product_cat-trinket-boxes-fr","7":"product_cat-eggs-with-surprise-fr","8":"product_cat-oeufs-de-paques","9":"product_cat-floral-eggs-fr","10":"pa_color-red-fr","12":"first","13":"instock","14":"shipping-taxable","15":"purchasable","16":"product-type-simple"},"_links":{"self":[{"href":"https:\/\/danila-souvenirs.com\/de\/wp-json\/wp\/v2\/product\/10206","targetHints":{"allow":["GET"]}}],"collection":[{"href":"https:\/\/danila-souvenirs.com\/de\/wp-json\/wp\/v2\/product"}],"about":[{"href":"https:\/\/danila-souvenirs.com\/de\/wp-json\/wp\/v2\/types\/product"}],"replies":[{"embeddable":true,"href":"https:\/\/danila-souvenirs.com\/de\/wp-json\/wp\/v2\/comments?post=10206"}],"wp:featuredmedia":[{"embeddable":true,"href":"https:\/\/danila-souvenirs.com\/de\/wp-json\/wp\/v2\/media\/8893"}],"wp:attachment":[{"href":"https:\/\/danila-souvenirs.com\/de\/wp-json\/wp\/v2\/media?parent=10206"}],"wp:term":[{"taxonomy":"product_brand","embeddable":true,"href":"https:\/\/danila-souvenirs.com\/de\/wp-json\/wp\/v2\/product_brand?post=10206"},{"taxonomy":"product_cat","embeddable":true,"href":"https:\/\/danila-souvenirs.com\/de\/wp-json\/wp\/v2\/product_cat?post=10206"},{"taxonomy":"product_tag","embeddable":true,"href":"https:\/\/danila-souvenirs.com\/de\/wp-json\/wp\/v2\/product_tag?post=10206"}],"curies":[{"name":"wp","href":"https:\/\/api.w.org\/{rel}","templated":true}]}}