{"id":10203,"date":"2021-12-25T21:50:15","date_gmt":"2021-12-25T18:50:15","guid":{"rendered":"https:\/\/danila-souvenirs.com\/de\/product\/faberge-carved-egg-with-flowers-butterfly-16-5-cm-silver-color\/"},"modified":"2023-08-03T14:47:08","modified_gmt":"2023-08-03T11:47:08","slug":"russische-faberge-stil-geschnitzt-ei-mit-blumen-schmetterling-silber-farbe-17-cm-3","status":"publish","type":"product","link":"https:\/\/danila-souvenirs.com\/de\/product\/russische-faberge-stil-geschnitzt-ei-mit-blumen-schmetterling-silber-farbe-17-cm-3\/?lang=fr","title":{"rendered":"Oeuf de P\u00e2ques de style glamour sculpt\u00e9 avec fleurs et papillon 16,5 cm, couleur argent"},"content":{"rendered":"<div>Mat\u00e9riel: Alliage de m\u00e9taux non ferreux, \u00e9mail, cristaux.<\/div>\n<div><\/div>\n<div>Hauteur: 16,5 cm.<\/div>\n<div><\/div>\n<div>Poids : 265 g.<\/div>\n<div><\/div>\n<div>Couleur: argent.<\/div>\n<div><\/div>\n<div>A l&#8217;int\u00e9rieur de l&#8217;\u0153uf, vous pouvez trouver un petit papillon sur une fleur.<\/div>\n","protected":false},"excerpt":{"rendered":"<p>Mat\u00e9riel: Alliage de m\u00e9taux non ferreux, \u00e9mail, cristaux. Hauteur: 16,5 cm. Poids : 265 g. Couleur: argent. A l&#8217;int\u00e9rieur de l&#8217;\u0153uf, vous pouvez trouver un petit papillon sur une fleur.<\/p>\n","protected":false},"featured_media":8721,"comment_status":"closed","ping_status":"closed","template":"","meta":{"_et_pb_use_builder":"","_et_pb_old_content":"","_et_gb_content_width":""},"product_brand":[],"product_cat":[175,173,177,221],"product_tag":[],"class_list":{"0":"post-10203","1":"product","2":"type-product","3":"status-publish","4":"has-post-thumbnail","6":"product_cat-eggs-with-surprise-fr","7":"product_cat-oeufs-de-paques","8":"product_cat-carved-eggs-fr","9":"product_cat-floral-eggs-fr","10":"pa_color-silver-fr","12":"first","13":"instock","14":"shipping-taxable","15":"purchasable","16":"product-type-simple"},"_links":{"self":[{"href":"https:\/\/danila-souvenirs.com\/de\/wp-json\/wp\/v2\/product\/10203","targetHints":{"allow":["GET"]}}],"collection":[{"href":"https:\/\/danila-souvenirs.com\/de\/wp-json\/wp\/v2\/product"}],"about":[{"href":"https:\/\/danila-souvenirs.com\/de\/wp-json\/wp\/v2\/types\/product"}],"replies":[{"embeddable":true,"href":"https:\/\/danila-souvenirs.com\/de\/wp-json\/wp\/v2\/comments?post=10203"}],"wp:featuredmedia":[{"embeddable":true,"href":"https:\/\/danila-souvenirs.com\/de\/wp-json\/wp\/v2\/media\/8721"}],"wp:attachment":[{"href":"https:\/\/danila-souvenirs.com\/de\/wp-json\/wp\/v2\/media?parent=10203"}],"wp:term":[{"taxonomy":"product_brand","embeddable":true,"href":"https:\/\/danila-souvenirs.com\/de\/wp-json\/wp\/v2\/product_brand?post=10203"},{"taxonomy":"product_cat","embeddable":true,"href":"https:\/\/danila-souvenirs.com\/de\/wp-json\/wp\/v2\/product_cat?post=10203"},{"taxonomy":"product_tag","embeddable":true,"href":"https:\/\/danila-souvenirs.com\/de\/wp-json\/wp\/v2\/product_tag?post=10203"}],"curies":[{"name":"wp","href":"https:\/\/api.w.org\/{rel}","templated":true}]}}