{"id":10197,"date":"2021-12-25T21:47:08","date_gmt":"2021-12-25T18:47:08","guid":{"rendered":"https:\/\/danila-souvenirs.com\/de\/product\/faberge-music-egg-trinket-jewel-box-with-basket-of-flowers-17-cm-blue\/"},"modified":"2023-09-27T14:42:37","modified_gmt":"2023-09-27T11:42:37","slug":"danila-souvenirs-russische-faberge-stil-ei-spieluhr-schmuckkastchen-mit-korb-der-blumen-17-cm-blau-3","status":"publish","type":"product","link":"https:\/\/danila-souvenirs.com\/de\/product\/danila-souvenirs-russische-faberge-stil-ei-spieluhr-schmuckkastchen-mit-korb-der-blumen-17-cm-blau-3\/?lang=fr","title":{"rendered":"Oeuf de P\u00e2ques de style glamour \/ bo\u00eete \u00e0 musique \/ bo\u00eete \u00e0 bijoux avec panier de fleurs 17 cm, bleu"},"content":{"rendered":"<div>Mat\u00e9riel: Alliage de m\u00e9taux non ferreux, \u00e9mail, cristaux.<\/div>\n<div><\/div>\n<div>Hauteur: 17 cm.<\/div>\n<div><\/div>\n<div>Poids: 885 g.<\/div>\n<div><\/div>\n<div>Couleur: bleu.<\/div>\n<div><\/div>\n<div>A l&#8217;int\u00e9rieur de l&#8217;\u0153uf, vous pouvez trouver le petit panier de fleurs. Cette figurine peut \u00eatre utilis\u00e9e comme une petite bo\u00eete \u00e0 bijoux. Cet \u0153uf est une bo\u00eete \u00e0 musique.<\/div>\n","protected":false},"excerpt":{"rendered":"<p>Mat\u00e9riel: Alliage de m\u00e9taux non ferreux, \u00e9mail, cristaux. Hauteur: 17 cm. Poids: 885 g. Couleur: bleu. A l&#8217;int\u00e9rieur de l&#8217;\u0153uf, vous pouvez trouver le petit panier de fleurs. Cette figurine peut \u00eatre utilis\u00e9e comme une petite bo\u00eete \u00e0 bijoux. Cet \u0153uf est une bo\u00eete \u00e0 musique.<\/p>\n","protected":false},"featured_media":8569,"comment_status":"closed","ping_status":"closed","template":"","meta":{"_et_pb_use_builder":"","_et_pb_old_content":"","_et_gb_content_width":""},"product_brand":[],"product_cat":[174,178,175,173,221],"product_tag":[],"class_list":{"0":"post-10197","1":"product","2":"type-product","3":"status-publish","4":"has-post-thumbnail","6":"product_cat-trinket-boxes-fr","7":"product_cat-music-boxes-fr","8":"product_cat-eggs-with-surprise-fr","9":"product_cat-oeufs-de-paques","10":"product_cat-floral-eggs-fr","11":"pa_color-blue-fr","13":"first","14":"instock","15":"shipping-taxable","16":"purchasable","17":"product-type-simple"},"_links":{"self":[{"href":"https:\/\/danila-souvenirs.com\/de\/wp-json\/wp\/v2\/product\/10197","targetHints":{"allow":["GET"]}}],"collection":[{"href":"https:\/\/danila-souvenirs.com\/de\/wp-json\/wp\/v2\/product"}],"about":[{"href":"https:\/\/danila-souvenirs.com\/de\/wp-json\/wp\/v2\/types\/product"}],"replies":[{"embeddable":true,"href":"https:\/\/danila-souvenirs.com\/de\/wp-json\/wp\/v2\/comments?post=10197"}],"wp:featuredmedia":[{"embeddable":true,"href":"https:\/\/danila-souvenirs.com\/de\/wp-json\/wp\/v2\/media\/8569"}],"wp:attachment":[{"href":"https:\/\/danila-souvenirs.com\/de\/wp-json\/wp\/v2\/media?parent=10197"}],"wp:term":[{"taxonomy":"product_brand","embeddable":true,"href":"https:\/\/danila-souvenirs.com\/de\/wp-json\/wp\/v2\/product_brand?post=10197"},{"taxonomy":"product_cat","embeddable":true,"href":"https:\/\/danila-souvenirs.com\/de\/wp-json\/wp\/v2\/product_cat?post=10197"},{"taxonomy":"product_tag","embeddable":true,"href":"https:\/\/danila-souvenirs.com\/de\/wp-json\/wp\/v2\/product_tag?post=10197"}],"curies":[{"name":"wp","href":"https:\/\/api.w.org\/{rel}","templated":true}]}}