{"id":10175,"date":"2021-12-26T19:57:20","date_gmt":"2021-12-26T16:57:20","guid":{"rendered":"https:\/\/danila-souvenirs.com\/de\/product\/faberge-rosebud-egg-trinket-jewel-box-with-flower-pendant-9-5-cm-pink\/"},"modified":"2023-08-03T14:40:41","modified_gmt":"2023-08-03T11:40:41","slug":"russische-faberge-stil-ei-schmuckkastchen-rosenknospe-mit-blume-95-cm-rosa","status":"publish","type":"product","link":"https:\/\/danila-souvenirs.com\/de\/product\/russische-faberge-stil-ei-schmuckkastchen-rosenknospe-mit-blume-95-cm-rosa\/?lang=fr","title":{"rendered":"Oeuf de P\u00e2ques de style glamour \/ bo\u00eete \u00e0 bijoux Bouton de rose avec fleur et pendentif 9,5 cm, rose"},"content":{"rendered":"<div>Mat\u00e9riel: Alliage de m\u00e9taux non ferreux, \u00e9mail, cristaux.<\/div>\n<div><\/div>\n<div>Hauteur : 9,5 cm (avec support), 7 cm (le \u0153uf lui-m\u00eame).<\/div>\n<div><\/div>\n<div>Poids : 290 g.<\/div>\n<div><\/div>\n<div>Couleur : rose.<\/div>\n<div><\/div>\n<div>Cet \u0153uf est une r\u00e9plique du c\u00e9l\u00e8bre oeuf Faberg\u00e9 de Bouton de Rose. L&#8217;oeuf de Bouton de Rose est un oeuf de P\u00e2ques \u00e9maill\u00e9 par bijoux fait par Michael Perchin sous la surveillance du bijoutier russe Peter Carl Faberg\u00e9 en 1895, pour Nicholas II de la Russie, qui a pr\u00e9sent\u00e9 l&#8217;oeuf \u00e0 son \u00e9pouse, l&#8217;imp\u00e9ratrice Alexandra Feodorovna. C&#8217;\u00e9tait le premier \u0153uf que Nicholas a pr\u00e9sent\u00e9 \u00e0 Alexandra. \u00c0 l&#8217;int\u00e9rieur de l&#8217;\u0153uf, vous pouvez trouver une petite fleur avec pendentif et cha\u00eene. L&#8217;oeuf peut \u00eatre utilis\u00e9 comme une bo\u00eete \u00e0 bijoux.<\/div>\n<div><\/div>\n<p>&nbsp;<\/p>\n","protected":false},"excerpt":{"rendered":"<p>Mat\u00e9riel: Alliage de m\u00e9taux non ferreux, \u00e9mail, cristaux. Hauteur : 9,5 cm (avec support), 7 cm (le \u0153uf lui-m\u00eame). Poids : 290 g. Couleur : rose. Cet \u0153uf est une r\u00e9plique du c\u00e9l\u00e8bre oeuf Faberg\u00e9 de Bouton de Rose. L&#8217;oeuf de Bouton de Rose est un oeuf de P\u00e2ques \u00e9maill\u00e9 par bijoux fait par Michael [&hellip;]<\/p>\n","protected":false},"featured_media":8505,"comment_status":"closed","ping_status":"closed","template":"","meta":{"_et_pb_use_builder":"","_et_pb_old_content":"","_et_gb_content_width":""},"product_brand":[],"product_cat":[174,175,173,221],"product_tag":[],"class_list":{"0":"post-10175","1":"product","2":"type-product","3":"status-publish","4":"has-post-thumbnail","6":"product_cat-trinket-boxes-fr","7":"product_cat-eggs-with-surprise-fr","8":"product_cat-oeufs-de-paques","9":"product_cat-floral-eggs-fr","10":"pa_color-pink-fr","12":"first","13":"instock","14":"shipping-taxable","15":"purchasable","16":"product-type-simple"},"_links":{"self":[{"href":"https:\/\/danila-souvenirs.com\/de\/wp-json\/wp\/v2\/product\/10175","targetHints":{"allow":["GET"]}}],"collection":[{"href":"https:\/\/danila-souvenirs.com\/de\/wp-json\/wp\/v2\/product"}],"about":[{"href":"https:\/\/danila-souvenirs.com\/de\/wp-json\/wp\/v2\/types\/product"}],"replies":[{"embeddable":true,"href":"https:\/\/danila-souvenirs.com\/de\/wp-json\/wp\/v2\/comments?post=10175"}],"wp:featuredmedia":[{"embeddable":true,"href":"https:\/\/danila-souvenirs.com\/de\/wp-json\/wp\/v2\/media\/8505"}],"wp:attachment":[{"href":"https:\/\/danila-souvenirs.com\/de\/wp-json\/wp\/v2\/media?parent=10175"}],"wp:term":[{"taxonomy":"product_brand","embeddable":true,"href":"https:\/\/danila-souvenirs.com\/de\/wp-json\/wp\/v2\/product_brand?post=10175"},{"taxonomy":"product_cat","embeddable":true,"href":"https:\/\/danila-souvenirs.com\/de\/wp-json\/wp\/v2\/product_cat?post=10175"},{"taxonomy":"product_tag","embeddable":true,"href":"https:\/\/danila-souvenirs.com\/de\/wp-json\/wp\/v2\/product_tag?post=10175"}],"curies":[{"name":"wp","href":"https:\/\/api.w.org\/{rel}","templated":true}]}}