{"id":10161,"date":"2021-08-08T16:09:59","date_gmt":"2021-08-08T13:09:59","guid":{"rendered":"https:\/\/danila-souvenirs.com\/de\/product\/faberge-imperial-coronation-egg-trinket-jewel-box-with-carriage-6-5-cm-yellow\/"},"modified":"2025-02-12T16:41:27","modified_gmt":"2025-02-12T13:41:27","slug":"russische-faberge-stil-ei-schmuckkastchen-kronungs-ei-mit-kutsche-doppelkopfiger-adler-65-cm-gelb-3","status":"publish","type":"product","link":"https:\/\/danila-souvenirs.com\/de\/product\/russische-faberge-stil-ei-schmuckkastchen-kronungs-ei-mit-kutsche-doppelkopfiger-adler-65-cm-gelb-3\/?lang=fr","title":{"rendered":"Oeuf de P\u00e2ques de style glamour de couronnement \/ bo\u00eete \u00e0 bijoux avec carrosse 6,5 cm, jaune"},"content":{"rendered":"<div>Mat\u00e9riel: Alliage de m\u00e9taux non ferreux, \u00e9mail, cristaux.<\/div>\n<div><\/div>\n<div>Hauteur: 6,5 cm.<\/div>\n<div><\/div>\n<div>Poids: 125 g.<\/div>\n<div><\/div>\n<div>Couleur: jaune.<\/div>\n<div><\/div>\n<div>Cet oeuf est une r\u00e9plique du c\u00e9l\u00e8bre oeuf Faberg\u00e9 Imp\u00e9rial de couronnement. L&#8217;oeuf imp\u00e9rial de couronnement est un oeuf de Faberg\u00e9 bijou fait sous la surveillance du bijoutier russe Peter Carl Faberg\u00e9 en 1897 par les ateliers de Faberg\u00e9, Mikhail Perkhin et Henrik Wigstrom. L&#8217;oeuf a \u00e9t\u00e9 fait pour comm\u00e9morer Tsaritsa, l&#8217;imp\u00e9ratrice Alexandra Fyodorovna. \u00c0 l&#8217;int\u00e9rieur de l&#8217;\u0153uf, vous pouvez trouver une petite voiture. L&#8217;oeuf peut \u00eatre utilis\u00e9 comme une bo\u00eete \u00e0 bijoux.<\/div>\n","protected":false},"excerpt":{"rendered":"<p>Mat\u00e9riel: Alliage de m\u00e9taux non ferreux, \u00e9mail, cristaux. Hauteur: 6,5 cm. Poids: 125 g. Couleur: jaune. Cet oeuf est une r\u00e9plique du c\u00e9l\u00e8bre oeuf Faberg\u00e9 Imp\u00e9rial de couronnement. L&#8217;oeuf imp\u00e9rial de couronnement est un oeuf de Faberg\u00e9 bijou fait sous la surveillance du bijoutier russe Peter Carl Faberg\u00e9 en 1897 par les ateliers de Faberg\u00e9, [&hellip;]<\/p>\n","protected":false},"featured_media":9461,"comment_status":"closed","ping_status":"closed","template":"","meta":{"_et_pb_use_builder":"","_et_pb_old_content":"","_et_gb_content_width":""},"product_brand":[],"product_cat":[174,175,173],"product_tag":[],"class_list":{"0":"post-10161","1":"product","2":"type-product","3":"status-publish","4":"has-post-thumbnail","6":"product_cat-trinket-boxes-fr","7":"product_cat-eggs-with-surprise-fr","8":"product_cat-oeufs-de-paques","9":"pa_color-yellow-fr","11":"first","12":"instock","13":"shipping-taxable","14":"purchasable","15":"product-type-simple"},"_links":{"self":[{"href":"https:\/\/danila-souvenirs.com\/de\/wp-json\/wp\/v2\/product\/10161","targetHints":{"allow":["GET"]}}],"collection":[{"href":"https:\/\/danila-souvenirs.com\/de\/wp-json\/wp\/v2\/product"}],"about":[{"href":"https:\/\/danila-souvenirs.com\/de\/wp-json\/wp\/v2\/types\/product"}],"replies":[{"embeddable":true,"href":"https:\/\/danila-souvenirs.com\/de\/wp-json\/wp\/v2\/comments?post=10161"}],"wp:featuredmedia":[{"embeddable":true,"href":"https:\/\/danila-souvenirs.com\/de\/wp-json\/wp\/v2\/media\/9461"}],"wp:attachment":[{"href":"https:\/\/danila-souvenirs.com\/de\/wp-json\/wp\/v2\/media?parent=10161"}],"wp:term":[{"taxonomy":"product_brand","embeddable":true,"href":"https:\/\/danila-souvenirs.com\/de\/wp-json\/wp\/v2\/product_brand?post=10161"},{"taxonomy":"product_cat","embeddable":true,"href":"https:\/\/danila-souvenirs.com\/de\/wp-json\/wp\/v2\/product_cat?post=10161"},{"taxonomy":"product_tag","embeddable":true,"href":"https:\/\/danila-souvenirs.com\/de\/wp-json\/wp\/v2\/product_tag?post=10161"}],"curies":[{"name":"wp","href":"https:\/\/api.w.org\/{rel}","templated":true}]}}