{"id":10150,"date":"2021-08-08T15:58:31","date_gmt":"2021-08-08T12:58:31","guid":{"rendered":"https:\/\/danila-souvenirs.com\/de\/product\/faberge-egg-trinket-jewel-box-lilies-of-the-valley-8-5-cm-pink\/"},"modified":"2023-08-03T14:59:16","modified_gmt":"2023-08-03T11:59:16","slug":"russische-faberge-stil-ei-schmuckkastchen-maiglockchen-mit-russischen-kaiserkrone-blumen-85-cm-rosa-2","status":"publish","type":"product","link":"https:\/\/danila-souvenirs.com\/de\/product\/russische-faberge-stil-ei-schmuckkastchen-maiglockchen-mit-russischen-kaiserkrone-blumen-85-cm-rosa-2\/?lang=fr","title":{"rendered":"Oeuf de P\u00e2ques de style glamour \/ bo\u00eete \u00e0 bijoux Lys de la vall\u00e9e (Muguet) avec couronne 8,5 cm, rose"},"content":{"rendered":"<div>Mat\u00e9riel: Alliage de m\u00e9taux non ferreux, \u00e9mail, cristaux.<\/div>\n<div><\/div>\n<div>Hauteur: 8,5 cm.<\/div>\n<div><\/div>\n<div>Poids: 170 g.<\/div>\n<div><\/div>\n<div>Couleur: rose.<\/div>\n<div><\/div>\n<div>Cet oeuf est une r\u00e9plique du c\u00e9l\u00e8bre Oeuf de Muguet de Faberg\u00e9.<\/div>\n<div>L&#8217;Oeuf de Muguet est un \u0153uf Faberg\u00e9 bijou fabriqu\u00e9 sous la supervision du joaillier russe Peter Carl Faberg\u00e9 en 1898 par les ateliers Faberg\u00e9. L&#8217;orf\u00e8vre superviseur \u00e9tait Michael Perchin. L&#8217;\u0153uf est l&#8217;un des deux \u0153ufs du style Art nouveau. Il a \u00e9t\u00e9 pr\u00e9sent\u00e9 le 5 avril \u00e0 l&#8217;empereur Nicolas II, qui l&#8217;a offert en cadeau \u00e0 l&#8217;imp\u00e9ratrice Alexandra Fiodorovna. L&#8217;oeuf peut \u00eatre utilis\u00e9 comme une bo\u00eete \u00e0 bijoux.<\/div>\n<div><\/div>\n","protected":false},"excerpt":{"rendered":"<p>Mat\u00e9riel: Alliage de m\u00e9taux non ferreux, \u00e9mail, cristaux. Hauteur: 8,5 cm. Poids: 170 g. Couleur: rose. Cet oeuf est une r\u00e9plique du c\u00e9l\u00e8bre Oeuf de Muguet de Faberg\u00e9. L&#8217;Oeuf de Muguet est un \u0153uf Faberg\u00e9 bijou fabriqu\u00e9 sous la supervision du joaillier russe Peter Carl Faberg\u00e9 en 1898 par les ateliers Faberg\u00e9. L&#8217;orf\u00e8vre superviseur \u00e9tait [&hellip;]<\/p>\n","protected":false},"featured_media":9497,"comment_status":"closed","ping_status":"closed","template":"","meta":{"_et_pb_use_builder":"","_et_pb_old_content":"","_et_gb_content_width":""},"product_brand":[],"product_cat":[174,173,221],"product_tag":[],"class_list":{"0":"post-10150","1":"product","2":"type-product","3":"status-publish","4":"has-post-thumbnail","6":"product_cat-trinket-boxes-fr","7":"product_cat-oeufs-de-paques","8":"product_cat-floral-eggs-fr","9":"pa_color-pink-fr","11":"first","12":"instock","13":"shipping-taxable","14":"purchasable","15":"product-type-simple"},"_links":{"self":[{"href":"https:\/\/danila-souvenirs.com\/de\/wp-json\/wp\/v2\/product\/10150","targetHints":{"allow":["GET"]}}],"collection":[{"href":"https:\/\/danila-souvenirs.com\/de\/wp-json\/wp\/v2\/product"}],"about":[{"href":"https:\/\/danila-souvenirs.com\/de\/wp-json\/wp\/v2\/types\/product"}],"replies":[{"embeddable":true,"href":"https:\/\/danila-souvenirs.com\/de\/wp-json\/wp\/v2\/comments?post=10150"}],"wp:featuredmedia":[{"embeddable":true,"href":"https:\/\/danila-souvenirs.com\/de\/wp-json\/wp\/v2\/media\/9497"}],"wp:attachment":[{"href":"https:\/\/danila-souvenirs.com\/de\/wp-json\/wp\/v2\/media?parent=10150"}],"wp:term":[{"taxonomy":"product_brand","embeddable":true,"href":"https:\/\/danila-souvenirs.com\/de\/wp-json\/wp\/v2\/product_brand?post=10150"},{"taxonomy":"product_cat","embeddable":true,"href":"https:\/\/danila-souvenirs.com\/de\/wp-json\/wp\/v2\/product_cat?post=10150"},{"taxonomy":"product_tag","embeddable":true,"href":"https:\/\/danila-souvenirs.com\/de\/wp-json\/wp\/v2\/product_tag?post=10150"}],"curies":[{"name":"wp","href":"https:\/\/api.w.org\/{rel}","templated":true}]}}