{"id":10145,"date":"2021-08-08T14:41:38","date_gmt":"2021-08-08T11:41:38","guid":{"rendered":"https:\/\/danila-souvenirs.com\/de\/product\/faberge-egg-spring-flowers-with-basket-of-flowers-8-5-cm-pink\/"},"modified":"2023-08-03T14:59:32","modified_gmt":"2023-08-03T11:59:32","slug":"russische-faberge-stil-ei-fruhlingsblumen-mit-korb-der-blumen-85-cm-rosa","status":"publish","type":"product","link":"https:\/\/danila-souvenirs.com\/de\/product\/russische-faberge-stil-ei-fruhlingsblumen-mit-korb-der-blumen-85-cm-rosa\/?lang=fr","title":{"rendered":"Oeuf de P\u00e2ques de style glamour Fleurs de printemps avec panier 8,5 cm, rose"},"content":{"rendered":"<div>Mat\u00e9riel: Alliage de m\u00e9taux non ferreux, \u00e9mail, cristaux.<\/div>\n<div><\/div>\n<div>Hauteur : 8,5 cm.<\/div>\n<div><\/div>\n<div>Poids : 150 g.<\/div>\n<div><\/div>\n<div>Couleur : rose.<\/div>\n<div><\/div>\n<div>Cet oeuf est une r\u00e9plique du c\u00e9l\u00e8bre oeuf Faberg\u00e9 Fleurs de printemps. L&#8217;Oeuf &#8220;Fleurs de Printemps&#8221;, parfois d\u00e9sign\u00e9 sous le nom d&#8217;oeuf imp\u00e9rial &#8220;Fleurs de Printemps&#8221;, a \u00e9t\u00e9 consid\u00e9r\u00e9 comme l&#8217;un des \u0153ufs imp\u00e9riaux de P\u00e2ques attribu\u00e9s \u00e0 Peter Carl Faberg\u00e9. S&#8217;il s&#8217;agissait d&#8217;un authentique oeuf imp\u00e9rial, l&#8217;oeuf &#8220;Fleurs de Printemps&#8221; aurait \u00e9t\u00e9 le premier de la s\u00e9rie des &#8220;oeufs de fleurs&#8221; et aurait \u00e9t\u00e9 cr\u00e9\u00e9 entre 1885 et 1890. \u00c0 l&#8217;int\u00e9rieur de l&#8217;\u0153uf, vous pouvez trouver un petit panier de fleurs.<\/div>\n<div><\/div>\n<p>&nbsp;<\/p>\n","protected":false},"excerpt":{"rendered":"<p>Mat\u00e9riel: Alliage de m\u00e9taux non ferreux, \u00e9mail, cristaux. Hauteur : 8,5 cm. Poids : 150 g. Couleur : rose. Cet oeuf est une r\u00e9plique du c\u00e9l\u00e8bre oeuf Faberg\u00e9 Fleurs de printemps. L&#8217;Oeuf &#8220;Fleurs de Printemps&#8221;, parfois d\u00e9sign\u00e9 sous le nom d&#8217;oeuf imp\u00e9rial &#8220;Fleurs de Printemps&#8221;, a \u00e9t\u00e9 consid\u00e9r\u00e9 comme l&#8217;un des \u0153ufs imp\u00e9riaux de P\u00e2ques [&hellip;]<\/p>\n","protected":false},"featured_media":9345,"comment_status":"closed","ping_status":"closed","template":"","meta":{"_et_pb_use_builder":"","_et_pb_old_content":"","_et_gb_content_width":""},"product_brand":[],"product_cat":[175,173,221],"product_tag":[],"class_list":{"0":"post-10145","1":"product","2":"type-product","3":"status-publish","4":"has-post-thumbnail","6":"product_cat-eggs-with-surprise-fr","7":"product_cat-oeufs-de-paques","8":"product_cat-floral-eggs-fr","9":"pa_color-pink-fr","11":"first","12":"instock","13":"shipping-taxable","14":"purchasable","15":"product-type-simple"},"_links":{"self":[{"href":"https:\/\/danila-souvenirs.com\/de\/wp-json\/wp\/v2\/product\/10145","targetHints":{"allow":["GET"]}}],"collection":[{"href":"https:\/\/danila-souvenirs.com\/de\/wp-json\/wp\/v2\/product"}],"about":[{"href":"https:\/\/danila-souvenirs.com\/de\/wp-json\/wp\/v2\/types\/product"}],"replies":[{"embeddable":true,"href":"https:\/\/danila-souvenirs.com\/de\/wp-json\/wp\/v2\/comments?post=10145"}],"wp:featuredmedia":[{"embeddable":true,"href":"https:\/\/danila-souvenirs.com\/de\/wp-json\/wp\/v2\/media\/9345"}],"wp:attachment":[{"href":"https:\/\/danila-souvenirs.com\/de\/wp-json\/wp\/v2\/media?parent=10145"}],"wp:term":[{"taxonomy":"product_brand","embeddable":true,"href":"https:\/\/danila-souvenirs.com\/de\/wp-json\/wp\/v2\/product_brand?post=10145"},{"taxonomy":"product_cat","embeddable":true,"href":"https:\/\/danila-souvenirs.com\/de\/wp-json\/wp\/v2\/product_cat?post=10145"},{"taxonomy":"product_tag","embeddable":true,"href":"https:\/\/danila-souvenirs.com\/de\/wp-json\/wp\/v2\/product_tag?post=10145"}],"curies":[{"name":"wp","href":"https:\/\/api.w.org\/{rel}","templated":true}]}}