{"id":10137,"date":"2021-10-20T13:35:13","date_gmt":"2021-10-20T10:35:13","guid":{"rendered":"https:\/\/danila-souvenirs.com\/de\/product\/faberge-egg-trinket-jewel-box-with-emperors-crown-6-5-cm-red\/"},"modified":"2023-11-24T19:18:18","modified_gmt":"2023-11-24T16:18:18","slug":"russische-faberge-stil-ei-schmuckkastchen-mit-russischen-kaiserkrone-65-cm-rot-3","status":"publish","type":"product","link":"https:\/\/danila-souvenirs.com\/de\/product\/russische-faberge-stil-ei-schmuckkastchen-mit-russischen-kaiserkrone-65-cm-rot-3\/?lang=fr","title":{"rendered":"Oeuf C\u00f4tel\u00e9 de P\u00e2ques de style glamour \/ bo\u00eete \u00e0 bijoux avec couronne 6,5 cm rouge"},"content":{"rendered":"<div>\n<div>Mat\u00e9riel: Alliage de m\u00e9taux non ferreux, \u00e9mail.<\/div>\n<div><\/div>\n<div>Hauteur : 6,5 cm.<\/div>\n<div><\/div>\n<div>Poids : 80 g.<\/div>\n<div><\/div>\n<div>Couleur : rouge.<\/div>\n<\/div>\n<div><\/div>\n<div>\n<div>Cet \u0153uf est une r\u00e9plique de l&#8217;\u0153uf C\u00f4tel\u00e9 de Faberg\u00e9.<\/div>\n<div><\/div>\n<div>L&#8217;\u0153uf C\u00f4tel\u00e9 Faberg\u00e9 a \u00e9t\u00e9 fabriqu\u00e9 par la soci\u00e9t\u00e9 de Karl Faberg\u00e9 entre 1885 et 1891. Il n&#8217;y a pas de donn\u00e9es sur le client et le premier propri\u00e9taire.<\/div>\n<div><\/div>\n<div>Une petite r\u00e9plique de la couronne imp\u00e9riale est situ\u00e9e sur le dessus de l&#8217;\u0153uf.<\/div>\n<div><\/div>\n<div>L&#8217;oeuf peut \u00eatre utilis\u00e9 comme une bo\u00eete \u00e0 bijoux.<\/div>\n<\/div>\n","protected":false},"excerpt":{"rendered":"<p>Mat\u00e9riel: Alliage de m\u00e9taux non ferreux, \u00e9mail. Hauteur : 6,5 cm. Poids : 80 g. Couleur : rouge. Cet \u0153uf est une r\u00e9plique de l&#8217;\u0153uf C\u00f4tel\u00e9 de Faberg\u00e9. L&#8217;\u0153uf C\u00f4tel\u00e9 Faberg\u00e9 a \u00e9t\u00e9 fabriqu\u00e9 par la soci\u00e9t\u00e9 de Karl Faberg\u00e9 entre 1885 et 1891. Il n&#8217;y a pas de donn\u00e9es sur le client et le [&hellip;]<\/p>\n","protected":false},"featured_media":9713,"comment_status":"closed","ping_status":"closed","template":"","meta":{"_et_pb_use_builder":"","_et_pb_old_content":"","_et_gb_content_width":""},"product_brand":[],"product_cat":[174,173],"product_tag":[],"class_list":{"0":"post-10137","1":"product","2":"type-product","3":"status-publish","4":"has-post-thumbnail","6":"product_cat-trinket-boxes-fr","7":"product_cat-oeufs-de-paques","8":"pa_color-red-fr","10":"first","11":"instock","12":"shipping-taxable","13":"purchasable","14":"product-type-simple"},"_links":{"self":[{"href":"https:\/\/danila-souvenirs.com\/de\/wp-json\/wp\/v2\/product\/10137","targetHints":{"allow":["GET"]}}],"collection":[{"href":"https:\/\/danila-souvenirs.com\/de\/wp-json\/wp\/v2\/product"}],"about":[{"href":"https:\/\/danila-souvenirs.com\/de\/wp-json\/wp\/v2\/types\/product"}],"replies":[{"embeddable":true,"href":"https:\/\/danila-souvenirs.com\/de\/wp-json\/wp\/v2\/comments?post=10137"}],"wp:featuredmedia":[{"embeddable":true,"href":"https:\/\/danila-souvenirs.com\/de\/wp-json\/wp\/v2\/media\/9713"}],"wp:attachment":[{"href":"https:\/\/danila-souvenirs.com\/de\/wp-json\/wp\/v2\/media?parent=10137"}],"wp:term":[{"taxonomy":"product_brand","embeddable":true,"href":"https:\/\/danila-souvenirs.com\/de\/wp-json\/wp\/v2\/product_brand?post=10137"},{"taxonomy":"product_cat","embeddable":true,"href":"https:\/\/danila-souvenirs.com\/de\/wp-json\/wp\/v2\/product_cat?post=10137"},{"taxonomy":"product_tag","embeddable":true,"href":"https:\/\/danila-souvenirs.com\/de\/wp-json\/wp\/v2\/product_tag?post=10137"}],"curies":[{"name":"wp","href":"https:\/\/api.w.org\/{rel}","templated":true}]}}