{"id":10129,"date":"2022-01-06T19:14:30","date_gmt":"2022-01-06T16:14:30","guid":{"rendered":"https:\/\/danila-souvenirs.com\/de\/product\/faberge-alexander-palace-egg-trinket-jewel-box-14-cm-red\/"},"modified":"2023-08-03T14:35:40","modified_gmt":"2023-08-03T11:35:40","slug":"russische-faberge-stil-ei-schmuckkastchen-alexanderpalast-15-cm-rot","status":"publish","type":"product","link":"https:\/\/danila-souvenirs.com\/de\/product\/russische-faberge-stil-ei-schmuckkastchen-alexanderpalast-15-cm-rot\/?lang=fr","title":{"rendered":"Oeuf de P\u00e2ques de style glamour \/ bo\u00eete \u00e0 bijoux Palais Alexandre 14 cm, rouge"},"content":{"rendered":"<div>Mat\u00e9riel: Alliage de m\u00e9taux non ferreux, \u00e9mail, cristaux.<\/div>\n<div><\/div>\n<div>Hauteur : 14 cm.<\/div>\n<div><\/div>\n<div>Poids : 480 g.<\/div>\n<div><\/div>\n<div>Couleur : rouge.<\/div>\n<div><\/div>\n<div>Cet \u0153uf est une r\u00e9plique du c\u00e9l\u00e8bre \u0153uf Palais Alexandre Faberg\u00e9.<\/div>\n<div>L&#8217;\u0153uf Alexander Palace est un \u0153uf de P\u00e2ques orn\u00e9 de bijoux fabriqu\u00e9 sous la supervision du joaillier russe Peter Carl Faberg\u00e9 en 1908, pour le tsar de Russie de l&#8217;\u00e9poque, Nicolas II. Nicholas l&#8217;a offert comme cadeau de P\u00e2ques \u00e0 sa femme, Alexandra Fyodorovna.<\/div>\n<div>\u00c0 l&#8217;int\u00e9rieur de l&#8217;\u0153uf, vous trouverez la petite r\u00e9plique du palais d&#8217;Alexandre, la r\u00e9sidence pr\u00e9f\u00e9r\u00e9e de la famille imp\u00e9riale russe \u00e0 Tsarsko\u00efe Selo. L&#8217;oeuf peut \u00eatre utilis\u00e9 comme une bo\u00eete \u00e0 bijoux.<\/div>\n","protected":false},"excerpt":{"rendered":"<p>Mat\u00e9riel: Alliage de m\u00e9taux non ferreux, \u00e9mail, cristaux. Hauteur : 14 cm. Poids : 480 g. Couleur : rouge. Cet \u0153uf est une r\u00e9plique du c\u00e9l\u00e8bre \u0153uf Palais Alexandre Faberg\u00e9. L&#8217;\u0153uf Alexander Palace est un \u0153uf de P\u00e2ques orn\u00e9 de bijoux fabriqu\u00e9 sous la supervision du joaillier russe Peter Carl Faberg\u00e9 en 1908, pour le [&hellip;]<\/p>\n","protected":false},"featured_media":8473,"comment_status":"closed","ping_status":"closed","template":"","meta":{"_et_pb_use_builder":"","_et_pb_old_content":"","_et_gb_content_width":""},"product_brand":[],"product_cat":[174,175,173,221],"product_tag":[],"class_list":{"0":"post-10129","1":"product","2":"type-product","3":"status-publish","4":"has-post-thumbnail","6":"product_cat-trinket-boxes-fr","7":"product_cat-eggs-with-surprise-fr","8":"product_cat-oeufs-de-paques","9":"product_cat-floral-eggs-fr","10":"pa_color-red-fr","12":"first","13":"instock","14":"shipping-taxable","15":"purchasable","16":"product-type-simple"},"_links":{"self":[{"href":"https:\/\/danila-souvenirs.com\/de\/wp-json\/wp\/v2\/product\/10129","targetHints":{"allow":["GET"]}}],"collection":[{"href":"https:\/\/danila-souvenirs.com\/de\/wp-json\/wp\/v2\/product"}],"about":[{"href":"https:\/\/danila-souvenirs.com\/de\/wp-json\/wp\/v2\/types\/product"}],"replies":[{"embeddable":true,"href":"https:\/\/danila-souvenirs.com\/de\/wp-json\/wp\/v2\/comments?post=10129"}],"wp:featuredmedia":[{"embeddable":true,"href":"https:\/\/danila-souvenirs.com\/de\/wp-json\/wp\/v2\/media\/8473"}],"wp:attachment":[{"href":"https:\/\/danila-souvenirs.com\/de\/wp-json\/wp\/v2\/media?parent=10129"}],"wp:term":[{"taxonomy":"product_brand","embeddable":true,"href":"https:\/\/danila-souvenirs.com\/de\/wp-json\/wp\/v2\/product_brand?post=10129"},{"taxonomy":"product_cat","embeddable":true,"href":"https:\/\/danila-souvenirs.com\/de\/wp-json\/wp\/v2\/product_cat?post=10129"},{"taxonomy":"product_tag","embeddable":true,"href":"https:\/\/danila-souvenirs.com\/de\/wp-json\/wp\/v2\/product_tag?post=10129"}],"curies":[{"name":"wp","href":"https:\/\/api.w.org\/{rel}","templated":true}]}}