{"id":10120,"date":"2021-08-11T15:33:35","date_gmt":"2021-08-11T12:33:35","guid":{"rendered":"https:\/\/danila-souvenirs.com\/de\/product\/faberge-first-hen-egg-trinket-jewel-box-with-chicken-13-cm-yellow-2\/"},"modified":"2023-08-03T14:55:13","modified_gmt":"2023-08-03T11:55:13","slug":"russische-faberge-stil-huhn-ei-schmuckkastchen-mit-huhnchen-13-cm-gelb","status":"publish","type":"product","link":"https:\/\/danila-souvenirs.com\/de\/product\/russische-faberge-stil-huhn-ei-schmuckkastchen-mit-huhnchen-13-cm-gelb\/?lang=fr","title":{"rendered":"Oeuf de P\u00e2ques de style glamour de Poule \/ bo\u00eete \u00e0 bijoux avec figurine de poulet 13 cm, jaune"},"content":{"rendered":"<div>Mat\u00e9riel: Alliage de m\u00e9taux non ferreux, \u00e9mail, cristaux.<\/div>\n<div><\/div>\n<div>Hauteur : 13 cm (avec support), 10 cm (l&#8217;\u0153uf lui-m\u00eame).<\/div>\n<div><\/div>\n<div>Poids : 435 g.<\/div>\n<div><\/div>\n<div>Couleur: jaune.<\/div>\n<div><\/div>\n<div>Cet \u0153uf est une r\u00e9plique du c\u00e9l\u00e8bre \u0153uf de Premi\u00e8re Poule imp\u00e9rial Faberg\u00e9. Il est devenu le premier d&#8217;une s\u00e9rie de plus de 50 \u0153ufs orn\u00e9s de bijoux fabriqu\u00e9s sous la supervision de Peter Carl Faberg\u00e9 pour la famille imp\u00e9riale russe. Il a \u00e9t\u00e9 livr\u00e9 au tsar Alexandre III et donn\u00e9 \u00e0 sa femme Maria Feodorovna en 1885. La tsarine a tellement appr\u00e9ci\u00e9 l&#8217;\u0153uf qu&#8217;Alexandre III a rapidement pass\u00e9 une commande permanente \u00e0 Faberg\u00e9 pour cr\u00e9er un nouvel \u0153uf pour sa femme chaque P\u00e2ques par la suite, exigeant seulement que chaque l&#8217;\u0153uf soit unique et qu&#8217;il contienne une sorte de &#8220;surprise&#8221;. \u00c0 l&#8217;int\u00e9rieur de l&#8217;\u0153uf, vous pouvez trouver un autre petit \u0153uf qui symbolise le jaune. \u00c0 l&#8217;int\u00e9rieur du petit \u0153uf se trouve une figurine de poulet. L&#8217;oeuf peut \u00eatre utilis\u00e9 comme une bo\u00eete \u00e0 bijoux.<\/div>\n","protected":false},"excerpt":{"rendered":"<p>Mat\u00e9riel: Alliage de m\u00e9taux non ferreux, \u00e9mail, cristaux. Hauteur : 13 cm (avec support), 10 cm (l&#8217;\u0153uf lui-m\u00eame). Poids : 435 g. Couleur: jaune. Cet \u0153uf est une r\u00e9plique du c\u00e9l\u00e8bre \u0153uf de Premi\u00e8re Poule imp\u00e9rial Faberg\u00e9. Il est devenu le premier d&#8217;une s\u00e9rie de plus de 50 \u0153ufs orn\u00e9s de bijoux fabriqu\u00e9s sous la [&hellip;]<\/p>\n","protected":false},"featured_media":9633,"comment_status":"closed","ping_status":"closed","template":"","meta":{"_et_pb_use_builder":"","_et_pb_old_content":"","_et_gb_content_width":""},"product_brand":[],"product_cat":[174,175,173],"product_tag":[],"class_list":{"0":"post-10120","1":"product","2":"type-product","3":"status-publish","4":"has-post-thumbnail","6":"product_cat-trinket-boxes-fr","7":"product_cat-eggs-with-surprise-fr","8":"product_cat-oeufs-de-paques","9":"pa_color-yellow-fr","11":"first","12":"instock","13":"shipping-taxable","14":"purchasable","15":"product-type-simple"},"_links":{"self":[{"href":"https:\/\/danila-souvenirs.com\/de\/wp-json\/wp\/v2\/product\/10120","targetHints":{"allow":["GET"]}}],"collection":[{"href":"https:\/\/danila-souvenirs.com\/de\/wp-json\/wp\/v2\/product"}],"about":[{"href":"https:\/\/danila-souvenirs.com\/de\/wp-json\/wp\/v2\/types\/product"}],"replies":[{"embeddable":true,"href":"https:\/\/danila-souvenirs.com\/de\/wp-json\/wp\/v2\/comments?post=10120"}],"wp:featuredmedia":[{"embeddable":true,"href":"https:\/\/danila-souvenirs.com\/de\/wp-json\/wp\/v2\/media\/9633"}],"wp:attachment":[{"href":"https:\/\/danila-souvenirs.com\/de\/wp-json\/wp\/v2\/media?parent=10120"}],"wp:term":[{"taxonomy":"product_brand","embeddable":true,"href":"https:\/\/danila-souvenirs.com\/de\/wp-json\/wp\/v2\/product_brand?post=10120"},{"taxonomy":"product_cat","embeddable":true,"href":"https:\/\/danila-souvenirs.com\/de\/wp-json\/wp\/v2\/product_cat?post=10120"},{"taxonomy":"product_tag","embeddable":true,"href":"https:\/\/danila-souvenirs.com\/de\/wp-json\/wp\/v2\/product_tag?post=10120"}],"curies":[{"name":"wp","href":"https:\/\/api.w.org\/{rel}","templated":true}]}}