{"id":12167,"date":"2021-08-19T10:46:20","date_gmt":"2021-08-19T07:46:20","guid":{"rendered":"https:\/\/danila-souvenirs.com\/de\/terminos-y-condiciones\/"},"modified":"2023-03-23T00:45:43","modified_gmt":"2023-03-22T21:45:43","slug":"terminos-y-condiciones","status":"publish","type":"page","link":"https:\/\/danila-souvenirs.com\/de\/terminos-y-condiciones\/?lang=es","title":{"rendered":"T\u00e9rminos y condiciones"},"content":{"rendered":"<p>[et_pb_section fb_built=&#8221;1&#8243; module_id=&#8221;heading-block-page-2&#8243; _builder_version=&#8221;4.9.7&#8243; _module_preset=&#8221;default&#8221; background_image=&#8221;https:\/\/danila-souvenirs.com\/de\/wp-content\/uploads\/sites\/5\/2021\/07\/Group-2801.jpg&#8221; custom_padding=&#8221;130px||130px||true|false&#8221;][et_pb_row _builder_version=&#8221;4.9.7&#8243; _module_preset=&#8221;default&#8221;][et_pb_column type=&#8221;4_4&#8243; _builder_version=&#8221;4.9.7&#8243; _module_preset=&#8221;default&#8221;][et_pb_text _builder_version=&#8221;4.9.10&#8243; _module_preset=&#8221;default&#8221; header_2_font=&#8221;|300||on|||||&#8221; header_2_text_color=&#8221;#a58943&#8243; header_2_font_size=&#8221;50px&#8221;]<\/p>\n<h2>T\u00e9rminos y condiciones<\/h2>\n<p>[\/et_pb_text][\/et_pb_column][\/et_pb_row][\/et_pb_section][et_pb_section fb_built=&#8221;1&#8243; _builder_version=&#8221;4.9.7&#8243; _module_preset=&#8221;default&#8221;][et_pb_row _builder_version=&#8221;4.9.10&#8243; _module_preset=&#8221;default&#8221; custom_padding=&#8221;0px||0px|||&#8221;][et_pb_column type=&#8221;4_4&#8243; _builder_version=&#8221;4.9.10&#8243; _module_preset=&#8221;default&#8221;][et_pb_text _builder_version=&#8221;4.9.10&#8243; _module_preset=&#8221;default&#8221; text_text_color=&#8221;#000000&#8243; text_font_size=&#8221;13px&#8221; link_text_color=&#8221;#666666&#8243;]<a href=\"https:\/\/danila-souvenirs.com\/de\/de\">Inicio<\/a> &#8211; T\u00e9rminos y condiciones[\/et_pb_text][\/et_pb_column][\/et_pb_row][et_pb_row _builder_version=&#8221;4.9.7&#8243; _module_preset=&#8221;default&#8221;][et_pb_column type=&#8221;4_4&#8243; _builder_version=&#8221;4.9.7&#8243; _module_preset=&#8221;default&#8221;][et_pb_text _builder_version=&#8221;4.9.10&#8243; _module_preset=&#8221;default&#8221; hover_enabled=&#8221;0&#8243; sticky_enabled=&#8221;0&#8243;]<\/p>\n<h3>T\u00e9rminos y condiciones<\/h3>\n<p><strong><b>Cliente<\/b><\/strong>: la persona que realiza un pedido en la tienda de Internet www.danila-souvenirs.com y es el destinatario de los productos solicitados.<br \/><strong><b>Vendedor<\/b><\/strong> &#8211; www.danila-souvenirs.com<br \/><strong><b>Danila Gifts O\u00dc<\/b><\/strong><strong><b><br \/><\/b><\/strong>C\u00f3digo de registro: 14331261<br \/>N\u00famero de IVA: EE102010118<br \/>Direcci\u00f3n: Veetorni tn 6-6, Aseri 43401, Estonia<br \/><strong><b>E-shop<\/b><\/strong> &#8211; el sitio de Internet con la siguiente direcci\u00f3n: <a href=\"https:\/\/danila-souvenirs.com\/de\/?lang=es\">www.danila-souvenirs.com<\/a>. El sitio est\u00e1 a disposici\u00f3n del cliente para la compra de bienes &#8211; propiedad del vendedor, as\u00ed como informaci\u00f3n sobre las condiciones de pago y entrega.<br \/><strong><b>Sitio web<\/b><\/strong> &#8211; <a href=\"https:\/\/danila-souvenirs.com\/de\/?lang=es\">www.danila-souvenirs.com<\/a><br \/><strong><b>Producto<\/b><\/strong>: un bien material que se ofrece para su compra en el sitio web <a href=\"https:\/\/danila-souvenirs.com\/de\/?lang=es\">www.danila-souvenirs.com<\/a>.<br \/><strong><b>Orden<\/b><\/strong> &#8211; bienes que son elegidos y pagados por el cliente.<br \/><strong><b>M\u00e9todo de Env\u00edo<\/b><\/strong> \u2013 Para comodidad del cliente, existen varios m\u00e9todos de env\u00edo. Puede encontrar m\u00e1s informaci\u00f3n sobre los m\u00e9todos de env\u00edo en la secci\u00f3n &#8220;Entrega&#8221;.<br \/><strong><b>Servicio de atenci\u00f3n al cliente<\/b><\/strong>: servicio que pertenece al vendedor y que incluye la gesti\u00f3n y el control del pedido realizado por el cliente.<\/p>\n<p><strong><b><br \/>1.NORMAS GENERALES<\/b><\/strong><\/p>\n<p>1.1. El propietario y administrador del sitio &#8211; Danila Gifts O\u00dc<br \/>1.2. Al ordenar el sitio <a href=\"https:\/\/danila-souvenirs.com\/de\/?lang=es\">www.danila-souvenirs.com<\/a>, el Cliente acepta las regulaciones de venta de bienes (en adelante, las reglas), que se describen a continuaci\u00f3n.<br \/>1.3. Estas reglas, as\u00ed como la informaci\u00f3n publicada en el sitio, est\u00e1n disponibles p\u00fablicamente.<br \/>1.4. La relaci\u00f3n entre el cliente y el vendedor se rige por las leyes de la Rep\u00fablica de Estonia.<br \/>1.5. El vendedor se reserva el derecho de cambiar las reglas.<\/p>\n<p><strong><b>2.REGISTRO<\/b><\/strong><\/p>\n<p>2.1. Los pedidos en l\u00ednea est\u00e1n disponibles para clientes registrados y no registrados.<br \/>2.2. El vendedor no es responsable de la exactitud y fiabilidad de la informaci\u00f3n que el cliente forma del sitio.<br \/>2.3. La cuenta de Cliente se crea durante el proceso de pago.<br \/>2.4. El cliente se compromete a no distribuir a terceros su nombre de usuario y contrase\u00f1a que se especificaron en el formulario de registro en el sitio. Si el cliente sospecha que su nombre de usuario y\/o contrase\u00f1a pueden ser conocidos y\/o pueden ser utilizados por terceros, el cliente debe informar inmediatamente al vendedor mediante el env\u00edo de un correo electr\u00f3nico a <a href=\"mailto:sales@danila-souvenirs.com\">sales@danila-souvenirs.com<\/a>. La carta debe enviarse con la informaci\u00f3n utilizada durante el registro, as\u00ed como la direcci\u00f3n de correo electr\u00f3nico del cliente.<\/p>\n<p><strong><b>3. PEDIDO Y DURACI\u00d3N DE SU EJECUCI\u00d3N<\/b><\/strong><\/p>\n<p>3.1. El cliente puede realizar un pedido en l\u00ednea por s\u00ed mismo.<br \/>3.2. Al realizar el pedido, el cliente debe especificar la siguiente informaci\u00f3n:<br \/>&#8211; nombre y apellidos del cliente\/destinatario del pedido<br \/>&#8211; direcci\u00f3n de entrega<br \/>&#8211; direcci\u00f3n de correo electr\u00f3nico<br \/>&#8211; numero de tel\u00e9fono (opcional)<br \/>3.3. Despu\u00e9s de ordenar con \u00e9xito un producto, el cliente recibe un correo electr\u00f3nico que confirma el estado del pedido.<br \/>3.4. El pedido se considera procesado y el servicio del proveedor comienza a procesar para la entrega una vez que recibe el pago total del pedido por parte del cliente.<br \/>3.5. Si el art\u00edculo est\u00e1 en stock en la cantidad requerida especificada por el cliente, el monto total se entregar\u00e1 a la direcci\u00f3n especificada por el cliente. De lo contrario, el vendedor se pondr\u00e1 en contacto con el cliente en el contacto especificado en el registro por correo electr\u00f3nico y corregir\u00e1 o cancelar\u00e1 la compra a petici\u00f3n del cliente.<br \/>3.6. El tiempo de entrega depende de la regi\u00f3n y la direcci\u00f3n, as\u00ed como del m\u00e9todo de servicio de entrega seleccionado del producto y no depende directamente del vendedor.<br \/>3.7. Si el cliente cancela un pago, el pedido se cancelar\u00e1 y el pago se devolver\u00e1 a la cuenta del cliente. Si el cliente desea cancelar parte de un pedido pagado, pero el pedido a\u00fan no se ha enviado desde el almac\u00e9n, o corregir un pedido, el pedido debe cancelarse por completo y debe realizarse un nuevo pedido. Se realizar\u00e1 la devoluci\u00f3n del pedido anterior. El per\u00edodo de reembolso del monto del pedido depende de los servicios bancarios, m\u00e1s que del vendedor. Tan pronto como el cliente reciba un correo electr\u00f3nico sobre el env\u00edo del pedido, no podr\u00e1 cancelarlo.<br \/>3.8. Los materiales de informaci\u00f3n disponibles en el sitio web no reflejan completamente las caracter\u00edsticas de los productos. Antes de realizar el pedido, el cliente tiene derecho a solicitar al vendedor una explicaci\u00f3n detallada de las propiedades de los bienes que est\u00e1 interesado en comprar. Si el cliente no se pone en contacto con el vendedor para obtener una explicaci\u00f3n detallada, se supone que el cliente no ten\u00eda dudas sobre las propiedades espec\u00edficas del producto.<br \/>3.9. La descripci\u00f3n del producto publicada en el sitio <a href=\"https:\/\/danila-souvenirs.com\/de\/?lang=es\">www.danila-souvenirs.com<\/a> es solo para fines informativos. El uso de esta informaci\u00f3n no puede ser retenido por ninguna obligaci\u00f3n legal entre el vendedor y el cliente. Las descripciones de los productos pueden no corresponder exactamente a los criterios de las solicitudes del cliente.<br \/>3.10. El vendedor no se hace responsable de los tonos y colores de los productos expuestos.<\/p>\n<p><strong><b>4.ENTREGA<\/b><\/strong><\/p>\n<p>4.1. El vendedor hace todo lo que est\u00e1 a su alcance para mantener el plazo de entrega prometido, pero a pesar de ello, pueden producirse retrasos debido a circunstancias ajenas a causas directamente bajo el control del vendedor.<br \/>4.2. Los riesgos asociados a la p\u00e9rdida o da\u00f1o accidental de la mercanc\u00eda son asumidos por el cliente cuando recibe personalmente el pedido.<br \/>4.3. Si los bienes no se entregan al cliente por p\u00e9rdida durante la entrega, el vendedor reembolsar\u00e1 al cliente el precio pagado por los bienes y los gastos de env\u00edo solo despu\u00e9s de que el vendedor reciba la confirmaci\u00f3n de la p\u00e9rdida por parte del servicio de mensajer\u00eda.<br \/>4.4. Todos los m\u00e9todos de entrega posibles se indican en la secci\u00f3n &#8220;Entrega&#8221; del sitio web.<br \/>4.5. El pedido se entrega al cliente o a la persona que figura en el pedido como destinatario del mismo.<\/p>\n<p><strong><b>5. PAGO DE LAS MERCANC\u00cdAS<\/b><\/strong><\/p>\n<p>5.1. Todos los precios en el sitio incluyen IVA para los clientes dentro de la UE. Si el cliente est\u00e1 fuera de la UE, el cliente es responsable de todos los impuestos en su pa\u00eds.<\/p>\n<p><strong>El vendedor entrega mercanc\u00edas desde almacenes ubicados en los siguientes pa\u00edses y regiones:<\/strong><\/p>\n<p>&#8211; UE<br \/>&#8211; Reino Unido<br \/>&#8211; Estados Unidos<br \/>&#8211; Canad\u00e1<br \/>&#8211; Australia<br \/>&#8211; Japon<br \/>&#8211; Singapur<\/p>\n<p>Si el cliente se encuentra en una de estas regiones, entonces el cliente no tiene que pagar derechos de aduana. De lo contrario, es responsabilidad del cliente pagar los derechos de aduana en su pa\u00eds.<\/p>\n<p>El costo de env\u00edo est\u00e1 incluido en el precio para las regiones mencionadas anteriormente. Para todas las dem\u00e1s regiones, el costo de env\u00edo depende del peso total del paquete.<br \/>5.2. Todos los m\u00e9todos de pago se describen en el sitio web en la secci\u00f3n Pago.<br \/>5.3. El pedido se acepta para su posterior procesamiento solo cuando se paga por completo. No se puede reservar un producto.<br \/>5.4. El vendedor tiene derecho a otorgar al cliente un descuento en productos y ofertas para que los clientes participen en promociones especiales y programas de bonificaci\u00f3n. El vendedor tiene derecho a cambiar los precios y los t\u00e9rminos de las promociones y los programas de bonificaci\u00f3n de forma unilateral.<\/p>\n<p><strong><b>6. DEVOLUCIONES<\/b><\/strong><\/p>\n<p>6.1. El cliente tiene derecho a devolver los bienes comprados dentro de los 30 d\u00edas posteriores a la recepci\u00f3n de los bienes por cualquier motivo, siempre que se conserven la apariencia del producto, las propiedades de consumo, su embalaje original y las etiquetas.<br \/>6.2. Si el cliente rechaza los bienes comprados por el motivo descrito en la cl\u00e1usula 6.1, el vendedor pagar\u00e1 el valor total de los bienes devueltos, excluyendo los gastos de env\u00edo del producto.<br \/>6.3. De acuerdo con la ley de protecci\u00f3n al consumidor, el vendedor tiene derecho a negarse a aceptar la devoluci\u00f3n de los bienes o aceptar el pago, si los bienes no se devuelven en el embalaje original, el embalaje muestra da\u00f1os graves o si el producto muestra signos evidentes de leve huellas de uso, como ara\u00f1azos y defectos similares.<br \/>6.4. El vendedor no proporciona servicio de cambio de la mercanc\u00eda, sin embargo, el cliente puede devolver cualquier producto que no sea completamente satisfactorio (como en la cl\u00e1usula 6.1.) dentro de los 30 d\u00edas siguientes a la recepci\u00f3n del pedido y\/o realizar un nuevo pedido.<br \/>6.5. El importe se devuelve al cliente de la misma manera que el cliente utiliz\u00f3 al pagar el pedido.<br \/>6.6. La solicitud de devoluci\u00f3n de bienes y reembolso debe enviarse de forma gratuita a la direcci\u00f3n de correo electr\u00f3nico <a href=\"mailto:sales@danila-souvenirs.com\">sales@danila-souvenirs.com<\/a>.<br \/>6.7. El cliente es responsable de la preservaci\u00f3n de la calidad y seguridad del producto durante los primeros 30 d\u00edas posteriores a la recepci\u00f3n del mismo, per\u00edodo durante el cual es posible realizar devoluciones.<br \/>6.8. Desde el primer uso de los bienes, el cliente confirma que el producto cumple con sus expectativas y, por lo tanto, no es reembolsable.<\/p>\n<p><strong><b>7. PROPIEDAD INTELECTUAL<\/b><\/strong><\/p>\n<p>7.1. Todo texto publicado en el sitio web o informaci\u00f3n gr\u00e1fica est\u00e1 protegido y es propiedad del vendedor.<\/p>\n<p><strong><b>8. GARANT\u00cdA Y RESPONSABILIDAD<\/b><\/strong><\/p>\n<p>8.1. El vendedor no se hace responsable de los da\u00f1os causados al cliente por un uso inadecuado de la mercanc\u00eda.<br \/>8.2. El vendedor tiene derecho a transferir a terceros el cumplimiento de sus derechos y obligaciones con el cliente.<br \/>8.3. Las descripciones de los productos publicadas en el sitio web <a href=\"https:\/\/danila-souvenirs.com\/de\/?lang=es\">www.danila-souvenirs.com<\/a> son solo para fines informativos. El uso de esta informaci\u00f3n no puede ser objeto de obligaciones legales entre el vendedor y el cliente. Las descripciones de los productos pueden no corresponder con los criterios de las solicitudes espec\u00edficas del cliente.<br \/>8.4. El vendedor no es responsable de la transferencia de la configuraci\u00f3n de color de los productos en la pantalla del cliente.<\/p>\n<p><strong><b>9. OTRAS REGLAS<\/b><\/strong><\/p>\n<p>9.1 La relaci\u00f3n entre el vendedor y el cliente est\u00e1 regulada por la legislaci\u00f3n de la Rep\u00fablica de Estonia.<br \/>9.2. En caso de cualquier duda o reclamaci\u00f3n, el cliente deber\u00e1 dirigirlas al departamento de atenci\u00f3n al cliente. Todas las disputas entre las partes se intentar\u00e1n resolver mediante negociaci\u00f3n. Si las partes no pueden llegar a un acuerdo, la disputa se remitir\u00e1 a las autoridades judiciales de conformidad con la legislaci\u00f3n aplicable de la Rep\u00fablica de Estonia.<br \/>9.3. Si un tribunal reconoce cualquiera de los puntos anteriores en estos t\u00e9rminos y condiciones como inv\u00e1lido, no invalida el resto de los puntos.<\/p>\n<p>[\/et_pb_text][\/et_pb_column][\/et_pb_row][\/et_pb_section]<\/p>\n","protected":false},"excerpt":{"rendered":"<p>T\u00e9rminos y condicionesInicio &#8211; T\u00e9rminos y condicionesT\u00e9rminos y condiciones Cliente: la persona que realiza un pedido en la tienda de Internet www.danila-souvenirs.com y es el destinatario de los productos solicitados.Vendedor &#8211; www.danila-souvenirs.comDanila Gifts O\u00dcC\u00f3digo de registro: 14331261N\u00famero de IVA: EE102010118Direcci\u00f3n: Veetorni tn 6-6, Aseri 43401, EstoniaE-shop &#8211; el sitio de Internet con la siguiente direcci\u00f3n: [&hellip;]<\/p>\n","protected":false},"author":2,"featured_media":0,"parent":0,"menu_order":0,"comment_status":"closed","ping_status":"closed","template":"","meta":{"_et_pb_use_builder":"on","_et_pb_old_content":"","_et_gb_content_width":"","footnotes":""},"class_list":["post-12167","page","type-page","status-publish","hentry"],"_links":{"self":[{"href":"https:\/\/danila-souvenirs.com\/de\/wp-json\/wp\/v2\/pages\/12167","targetHints":{"allow":["GET"]}}],"collection":[{"href":"https:\/\/danila-souvenirs.com\/de\/wp-json\/wp\/v2\/pages"}],"about":[{"href":"https:\/\/danila-souvenirs.com\/de\/wp-json\/wp\/v2\/types\/page"}],"author":[{"embeddable":true,"href":"https:\/\/danila-souvenirs.com\/de\/wp-json\/wp\/v2\/users\/2"}],"replies":[{"embeddable":true,"href":"https:\/\/danila-souvenirs.com\/de\/wp-json\/wp\/v2\/comments?post=12167"}],"version-history":[{"count":3,"href":"https:\/\/danila-souvenirs.com\/de\/wp-json\/wp\/v2\/pages\/12167\/revisions"}],"predecessor-version":[{"id":12170,"href":"https:\/\/danila-souvenirs.com\/de\/wp-json\/wp\/v2\/pages\/12167\/revisions\/12170"}],"wp:attachment":[{"href":"https:\/\/danila-souvenirs.com\/de\/wp-json\/wp\/v2\/media?parent=12167"}],"curies":[{"name":"wp","href":"https:\/\/api.w.org\/{rel}","templated":true}]}}