{"id":12163,"date":"2021-08-19T10:46:20","date_gmt":"2021-08-19T07:46:20","guid":{"rendered":"https:\/\/danila-souvenirs.com\/de\/termini-condizioni\/"},"modified":"2023-03-22T02:13:24","modified_gmt":"2023-03-21T23:13:24","slug":"termini-condizioni","status":"publish","type":"page","link":"https:\/\/danila-souvenirs.com\/de\/termini-condizioni\/?lang=it","title":{"rendered":"Termini &amp; Condizioni"},"content":{"rendered":"<p>[et_pb_section fb_built=&#8221;1&#8243; module_id=&#8221;heading-block-page-2&#8243; _builder_version=&#8221;4.9.7&#8243; _module_preset=&#8221;default&#8221; background_image=&#8221;https:\/\/danila-souvenirs.com\/de\/wp-content\/uploads\/sites\/5\/2021\/07\/Group-2801.jpg&#8221; custom_padding=&#8221;130px||130px||true|false&#8221;][et_pb_row _builder_version=&#8221;4.9.7&#8243; _module_preset=&#8221;default&#8221;][et_pb_column type=&#8221;4_4&#8243; _builder_version=&#8221;4.9.7&#8243; _module_preset=&#8221;default&#8221;][et_pb_text _builder_version=&#8221;4.9.10&#8243; _module_preset=&#8221;default&#8221; header_2_font=&#8221;|300||on|||||&#8221; header_2_text_color=&#8221;#a58943&#8243; header_2_font_size=&#8221;50px&#8221;]<\/p>\n<h2>Termini &amp; Condizioni<\/h2>\n<p>[\/et_pb_text][\/et_pb_column][\/et_pb_row][\/et_pb_section][et_pb_section fb_built=&#8221;1&#8243; _builder_version=&#8221;4.9.7&#8243; _module_preset=&#8221;default&#8221;][et_pb_row _builder_version=&#8221;4.9.10&#8243; _module_preset=&#8221;default&#8221; custom_padding=&#8221;0px||0px|||&#8221;][et_pb_column type=&#8221;4_4&#8243; _builder_version=&#8221;4.9.10&#8243; _module_preset=&#8221;default&#8221;][et_pb_text _builder_version=&#8221;4.9.10&#8243; _module_preset=&#8221;default&#8221; text_text_color=&#8221;#000000&#8243; text_font_size=&#8221;13px&#8221; link_text_color=&#8221;#666666&#8243;]<a href=\"https:\/\/danila-souvenirs.com\/de\/de\">Casa<\/a> &#8211; Termini e condizioni[\/et_pb_text][\/et_pb_column][\/et_pb_row][et_pb_row _builder_version=&#8221;4.9.7&#8243; _module_preset=&#8221;default&#8221;][et_pb_column type=&#8221;4_4&#8243; _builder_version=&#8221;4.9.7&#8243; _module_preset=&#8221;default&#8221;][et_pb_text _builder_version=&#8221;4.9.10&#8243; _module_preset=&#8221;default&#8221; hover_enabled=&#8221;0&#8243; sticky_enabled=&#8221;0&#8243;]<\/p>\n<h3>Termini &amp; Condizioni<\/h3>\n<p><strong><b>Cliente<\/b><\/strong> &#8211; La persona che effettua un ordine nel negozio Internet www.danila-souvenirs.com ed \u00e8 il destinatario della merce ordinata.<br \/><strong><b>Venditore<\/b><\/strong> &#8211; www.danila-souvenirs.com<br \/><strong><b>Danila Gifts O\u00dc<\/b><\/strong><strong><b><br \/><\/b><\/strong>Reg.codice: 14331261<br \/>Partita IVA: EE102010118<br \/>Indirizzo: Veetorni tn 6-6, Aseri 43401, Estonia<br \/><strong><b>E-shop<\/b><\/strong> &#8211; il sito Internet con il seguente indirizzo: <a href=\"https:\/\/danila-souvenirs.com\/de\/?lang=it\">www.danila-souvenirs.com<\/a>. Il sito \u00e8 a disposizione del cliente per l&#8217;acquisto della merce &#8211; di propriet\u00e0 del venditore, nonch\u00e9 le informazioni sui termini di pagamento e consegna.<br \/><strong><b>Sito web<\/b><\/strong>: <a href=\"https:\/\/danila-souvenirs.com\/de\/?lang=it\">danila-souvenirs.com<\/a><br \/><strong><b>Prodotto<\/b><\/strong> &#8211; un bene materiale che viene offerto per l&#8217;acquisto sul sito web <a href=\"https:\/\/danila-souvenirs.com\/de\/?lang=it\">www.danila-souvenirs.com<\/a>.<br \/><strong><b>Ordine<\/b><\/strong> &#8211; merce scelta e pagata dal cliente.<br \/><strong><b>Metodo di spedizione<\/b><\/strong> &#8211; Per la comodit\u00e0 del cliente, esistono diversi metodi di consegna. Maggiori informazioni sui metodi di consegna sono disponibili nella sezione &#8220;Consegna&#8221;.<br \/><strong><b>Servizio clienti<\/b><\/strong> &#8211; un servizio che appartiene al venditore e che comprende la gestione e il controllo dell&#8217;ordine effettuato dal cliente.<\/p>\n<p><strong><b><br \/>1.NORME GENERALI<\/b><\/strong><\/p>\n<p>1.1. Il proprietario e amministratore del sito &#8211; Danila Gifts O\u00dc<br \/>1.2. Al momento dell&#8217;ordine sul sito <a href=\"https:\/\/danila-souvenirs.com\/de\/?lang=it\">www.danila-souvenirs.com<\/a>, il Cliente acconsente alla vendita di merci regolamenti (di seguito &#8211; le regole), che sono descritti di seguito.<br \/>1.3. Queste regole, cos\u00ec come le informazioni pubblicate sul sito sono a disposizione del pubblico.<br \/>1.4. Il rapporto tra il cliente e il venditore \u00e8 regolato dalle leggi della Repubblica di Estonia.<br \/>1.5. Il venditore si riserva il diritto di modificare le regole.<\/p>\n<p><strong><b>2.ISCRIZIONE<\/b><\/strong><\/p>\n<p>2.1. L&#8217;ordinazione online \u00e8 disponibile per i clienti registrati e non registrati.<br \/>2.2. Il venditore non \u00e8 responsabile per l&#8217;accuratezza e l&#8217;affidabilit\u00e0 delle informazioni che il cliente forma del sito.<br \/>2.3. L&#8217;account cliente viene creato durante il processo di checkout.<br \/>2.4. Il cliente si impegna a non distribuire a terzi il proprio nome utente e password che sono stati specificati nel modulo di registrazione al sito. Se il cliente sospetta che il suo nome utente e\/o password possano essere conosciuti e\/o possano essere utilizzati da terzi, il cliente deve informare immediatamente il venditore inviando un&#8217;e-mail a <a href=\"mailto:sales@danila-souvenirs.com\">sales@danila-souvenirs.com<\/a>. La lettera deve essere inviata con le informazioni utilizzate durante la registrazione, nonch\u00e9 l&#8217;indirizzo e-mail del cliente.<\/p>\n<p><strong><b>3.ORDINE E DURATA DELLA SUA PRESTAZIONE<\/b><\/strong><\/p>\n<p>3.1. Il cliente pu\u00f2 effettuare autonomamente un ordine online.<br \/>3.2. Al momento dell&#8217;ordine, il cliente deve specificare le seguenti informazioni:<br \/>&#8211; nome e cognome del cliente\/destinatario dell&#8217;ordine<br \/>&#8211; indirizzo di consegna<br \/>&#8211; indirizzo e-mail<br \/>&#8211; numero di telefono (facoltativo)<br \/>3.3. Dopo aver ordinato con successo un prodotto, il cliente riceve un&#8217;e-mail di conferma dello stato dell&#8217;ordine.<br \/>3.4. L&#8217;ordine \u00e8 considerato elaborato e il servizio del fornitore avvia l&#8217;elaborazione per la consegna una volta ricevuto il pagamento completo dell&#8217;ordine dal cliente.<br \/>3.5. Se l&#8217;articolo \u00e8 disponibile nella quantit\u00e0 richiesta specificata dal cliente, l&#8217;intero importo verr\u00e0 consegnato all&#8217;indirizzo specificato dal cliente. In caso contrario, il venditore contatter\u00e0 il cliente al contatto specificato nella registrazione via e-mail e corregger\u00e0 o annuller\u00e0 l&#8217;acquisto su richiesta del cliente.<br \/>3.6. I tempi di consegna dipendono dalla regione e dall&#8217;indirizzo, nonch\u00e9 dal metodo del servizio di consegna selezionato del prodotto e non dipendono direttamente dal venditore.<br \/>3.7. Se il cliente annulla un pagamento, l&#8217;ordine verr\u00e0 annullato e il pagamento verr\u00e0 restituito sul conto del cliente. Se il cliente desidera annullare parte di un ordine pagato, ma l&#8217;ordine non \u00e8 stato ancora spedito dal magazzino, o correggere un ordine, l&#8217;ordine deve essere annullato completamente e deve essere effettuato un nuovo ordine. Verr\u00e0 effettuato il rimborso dell&#8217;ordine precedente. Il periodo di rimborso dell&#8217;importo dell&#8217;ordine dipende dai servizi bancari, piuttosto che dal venditore. Non appena il cliente riceve un&#8217;e-mail riguardante l&#8217;invio dell&#8217;ordine, non pu\u00f2 essere annullato.<br \/>3.8. I materiali informativi disponibili sul sito non rispecchiano appieno le caratteristiche dei beni. Prima di effettuare l&#8217;ordine, il cliente ha il diritto di richiedere al venditore una dettagliata spiegazione delle propriet\u00e0 della merce che \u00e8 interessato all&#8217;acquisto. Se il cliente non contatta il venditore per una spiegazione dettagliata, si presume che il cliente non avesse dubbi sulle propriet\u00e0 specifiche del prodotto.<br \/>3.9. La descrizione del prodotto pubblicata sul sito <a href=\"https:\/\/danila-souvenirs.com\/de\/?lang=it\">www.danila-souvenirs.com<\/a> \u00e8 solo a scopo informativo. L&#8217;utilizzo di queste informazioni non pu\u00f2 essere tenuto per alcun obbligo legale tra il venditore e il cliente. Le descrizioni dei prodotti potrebbero non corrispondere esattamente ai criteri delle richieste del cliente.<br \/>3.10. Il venditore non \u00e8 responsabile delle sfumature e dei colori dei prodotti esposti.<\/p>\n<p><strong><b>4.CONSEGNA<\/b><\/strong><\/p>\n<p>4.1. Il venditore fa tutto ci\u00f2 che \u00e8 in suo potere per mantenere i tempi di consegna promessi, ma nonostante ci\u00f2, potrebbero verificarsi ritardi dovuti a circostanze al di fuori del controllo diretto del venditore.<br \/>4.2. I rischi connessi alla perdita accidentale o al danneggiamento della merce sono assunti dal cliente nel momento in cui riceve personalmente l&#8217;ordine.<br \/>4.3. Se la merce non viene consegnata al cliente per causa smarrimento durante la consegna, il venditore rimborser\u00e0 al cliente il prezzo pagato per la merce e le spese di spedizione solo dopo che il venditore avr\u00e0 ricevuto conferma dello smarrimento da parte del corriere.<br \/>4.4. Tutte le possibili modalit\u00e0 di consegna sono indicate nella sezione &#8220;Consegna&#8221; del sito.<br \/>4.5. L&#8217;ordine viene consegnato al cliente o alla persona indicata nell&#8217;ordine come destinatario dell&#8217;ordine.<\/p>\n<p><strong><b>5.PAGAMENTO DELLA MERCE<\/b><\/strong><\/p>\n<p>5.1. Tutti i prezzi sul sito sono comprensivi di IVA per i clienti all&#8217;interno dell&#8217;UE. Se il cliente \u00e8 al di fuori dell&#8217;UE, il cliente \u00e8 responsabile di tutte le tasse nel proprio paese.<\/p>\n<p><strong>Il venditore consegna la merce da magazzini situati nei seguenti paesi e regioni:<\/strong><\/p>\n<p>&#8211; UE<br \/>&#8211; Regno Unito<br \/>&#8211; USA<br \/>&#8211; Canada<br \/>&#8211; Australia<br \/>&#8211; Giappone<br \/>&#8211; Singapore<\/p>\n<p>Se il cliente si trova in una di queste regioni, il cliente non deve pagare i dazi doganali. In caso contrario, \u00e8 responsabilit\u00e0 del cliente pagare i dazi doganali nel proprio paese.<\/p>\n<p>Il costo di spedizione \u00e8 incluso nel prezzo per le regioni sopra elencate. Per tutte le altre regioni il costo di spedizione dipende dal peso totale del pacco.<br \/>5.2. Tutti i metodi di pagamento sono descritti sul sito Web nella sezione Pagamento.<br \/>5.3. L&#8217;ordine viene accettato per l&#8217;ulteriore elaborazione solo quando \u00e8 interamente pagato. Non \u00e8 possibile prenotare un prodotto.<br \/>5.4. Il venditore ha il diritto di concedere al cliente uno sconto su beni e offerte per i clienti per partecipare a promozioni speciali e programmi bonus. Il venditore ha il diritto di modificare unilateralmente i prezzi e i termini delle promozioni e dei programmi bonus.<\/p>\n<p><strong><b>6. RESI<\/b><\/strong><\/p>\n<p>6.1. Il cliente ha il diritto di restituire la merce acquistata entro 30 giorni dal ricevimento della merce per qualsiasi motivo a condizione che siano preservati l&#8217;aspetto del prodotto, le propriet\u00e0 di consumo, la sua confezione originale e le etichette.<br \/>6.2. Se il cliente rifiuta la merce acquistata per il motivo descritto al punto 6.1, il venditore dovr\u00e0 corrispondere l&#8217;intero valore della merce restituita, escluse le spese di spedizione del prodotto.<br \/>6.3. Ai sensi della legge sulla tutela del consumatore, il venditore ha il diritto di rifiutare la restituzione della merce o il pagamento se la merce non viene restituita nell&#8217;imballo originale, se l&#8217;imballo presenta gravi danni o se il prodotto presenta evidenti segni di lieve tracce d&#8217;uso, come graffi e difetti simili.<br \/>6.4. Il venditore non fornisce il servizio di cambio della merce, tuttavia il cliente pu\u00f2 restituire qualsiasi prodotto non completamente soddisfacente (come nella clausola 6.1.) entro 30 giorni dal ricevimento dell&#8217;ordine e\/o effettuare un nuovo ordine.<br \/>6.5. L&#8217;importo viene restituito al cliente nello stesso modo in cui il cliente ha utilizzato per il pagamento dell&#8217;ordine.<br \/>6.6. La richiesta di restituzione della merce e rimborso deve essere presentata in forma gratuita all&#8217;indirizzo e-mail <a href=\"mailto:sales@danila-souvenirs.com\">sales@danila-souvenirs.com<\/a>.<br \/>6.7. Il cliente \u00e8 responsabile della conservazione della qualit\u00e0 e della sicurezza del prodotto durante i primi 30 giorni dal ricevimento, periodo durante il quale sono possibili resi.<br \/>6.8. Dal primo utilizzo della merce il cliente conferma che il prodotto soddisfa le sue aspettative e non \u00e8 quindi rimborsabile.<\/p>\n<p><strong><b>7. PROPRIET\u00c0 INTELLETTUALE<\/b><\/strong><\/p>\n<p>7.1. Tutti i testi pubblicati sul sito web o le informazioni grafiche sono protetti e sono di propriet\u00e0 del venditore.<\/p>\n<p><strong><b>8. GARANZIA E RESPONSABILIT\u00c0<\/b><\/strong><\/p>\n<p>8.1. Il venditore non \u00e8 responsabile per eventuali danni causati al cliente a causa di un uso improprio della merce.<br \/>8.2. Il venditore ha il diritto di trasferire a terzi l&#8217;adempimento dei suoi diritti e doveri nei confronti del cliente.<br \/>8.3. Le descrizioni dei prodotti pubblicate sul sito Web <a href=\"https:\/\/danila-souvenirs.com\/de\/?lang=it\">www.danila-souvenirs.com<\/a> sono solo a scopo informativo. L&#8217;utilizzo di queste informazioni non pu\u00f2 essere tenuto per obblighi legali tra il venditore e il cliente. Le descrizioni dei prodotti potrebbero non corrispondere ai criteri delle specifiche richieste del cliente.<br \/>8.4. Il venditore non \u00e8 responsabile per il trasferimento delle impostazioni del colore della merce sul display del cliente.<\/p>\n<p><strong><b>9. ALTRE REGOLE<\/b><\/strong><\/p>\n<p>9.1 Il rapporto tra il venditore e il cliente \u00e8 regolato dalla legislazione della Repubblica di Estonia.<br \/>9.2. In caso di domande o reclami, il cliente deve indirizzarli al servizio clienti. Tutte le controversie tra le parti cercheranno di essere risolte attraverso la negoziazione. Se le parti non riescono a raggiungere un accordo, la controversia sar\u00e0 deferita alle autorit\u00e0 giudiziarie in conformit\u00e0 con la legislazione applicabile della Repubblica di Estonia.<br \/>9.3. Se un tribunale riconosce uno qualsiasi dei punti di cui sopra in questi termini e condizioni come invalido, non rende invalidi gli altri punti.<\/p>\n<p>[\/et_pb_text][\/et_pb_column][\/et_pb_row][\/et_pb_section]<\/p>\n","protected":false},"excerpt":{"rendered":"<p>Termini &amp; CondizioniCasa &#8211; Termini e condizioniTermini &amp; Condizioni Cliente &#8211; La persona che effettua un ordine nel negozio Internet www.danila-souvenirs.com ed \u00e8 il destinatario della merce ordinata.Venditore &#8211; www.danila-souvenirs.comDanila Gifts O\u00dcReg.codice: 14331261Partita IVA: EE102010118Indirizzo: Veetorni tn 6-6, Aseri 43401, EstoniaE-shop &#8211; il sito Internet con il seguente indirizzo: www.danila-souvenirs.com. Il sito \u00e8 a disposizione [&hellip;]<\/p>\n","protected":false},"author":2,"featured_media":0,"parent":0,"menu_order":0,"comment_status":"closed","ping_status":"closed","template":"","meta":{"_et_pb_use_builder":"on","_et_pb_old_content":"","_et_gb_content_width":"","footnotes":""},"class_list":["post-12163","page","type-page","status-publish","hentry"],"_links":{"self":[{"href":"https:\/\/danila-souvenirs.com\/de\/wp-json\/wp\/v2\/pages\/12163","targetHints":{"allow":["GET"]}}],"collection":[{"href":"https:\/\/danila-souvenirs.com\/de\/wp-json\/wp\/v2\/pages"}],"about":[{"href":"https:\/\/danila-souvenirs.com\/de\/wp-json\/wp\/v2\/types\/page"}],"author":[{"embeddable":true,"href":"https:\/\/danila-souvenirs.com\/de\/wp-json\/wp\/v2\/users\/2"}],"replies":[{"embeddable":true,"href":"https:\/\/danila-souvenirs.com\/de\/wp-json\/wp\/v2\/comments?post=12163"}],"version-history":[{"count":3,"href":"https:\/\/danila-souvenirs.com\/de\/wp-json\/wp\/v2\/pages\/12163\/revisions"}],"predecessor-version":[{"id":12166,"href":"https:\/\/danila-souvenirs.com\/de\/wp-json\/wp\/v2\/pages\/12163\/revisions\/12166"}],"wp:attachment":[{"href":"https:\/\/danila-souvenirs.com\/de\/wp-json\/wp\/v2\/media?parent=12163"}],"curies":[{"name":"wp","href":"https:\/\/api.w.org\/{rel}","templated":true}]}}