{"id":12159,"date":"2021-08-19T10:46:20","date_gmt":"2021-08-19T07:46:20","guid":{"rendered":"https:\/\/danila-souvenirs.com\/de\/terms-amp-bedingungen\/"},"modified":"2023-03-22T01:37:22","modified_gmt":"2023-03-21T22:37:22","slug":"terms-amp-bedingungen","status":"publish","type":"page","link":"https:\/\/danila-souvenirs.com\/de\/terms-amp-bedingungen\/?lang=de","title":{"rendered":"Terms &amp; amp; Bedingungen"},"content":{"rendered":"<p>[et_pb_section fb_built=&#8221;1&#8243; module_id=&#8221;heading-block-page-2&#8243; _builder_version=&#8221;4.9.7&#8243; _module_preset=&#8221;default&#8221; background_image=&#8221;https:\/\/danila-souvenirs.com\/de\/wp-content\/uploads\/sites\/5\/2021\/07\/Group-2801.jpg&#8221; custom_padding=&#8221;130px||130px||true|false&#8221;][et_pb_row _builder_version=&#8221;4.9.7&#8243; _module_preset=&#8221;default&#8221;][et_pb_column type=&#8221;4_4&#8243; _builder_version=&#8221;4.9.7&#8243; _module_preset=&#8221;default&#8221;][et_pb_text _builder_version=&#8221;4.9.10&#8243; _module_preset=&#8221;default&#8221; header_2_font=&#8221;|300||on|||||&#8221; header_2_text_color=&#8221;#a58943&#8243; header_2_font_size=&#8221;50px&#8221;]<\/p>\n<h2>Terms &amp; amp; Bedingungen<\/h2>\n<p>[\/et_pb_text][\/et_pb_column][\/et_pb_row][\/et_pb_section][et_pb_section fb_built=&#8221;1&#8243; _builder_version=&#8221;4.9.7&#8243; _module_preset=&#8221;default&#8221;][et_pb_row _builder_version=&#8221;4.9.10&#8243; _module_preset=&#8221;default&#8221; custom_padding=&#8221;0px||0px|||&#8221;][et_pb_column type=&#8221;4_4&#8243; _builder_version=&#8221;4.9.10&#8243; _module_preset=&#8221;default&#8221;][et_pb_text _builder_version=&#8221;4.9.10&#8243; _module_preset=&#8221;default&#8221; text_text_color=&#8221;#000000&#8243; text_font_size=&#8221;13px&#8221; link_text_color=&#8221;#666666&#8243;]<a href=\"https:\/\/danila-souvenirs.com\/de\/de\">Startseite<\/a> &#8211; Allgemeine Gesch\u00e4ftsbedingungen[\/et_pb_text][\/et_pb_column][\/et_pb_row][et_pb_row _builder_version=&#8221;4.9.7&#8243; _module_preset=&#8221;default&#8221;][et_pb_column type=&#8221;4_4&#8243; _builder_version=&#8221;4.9.7&#8243; _module_preset=&#8221;default&#8221;][et_pb_text _builder_version=&#8221;4.9.10&#8243; _module_preset=&#8221;default&#8221; hover_enabled=&#8221;0&#8243; sticky_enabled=&#8221;0&#8243;]<\/p>\n<h3>Terms &amp; amp; Bedingungen<\/h3>\n<p><strong><b>Kunde<\/b><\/strong> &#8211; Die Person, die im Internetshop www.danila-souvenirs.com eine Bestellung aufgibt und Empf\u00e4nger der bestellten Ware ist.<br \/><strong><b>Verk\u00e4ufer<\/b><\/strong> &#8211; www.danila-souvenirs.com<br \/><strong><b>Danila Gifts O\u00dc<\/b><\/strong><strong><b><br \/><\/b><\/strong>Registrierungscode: 14331261<br \/>Umsatzsteuer-Identifikationsnummer: EE102010118<br \/>Adresse: Veetorni tn 6-6, Aseri 43401, Estland<br \/><strong><b>E-Shop<\/b><\/strong> &#8211; die Internetseite mit folgender Adresse: <a href=\"https:\/\/danila-souvenirs.com\/de\/?lang=de\">www.danila-souvenirs.com<\/a>. Die Website steht dem Kunden f\u00fcr den Kauf von Waren &#8211; Eigentum des Verk\u00e4ufers sowie Informationen \u00fcber die Zahlungs- und Lieferbedingungen zur Verf\u00fcgung.<br \/><strong><b>Webseite<\/b><\/strong> &#8211; <a href=\"https:\/\/danila-souvenirs.com\/de\/?lang=de\">www.danila-souvenirs.com<\/a><br \/><strong><b>Produkt<\/b><\/strong> &#8211; ein materielles Gut, das auf der Website <a href=\"https:\/\/danila-souvenirs.com\/de\/?lang=de\">www.danila-souvenirs.com<\/a> zum Kauf angeboten wird.<br \/><strong><b>Bestellung<\/b><\/strong> &#8211; Waren, die vom Kunden ausgew\u00e4hlt und bezahlt werden.<br \/><strong><b>Versandart<\/b><\/strong> \u2013 F\u00fcr den Komfort des Kunden gibt es mehrere Versandarten. Mehr zu den Versandarten finden Sie im Abschnitt \u201eLieferung\u201c.<br \/><strong><b>Kundendienst<\/b><\/strong> \u2013 eine Dienstleistung, die dem Verk\u00e4ufer geh\u00f6rt und die Bearbeitung und Kontrolle der vom Kunden get\u00e4tigten Bestellung umfasst.<\/p>\n<p><strong><b><br \/>1. ALLGEMEINE REGELN<\/b><\/strong><\/p>\n<p>1.1. Der Eigent\u00fcmer und Administrator der Website &#8211; Danila Gifts O\u00dc<br \/>1.2. Bei der Bestellung der Website <a href=\"https:\/\/danila-souvenirs.com\/de\/?lang=de\">www.danila-souvenirs.com<\/a> stimmt der Kunde den Warenverkaufsbestimmungen (im Folgenden &#8211; die Regeln) zu, die unten beschrieben werden.<br \/>1.3. Diese Regeln sowie die auf der Website ver\u00f6ffentlichten Informationen sind \u00f6ffentlich zug\u00e4nglich.<br \/>1.4. Die Beziehung zwischen dem Kunden und dem Verk\u00e4ufer unterliegt den Gesetzen der Republik Estland.<br \/>1.5. Der Verk\u00e4ufer beh\u00e4lt sich das Recht vor, die Regeln zu \u00e4ndern.<\/p>\n<p><strong><b>2. REGISTRIERUNG<\/b><\/strong><\/p>\n<p>2.1. Die Online-Bestellung steht registrierten und nicht registrierten Kunden zur Verf\u00fcgung.<br \/>2.2. Der Verk\u00e4ufer ist nicht verantwortlich f\u00fcr die Genauigkeit und Zuverl\u00e4ssigkeit der Informationen, die der Kunde auf der Website erh\u00e4lt.<br \/>2.3. Das Kundenkonto wird w\u00e4hrend des Bestellvorgangs erstellt.<br \/>2.4. Der Kunde verpflichtet sich, seinen Benutzernamen und sein Passwort, die im Registrierungsformular auf der Website angegeben wurden, nicht an Dritte weiterzugeben. Wenn der Kunde den Verdacht hat, dass sein Benutzername und\/oder sein Passwort bekannt sein und\/oder von Dritten verwendet werden k\u00f6nnten, sollte der Kunde den Verk\u00e4ufer unverz\u00fcglich per E-Mail an <a href=\"mailto:sales@danila-souvenirs.com\">sales@danila-souvenirs.com<\/a> informieren. Das Schreiben muss mit den bei der Registrierung verwendeten Informationen sowie der E-Mail-Adresse des Kunden versendet werden.<\/p>\n<p><strong><b>3.BESTELLUNG UND DAUER SEINER LEISTUNG<\/b><\/strong><\/p>\n<p>3.1. Der Kunde kann selbst eine Online-Bestellung aufgeben.<br \/>3.2. Bei der Bestellung muss der Kunde folgende Angaben machen:<br \/>&#8211; Vor- und Nachname des Kunden \/ Empf\u00e4ngers der Bestellung<br \/>&#8211; Lieferadresse<br \/>&#8211; E-Mail-Addresse<br \/>&#8211; Telefonnummer (freiwillig)<br \/>3.3. Nach erfolgreicher Bestellung eines Produkts erh\u00e4lt der Kunde eine E-Mail, die den Bestellstatus best\u00e4tigt.<br \/>3.4. Die Bestellung gilt als bearbeitet und der Verk\u00e4uferdienst beginnt mit der Bearbeitung der Lieferung, sobald die vollst\u00e4ndige Zahlung der Bestellung vom Kunden eingegangen ist.<br \/>3.5. Ist der Artikel in der vom Kunden angegebenen gew\u00fcnschten Menge vorr\u00e4tig, wird die gesamte Menge an die vom Kunden angegebene Adresse geliefert. Andernfalls wird der Verk\u00e4ufer den Kunden unter den in der Registrierung angegebenen Kontaktdaten per E-Mail kontaktieren und den Kauf auf Wunsch des Kunden entweder korrigieren oder stornieren.<br \/>3.6. Die Lieferzeit h\u00e4ngt von der Region und der Adresse sowie von der Methode des ausgew\u00e4hlten Lieferservices des Produkts ab und h\u00e4ngt nicht direkt vom Verk\u00e4ufer ab.<br \/>3.7. Wenn der Kunde eine Zahlung storniert, wird die Bestellung storniert und die Zahlung auf das Konto des Kunden zur\u00fcckerstattet. Wenn der Kunde einen Teil einer bezahlten Bestellung stornieren m\u00f6chte, aber die Bestellung noch nicht aus dem Lager versandt wurde, oder eine Bestellung korrigieren m\u00f6chte, sollte die Bestellung vollst\u00e4ndig storniert und eine neue Bestellung aufgegeben werden. Die R\u00fcckerstattung f\u00fcr die vorherige Bestellung erfolgt. Die Frist f\u00fcr die R\u00fcckzahlung des Bestellbetrags h\u00e4ngt von den Bankdienstleistungen und nicht vom Verk\u00e4ufer ab. Sobald der Kunde eine E-Mail bez\u00fcglich des Versands der Bestellung erh\u00e4lt, kann diese nicht mehr storniert werden.<br \/>3.8. Auf der Website verf\u00fcgbare Informationsmaterialien spiegeln die Eigenschaften der Ware nicht vollst\u00e4ndig wider. Der Kunde hat das Recht, vor Abgabe der Bestellung beim Verk\u00e4ufer eine detaillierte Erkl\u00e4rung der Eigenschaften der von ihm gew\u00fcnschten Ware zu verlangen. Wenn der Kunde den Verk\u00e4ufer nicht f\u00fcr eine detaillierte Erkl\u00e4rung kontaktiert, wird davon ausgegangen, dass der Kunde keine Zweifel an den spezifischen Eigenschaften des Produkts hatte.<br \/>3.9. Die auf der Website <a href=\"https:\/\/danila-souvenirs.com\/de\/?lang=de\">www.danila-souvenirs.com<\/a> ver\u00f6ffentlichte Produktbeschreibung dient nur zu Informationszwecken. Die Verwendung dieser Informationen kann nicht f\u00fcr rechtliche Verpflichtungen zwischen dem Verk\u00e4ufer und dem Kunden gehalten werden. Produktbeschreibungen entsprechen m\u00f6glicherweise nicht exakt den Kriterien der Kundenw\u00fcnsche.<br \/>3.10. Der Verk\u00e4ufer ist nicht verantwortlich f\u00fcr die Schattierungen und Farben der ausgestellten Produkte.<\/p>\n<p><strong><b>4.LIEFERUNG<\/b><\/strong><\/p>\n<p>4.1. Der Verk\u00e4ufer tut alles in seiner Macht Stehende, um die versprochene Lieferzeit einzuhalten, aber trotzdem kann es aufgrund von Umst\u00e4nden, die au\u00dferhalb der direkten Kontrolle des Verk\u00e4ufers liegen, zu Verz\u00f6gerungen kommen.<br \/>4.2. Die Gefahr des zuf\u00e4lligen Untergangs oder der Besch\u00e4digung der Ware geht mit pers\u00f6nlicher Entgegennahme der Bestellung auf den Kunden \u00fcber.<br \/>4.3. Wenn die Ware aufgrund von Verlust w\u00e4hrend der Lieferung nicht an den Kunden geliefert wird, erstattet der Verk\u00e4ufer dem Kunden den f\u00fcr die Ware gezahlten Preis und die Versandkosten erst, nachdem der Verk\u00e4ufer vom Kurierdienst eine Best\u00e4tigung \u00fcber den Verlust erhalten hat.<br \/>4.4. Alle m\u00f6glichen Lieferarten sind im Abschnitt \u201eLieferung\u201c auf der Website angegeben.<br \/>4.5. Die Lieferung der Bestellung erfolgt an den Kunden oder die Person, die in der Bestellung als Empf\u00e4nger der Bestellung aufgef\u00fchrt ist.<\/p>\n<p><strong><b>5. ZAHLUNG DER WAREN<\/b><\/strong><\/p>\n<p>5.1. Alle Preise auf der Website beinhalten die Mehrwertsteuer f\u00fcr Kunden innerhalb der EU. Wenn sich der Kunde au\u00dferhalb der EU befindet, ist der Kunde f\u00fcr alle Steuern in seinem Land verantwortlich.<\/p>\n<p><strong>Der Verk\u00e4ufer liefert Waren aus Lagern in den folgenden L\u00e4ndern und Regionen:<\/strong><\/p>\n<p>&#8211; EU<br \/>&#8211; Gro\u00dfbritannien<br \/>&#8211; USA<br \/>&#8211; Kanada<br \/>&#8211; Australien<br \/>&#8211; Japan<br \/>&#8211; Singapur<\/p>\n<p>Befindet sich der Kunde in einer dieser Regionen, muss der Kunde keine Z\u00f6lle zahlen. Andernfalls liegt es in der Verantwortung des Kunden, die Zollgeb\u00fchren in seinem Land zu zahlen.<\/p>\n<p>Die Versandkosten sind f\u00fcr die oben aufgef\u00fchrten Regionen im Preis enthalten. F\u00fcr alle anderen Regionen richten sich die Versandkosten nach dem Gesamtgewicht des Pakets.<br \/>5.2. Alle Zahlungsmethoden sind auf der Website im Abschnitt Zahlung beschrieben.<br \/>5.3. Die Bestellung wird erst nach vollst\u00e4ndiger Bezahlung zur weiteren Bearbeitung angenommen. Ein Produkt kann nicht reserviert werden.<br \/>5.4. Der Verk\u00e4ufer hat das Recht, dem Kunden einen Rabatt auf Waren und Angebote f\u00fcr die Teilnahme des Kunden an Sonderaktionen und Bonusprogrammen zu gew\u00e4hren. Der Verk\u00e4ufer hat das Recht, die Preise und Bedingungen von Werbeaktionen und Bonusprogrammen einseitig zu \u00e4ndern.<\/p>\n<p><strong><b>6. R\u00dcCKSENDUNGEN<\/b><\/strong><\/p>\n<p>6.1. Der Kunde hat das Recht, die gekaufte Ware innerhalb von 30 Tagen nach Erhalt der Ware ohne Angabe von Gr\u00fcnden zur\u00fcckzugeben, sofern das Aussehen des Produkts, die Verbrauchereigenschaften, die Originalverpackung und die Etiketten erhalten bleiben.<br \/>6.2. Wenn der Kunde die gekaufte Ware aus dem in Ziffer 6.1 beschriebenen Grund ablehnt, zahlt der Verk\u00e4ufer den vollen Wert der zur\u00fcckgegebenen Ware ohne Versandkosten des Produkts.<br \/>6.3. Nach dem Verbraucherschutzgesetz hat der Verk\u00e4ufer das Recht, die R\u00fccknahme der Ware oder die Zahlung zu verweigern, wenn die Ware nicht in der Originalverpackung zur\u00fcckgesandt wird, die Verpackung schwere Besch\u00e4digungen aufweist oder die Ware erkennbare Gebrauchsspuren aufweist Gebrauchsspuren wie Kratzer und \u00e4hnliche M\u00e4ngel.<br \/>6.4. Der Verk\u00e4ufer bietet keinen Umtauschservice f\u00fcr die Ware an, der Kunde kann jedoch jedes Produkt, das nicht vollst\u00e4ndig zufriedenstellend ist (wie in Ziffer 6.1.), innerhalb von 30 Tagen nach Erhalt der Bestellung zur\u00fccksenden und \/ oder eine neue Bestellung aufgeben.<br \/>6.5. Der Betrag wird dem Kunden auf die gleiche Weise zur\u00fcckerstattet, die der Kunde bei der Bezahlung der Bestellung verwendet hat.<br \/>6.6. Der Antrag auf Warenr\u00fcckgabe und R\u00fcckerstattung muss in freiem Formular an die E-Mail-Adresse s<a href=\"mailto:sales@danila-souvenirs.com\">ales@danila-souvenirs.com<\/a> gestellt werden.<br \/>6.7. Der Kunde ist f\u00fcr die Aufrechterhaltung der Produktqualit\u00e4t und -sicherheit w\u00e4hrend der ersten 30 Tage nach Erhalt verantwortlich, in denen R\u00fcckgaben m\u00f6glich sind.<br \/>6.8. Ab der ersten Nutzung der Ware best\u00e4tigt der Kunde, dass das Produkt seinen Erwartungen entspricht und somit nicht erstattungsf\u00e4hig ist.<\/p>\n<p><strong><b>7. GEISTIGES EIGENTUM<\/b><\/strong><\/p>\n<p>7.1. Alle auf der Website ver\u00f6ffentlichten Texte oder grafischen Informationen sind gesch\u00fctzt und Eigentum des Verk\u00e4ufers.<\/p>\n<p><strong><b>8. GEW\u00c4HRLEISTUNG UND HAFTUNG<\/b><\/strong><\/p>\n<p>8.1. Der Verk\u00e4ufer haftet nicht f\u00fcr Sch\u00e4den, die dem Kunden durch unsachgem\u00e4\u00dfe Verwendung der Ware entstehen.<br \/>8.2. Der Verk\u00e4ufer ist berechtigt, die Erf\u00fcllung seiner Rechte und Pflichten gegen\u00fcber dem Kunden auf Dritte zu \u00fcbertragen.<br \/>8.3. Die auf der Website <a href=\"https:\/\/danila-souvenirs.com\/de\/?lang=de\">www.danila-souvenirs.com<\/a> ver\u00f6ffentlichten Produktbeschreibungen dienen nur zu Informationszwecken. Die Verwendung dieser Informationen kann nicht f\u00fcr rechtliche Verpflichtungen zwischen dem Verk\u00e4ufer und dem Kunden gehalten werden. Produktbeschreibungen entsprechen m\u00f6glicherweise nicht den Kriterien spezifischer Kundenw\u00fcnsche.<br \/>8.4. Der Verk\u00e4ufer ist nicht verantwortlich f\u00fcr die \u00dcbertragung der Warenfarbeinstellungen auf das Kundendisplay.<\/p>\n<p><strong><b>9. SONSTIGE REGELN<\/b><\/strong><\/p>\n<p>9.1 Die Beziehung zwischen dem Verk\u00e4ufer und dem Kunden wird durch die Gesetzgebung der Republik Estland geregelt.<br \/>9.2. Im Falle von Fragen oder Beschwerden sollte der Kunde diese an die Kundendienstabteilung richten. Alle Streitigkeiten zwischen den Parteien werden versucht, durch Verhandlungen beizulegen. Wenn die Parteien keine Einigung erzielen k\u00f6nnen, wird die Streitigkeit gem\u00e4\u00df den geltenden Gesetzen der Republik Estland an die Justizbeh\u00f6rden verwiesen.<br \/>9.3. Wenn ein Gericht einen der oben genannten Punkte dieser Allgemeinen Gesch\u00e4ftsbedingungen als ung\u00fcltig anerkennt, werden die \u00fcbrigen Punkte dadurch nicht ung\u00fcltig.<\/p>\n<p>[\/et_pb_text][\/et_pb_column][\/et_pb_row][\/et_pb_section]<\/p>\n","protected":false},"excerpt":{"rendered":"<p>Terms &amp; amp; BedingungenStartseite &#8211; Allgemeine Gesch\u00e4ftsbedingungenTerms &amp; amp; Bedingungen Kunde &#8211; Die Person, die im Internetshop www.danila-souvenirs.com eine Bestellung aufgibt und Empf\u00e4nger der bestellten Ware ist.Verk\u00e4ufer &#8211; www.danila-souvenirs.comDanila Gifts O\u00dcRegistrierungscode: 14331261Umsatzsteuer-Identifikationsnummer: EE102010118Adresse: Veetorni tn 6-6, Aseri 43401, EstlandE-Shop &#8211; die Internetseite mit folgender Adresse: www.danila-souvenirs.com. Die Website steht dem Kunden f\u00fcr den Kauf von [&hellip;]<\/p>\n","protected":false},"author":2,"featured_media":0,"parent":0,"menu_order":0,"comment_status":"closed","ping_status":"closed","template":"","meta":{"_et_pb_use_builder":"on","_et_pb_old_content":"","_et_gb_content_width":"","footnotes":""},"class_list":["post-12159","page","type-page","status-publish","hentry"],"_links":{"self":[{"href":"https:\/\/danila-souvenirs.com\/de\/wp-json\/wp\/v2\/pages\/12159","targetHints":{"allow":["GET"]}}],"collection":[{"href":"https:\/\/danila-souvenirs.com\/de\/wp-json\/wp\/v2\/pages"}],"about":[{"href":"https:\/\/danila-souvenirs.com\/de\/wp-json\/wp\/v2\/types\/page"}],"author":[{"embeddable":true,"href":"https:\/\/danila-souvenirs.com\/de\/wp-json\/wp\/v2\/users\/2"}],"replies":[{"embeddable":true,"href":"https:\/\/danila-souvenirs.com\/de\/wp-json\/wp\/v2\/comments?post=12159"}],"version-history":[{"count":3,"href":"https:\/\/danila-souvenirs.com\/de\/wp-json\/wp\/v2\/pages\/12159\/revisions"}],"predecessor-version":[{"id":12162,"href":"https:\/\/danila-souvenirs.com\/de\/wp-json\/wp\/v2\/pages\/12159\/revisions\/12162"}],"wp:attachment":[{"href":"https:\/\/danila-souvenirs.com\/de\/wp-json\/wp\/v2\/media?parent=12159"}],"curies":[{"name":"wp","href":"https:\/\/api.w.org\/{rel}","templated":true}]}}