{"id":12154,"date":"2021-07-07T23:33:10","date_gmt":"2021-07-07T20:33:10","guid":{"rendered":"https:\/\/danila-souvenirs.com\/de\/envio-y-entrega\/"},"modified":"2023-03-16T00:19:06","modified_gmt":"2023-03-15T21:19:06","slug":"envio-y-entrega","status":"publish","type":"page","link":"https:\/\/danila-souvenirs.com\/de\/envio-y-entrega\/?lang=es","title":{"rendered":"Env\u00edo y Entrega"},"content":{"rendered":"<p>[et_pb_section fb_built=&#8221;1&#8243; module_id=&#8221;heading-block-page-2&#8243; _builder_version=&#8221;4.9.7&#8243; _module_preset=&#8221;default&#8221; background_image=&#8221;https:\/\/danila-souvenirs.com\/de\/wp-content\/uploads\/sites\/5\/2021\/07\/Group-2801.jpg&#8221; custom_padding=&#8221;130px||130px||true|false&#8221;][et_pb_row _builder_version=&#8221;4.9.7&#8243; _module_preset=&#8221;default&#8221;][et_pb_column type=&#8221;4_4&#8243; _builder_version=&#8221;4.9.7&#8243; _module_preset=&#8221;default&#8221;][et_pb_text _builder_version=&#8221;4.9.10&#8243; _module_preset=&#8221;default&#8221; header_2_font=&#8221;|300||on|||||&#8221; header_2_text_color=&#8221;#a58943&#8243; header_2_font_size=&#8221;50px&#8221;]<\/p>\n<h2>Env\u00edo y Entrega<\/h2>\n<p>[\/et_pb_text][\/et_pb_column][\/et_pb_row][\/et_pb_section][et_pb_section fb_built=&#8221;1&#8243; _builder_version=&#8221;4.9.7&#8243; _module_preset=&#8221;default&#8221;][et_pb_row _builder_version=&#8221;4.9.10&#8243; _module_preset=&#8221;default&#8221; custom_padding=&#8221;0px||0px|||&#8221;][et_pb_column type=&#8221;4_4&#8243; _builder_version=&#8221;4.9.10&#8243; _module_preset=&#8221;default&#8221;][et_pb_text _builder_version=&#8221;4.9.10&#8243; _module_preset=&#8221;default&#8221; text_text_color=&#8221;#000000&#8243; text_font_size=&#8221;13px&#8221; link_text_color=&#8221;#666666&#8243;]<a href=\"https:\/\/danila-souvenirs.com\/de\/de\">Inicio<\/a> &#8211; Env\u00edo y entrega[\/et_pb_text][\/et_pb_column][\/et_pb_row][et_pb_row _builder_version=&#8221;4.9.7&#8243; _module_preset=&#8221;default&#8221;][et_pb_column type=&#8221;4_4&#8243; _builder_version=&#8221;4.9.7&#8243; _module_preset=&#8221;default&#8221;][et_pb_text _builder_version=&#8221;4.9.10&#8243; _module_preset=&#8221;default&#8221; hover_enabled=&#8221;0&#8243; sticky_enabled=&#8221;0&#8243;]<\/p>\n<h3>Env\u00edo y Entrega<\/h3>\n<p>El env\u00edo se realiza dentro de 1-3 d\u00edas h\u00e1biles desde la recepci\u00f3n del pago.<\/p>\n<p><strong>Entregamos productos desde almacenes ubicados en los siguientes pa\u00edses y regiones:<\/strong><\/p>\n<p>&#8211; UE<br \/>&#8211; Reino Unido<br \/>&#8211; Estados Unidos<br \/>&#8211; Canad\u00e1<br \/>&#8211; Australia<br \/>&#8211; Japon<br \/>&#8211; Singapur<\/p>\n<p><strong>Los tiempos de entrega para cada regi\u00f3n son los siguientes:<\/strong><\/p>\n<p>&#8211; <strong>UE<br \/><\/strong>Alemania, Francia, Italia, Espa\u00f1a \u2013 1-2 d\u00edas h\u00e1biles<br \/>Otros estados miembros de la UE: 2-5 d\u00edas h\u00e1biles<\/p>\n<p>&#8211; <strong>Reino Unido<\/strong> \u2013 1-2 d\u00edas h\u00e1biles<\/p>\n<p>&#8211; <strong>Estados Unidos<\/strong> &#8211; 1-5 d\u00edas h\u00e1biles<\/p>\n<p><strong>-Canad\u00e1<\/strong> \u2013 1-5 d\u00edas h\u00e1biles<\/p>\n<p><strong>-Australia<\/strong> \u2013 1-5 d\u00edas h\u00e1biles<\/p>\n<p><strong>&#8211; Jap\u00f3n<\/strong> \u2013 1-3 d\u00edas h\u00e1biles<\/p>\n<p><strong>&#8211; Singapur<\/strong> \u2013 1-2 d\u00edas h\u00e1biles<\/p>\n<p><strong>Si no se encuentra en estas regiones<\/strong>, la entrega se realizar\u00e1 por correo internacional est\u00e1ndar, los productos se enviar\u00e1n desde Estonia. El tiempo de entrega ser\u00e1 de aproximadamente 10 a 20 d\u00edas h\u00e1biles, depende de su ubicaci\u00f3n.<\/p>\n<p>El costo de env\u00edo est\u00e1 incluido en el precio para las regiones mencionadas anteriormente. Para todas las dem\u00e1s regiones, el costo de env\u00edo depende del peso total del paquete, puede verificar el costo de env\u00edo durante el proceso de compra en su carrito antes de realizar el pedido. El costo de env\u00edo incluye los costos de manejo, embalaje y franqueo.<\/p>\n<p>&nbsp;<\/p>\n<p>[\/et_pb_text][\/et_pb_column][\/et_pb_row][\/et_pb_section]<\/p>\n","protected":false},"excerpt":{"rendered":"<p>Env\u00edo y EntregaInicio &#8211; Env\u00edo y entregaEnv\u00edo y Entrega El env\u00edo se realiza dentro de 1-3 d\u00edas h\u00e1biles desde la recepci\u00f3n del pago. Entregamos productos desde almacenes ubicados en los siguientes pa\u00edses y regiones: &#8211; UE- Reino Unido- Estados Unidos- Canad\u00e1- Australia- Japon- Singapur Los tiempos de entrega para cada regi\u00f3n son los siguientes: &#8211; [&hellip;]<\/p>\n","protected":false},"author":2,"featured_media":0,"parent":0,"menu_order":0,"comment_status":"closed","ping_status":"closed","template":"","meta":{"_et_pb_use_builder":"on","_et_pb_old_content":"","_et_gb_content_width":"","footnotes":""},"class_list":["post-12154","page","type-page","status-publish","hentry"],"_links":{"self":[{"href":"https:\/\/danila-souvenirs.com\/de\/wp-json\/wp\/v2\/pages\/12154","targetHints":{"allow":["GET"]}}],"collection":[{"href":"https:\/\/danila-souvenirs.com\/de\/wp-json\/wp\/v2\/pages"}],"about":[{"href":"https:\/\/danila-souvenirs.com\/de\/wp-json\/wp\/v2\/types\/page"}],"author":[{"embeddable":true,"href":"https:\/\/danila-souvenirs.com\/de\/wp-json\/wp\/v2\/users\/2"}],"replies":[{"embeddable":true,"href":"https:\/\/danila-souvenirs.com\/de\/wp-json\/wp\/v2\/comments?post=12154"}],"version-history":[{"count":3,"href":"https:\/\/danila-souvenirs.com\/de\/wp-json\/wp\/v2\/pages\/12154\/revisions"}],"predecessor-version":[{"id":12157,"href":"https:\/\/danila-souvenirs.com\/de\/wp-json\/wp\/v2\/pages\/12154\/revisions\/12157"}],"wp:attachment":[{"href":"https:\/\/danila-souvenirs.com\/de\/wp-json\/wp\/v2\/media?parent=12154"}],"curies":[{"name":"wp","href":"https:\/\/api.w.org\/{rel}","templated":true}]}}