{"id":12150,"date":"2021-07-07T23:33:10","date_gmt":"2021-07-07T20:33:10","guid":{"rendered":"https:\/\/danila-souvenirs.com\/de\/spedizione-e-consegna\/"},"modified":"2023-03-16T00:01:50","modified_gmt":"2023-03-15T21:01:50","slug":"spedizione-e-consegna","status":"publish","type":"page","link":"https:\/\/danila-souvenirs.com\/de\/spedizione-e-consegna\/?lang=it","title":{"rendered":"Spedizione e consegna"},"content":{"rendered":"<p>[et_pb_section fb_built=&#8221;1&#8243; module_id=&#8221;heading-block-page-2&#8243; _builder_version=&#8221;4.9.7&#8243; _module_preset=&#8221;default&#8221; background_image=&#8221;https:\/\/danila-souvenirs.com\/de\/wp-content\/uploads\/sites\/5\/2021\/07\/Group-2801.jpg&#8221; custom_padding=&#8221;130px||130px||true|false&#8221;][et_pb_row _builder_version=&#8221;4.9.7&#8243; _module_preset=&#8221;default&#8221;][et_pb_column type=&#8221;4_4&#8243; _builder_version=&#8221;4.9.7&#8243; _module_preset=&#8221;default&#8221;][et_pb_text _builder_version=&#8221;4.9.10&#8243; _module_preset=&#8221;default&#8221; header_2_font=&#8221;|300||on|||||&#8221; header_2_text_color=&#8221;#a58943&#8243; header_2_font_size=&#8221;50px&#8221;]<\/p>\n<h2>Spedizione e consegna<\/h2>\n<p>[\/et_pb_text][\/et_pb_column][\/et_pb_row][\/et_pb_section][et_pb_section fb_built=&#8221;1&#8243; _builder_version=&#8221;4.9.7&#8243; _module_preset=&#8221;default&#8221;][et_pb_row _builder_version=&#8221;4.9.10&#8243; _module_preset=&#8221;default&#8221; custom_padding=&#8221;0px||0px|||&#8221;][et_pb_column type=&#8221;4_4&#8243; _builder_version=&#8221;4.9.10&#8243; _module_preset=&#8221;default&#8221;][et_pb_text _builder_version=&#8221;4.9.10&#8243; _module_preset=&#8221;default&#8221; text_text_color=&#8221;#000000&#8243; text_font_size=&#8221;13px&#8221; link_text_color=&#8221;#666666&#8243;]<a href=\"https:\/\/danila-souvenirs.com\/de\/de\">Casa<\/a> &#8211; Spedizione e consegna[\/et_pb_text][\/et_pb_column][\/et_pb_row][et_pb_row _builder_version=&#8221;4.9.7&#8243; _module_preset=&#8221;default&#8221;][et_pb_column type=&#8221;4_4&#8243; _builder_version=&#8221;4.9.7&#8243; _module_preset=&#8221;default&#8221;][et_pb_text _builder_version=&#8221;4.9.10&#8243; _module_preset=&#8221;default&#8221; hover_enabled=&#8221;0&#8243; sticky_enabled=&#8221;0&#8243;]<\/p>\n<h3>Spedizione e consegna<\/h3>\n<p>La spedizione viene effettuata entro 1-3 giorni lavorativi dal ricevimento del pagamento.<\/p>\n<p><strong>Consegniamo merci da magazzini situati nei seguenti paesi e regioni:<\/strong><\/p>\n<p>&#8211; UE<br \/>&#8211; Regno Unito<br \/>&#8211; USA<br \/>&#8211; Canada<br \/>&#8211; Australia<br \/>&#8211; Giappone<br \/>&#8211; Singapore<\/p>\n<p><strong>I tempi di consegna per ogni regione sono i seguenti:<\/strong><\/p>\n<p>&#8211; <strong>EU<br \/><\/strong>Germania, Francia, Italia, Spagna \u2013 1-2 giorni lavorativi<br \/>Altri stati membri dell&#8217;UE &#8211; 2-5 giorni lavorativi<\/p>\n<p><strong>-Regno Unito<\/strong> \u2013 1-2 giorni lavorativi<\/p>\n<p><strong>-USA<\/strong> &#8211; 1-5 giorni lavorativi<\/p>\n<p>&#8211; <strong>Canada<\/strong> \u2013 1-5 giorni lavorativi<\/p>\n<p><strong>&#8211; Australia<\/strong> &#8211; 1-5 giorni lavorativi<\/p>\n<p><strong>&#8211; Giappone<\/strong> &#8211; 1-3 giorni lavorativi<\/p>\n<p><strong>&#8211; Singapore<\/strong> \u2013 1-2 giorni lavorativi<\/p>\n<p><strong>Se non ti trovi in queste regioni<\/strong>, la consegna avverr\u00e0 tramite posta internazionale standard, la merce verr\u00e0 spedita dall&#8217;Estonia. Il tempo di consegna sar\u00e0 di circa 10-20 giorni lavorativi, dipende dalla tua posizione.<\/p>\n<p>Il costo di spedizione \u00e8 incluso nel prezzo per le regioni sopra elencate. Per tutte le altre regioni il costo di spedizione dipende dal peso totale del pacco, \u00e8 possibile controllare il costo di spedizione durante il processo di acquisto nel carrello prima di effettuare l&#8217;ordine. Il costo di spedizione include le spese di gestione, imballaggio e affrancatura.<\/p>\n<p>&nbsp;<\/p>\n<p>[\/et_pb_text][\/et_pb_column][\/et_pb_row][\/et_pb_section]<\/p>\n","protected":false},"excerpt":{"rendered":"<p>Spedizione e consegnaCasa &#8211; Spedizione e consegnaSpedizione e consegna La spedizione viene effettuata entro 1-3 giorni lavorativi dal ricevimento del pagamento. Consegniamo merci da magazzini situati nei seguenti paesi e regioni: &#8211; UE- Regno Unito- USA- Canada- Australia- Giappone- Singapore I tempi di consegna per ogni regione sono i seguenti: &#8211; EUGermania, Francia, Italia, Spagna [&hellip;]<\/p>\n","protected":false},"author":2,"featured_media":0,"parent":0,"menu_order":0,"comment_status":"closed","ping_status":"closed","template":"","meta":{"_et_pb_use_builder":"on","_et_pb_old_content":"","_et_gb_content_width":"","footnotes":""},"class_list":["post-12150","page","type-page","status-publish","hentry"],"_links":{"self":[{"href":"https:\/\/danila-souvenirs.com\/de\/wp-json\/wp\/v2\/pages\/12150","targetHints":{"allow":["GET"]}}],"collection":[{"href":"https:\/\/danila-souvenirs.com\/de\/wp-json\/wp\/v2\/pages"}],"about":[{"href":"https:\/\/danila-souvenirs.com\/de\/wp-json\/wp\/v2\/types\/page"}],"author":[{"embeddable":true,"href":"https:\/\/danila-souvenirs.com\/de\/wp-json\/wp\/v2\/users\/2"}],"replies":[{"embeddable":true,"href":"https:\/\/danila-souvenirs.com\/de\/wp-json\/wp\/v2\/comments?post=12150"}],"version-history":[{"count":3,"href":"https:\/\/danila-souvenirs.com\/de\/wp-json\/wp\/v2\/pages\/12150\/revisions"}],"predecessor-version":[{"id":12153,"href":"https:\/\/danila-souvenirs.com\/de\/wp-json\/wp\/v2\/pages\/12150\/revisions\/12153"}],"wp:attachment":[{"href":"https:\/\/danila-souvenirs.com\/de\/wp-json\/wp\/v2\/media?parent=12150"}],"curies":[{"name":"wp","href":"https:\/\/api.w.org\/{rel}","templated":true}]}}