{"id":12145,"date":"2021-07-07T23:33:10","date_gmt":"2021-07-07T20:33:10","guid":{"rendered":"https:\/\/danila-souvenirs.com\/de\/versand-lieferung\/"},"modified":"2023-03-15T00:57:18","modified_gmt":"2023-03-14T21:57:18","slug":"versand-lieferung","status":"publish","type":"page","link":"https:\/\/danila-souvenirs.com\/de\/versand-lieferung\/?lang=de","title":{"rendered":"Versand &amp; Lieferung"},"content":{"rendered":"<p>[et_pb_section fb_built=&#8221;1&#8243; module_id=&#8221;heading-block-page-2&#8243; _builder_version=&#8221;4.9.7&#8243; _module_preset=&#8221;default&#8221; background_image=&#8221;https:\/\/danila-souvenirs.com\/de\/wp-content\/uploads\/sites\/5\/2021\/07\/Group-2801.jpg&#8221; custom_padding=&#8221;130px||130px||true|false&#8221;][et_pb_row _builder_version=&#8221;4.9.7&#8243; _module_preset=&#8221;default&#8221;][et_pb_column type=&#8221;4_4&#8243; _builder_version=&#8221;4.9.7&#8243; _module_preset=&#8221;default&#8221;][et_pb_text _builder_version=&#8221;4.9.10&#8243; _module_preset=&#8221;default&#8221; header_2_font=&#8221;|300||on|||||&#8221; header_2_text_color=&#8221;#a58943&#8243; header_2_font_size=&#8221;50px&#8221;]<\/p>\n<h2>Versand &amp; Lieferung<\/h2>\n<p>[\/et_pb_text][\/et_pb_column][\/et_pb_row][\/et_pb_section][et_pb_section fb_built=&#8221;1&#8243; _builder_version=&#8221;4.9.7&#8243; _module_preset=&#8221;default&#8221;][et_pb_row _builder_version=&#8221;4.9.10&#8243; _module_preset=&#8221;default&#8221; custom_padding=&#8221;0px||0px|||&#8221;][et_pb_column type=&#8221;4_4&#8243; _builder_version=&#8221;4.9.10&#8243; _module_preset=&#8221;default&#8221;][et_pb_text _builder_version=&#8221;4.9.10&#8243; _module_preset=&#8221;default&#8221; text_text_color=&#8221;#000000&#8243; text_font_size=&#8221;13px&#8221; link_text_color=&#8221;#666666&#8243;]<a href=\"https:\/\/danila-souvenirs.com\/de\/de\">Startseite<\/a> &#8211; Versand &amp; Lieferung[\/et_pb_text][\/et_pb_column][\/et_pb_row][et_pb_row _builder_version=&#8221;4.9.7&#8243; _module_preset=&#8221;default&#8221;][et_pb_column type=&#8221;4_4&#8243; _builder_version=&#8221;4.9.7&#8243; _module_preset=&#8221;default&#8221;][et_pb_text _builder_version=&#8221;4.9.10&#8243; _module_preset=&#8221;default&#8221; hover_enabled=&#8221;0&#8243; sticky_enabled=&#8221;0&#8243;]<\/p>\n<h3>Versand &amp; Lieferung<\/h3>\n<p>Der Versand erfolgt innerhalb von 1-3 Werktagen nach Zahlungseingang.<\/p>\n<p><strong>Wir liefern Waren aus Lagern in den folgenden L\u00e4ndern und Regionen:<\/strong><\/p>\n<p>&#8211; EU<br \/>&#8211; Gro\u00dfbritannien<br \/>&#8211; USA<br \/>&#8211; Kanada<br \/>&#8211; Australien<br \/>&#8211; Japan<br \/>&#8211; Singapur<\/p>\n<p><strong>Die Lieferzeiten f\u00fcr jede Region sind wie folgt:<\/strong><\/p>\n<p><strong>&#8211; EU<br \/><\/strong>Deutschland, Frankreich, Italien, Spanien \u2013 1-2 Werktage<br \/>Andere EU-Mitgliedsstaaten \u2013 2-5 Werktage<\/p>\n<p><strong>&#8211; Vereinigtes K\u00f6nigreich<\/strong> \u2013 1-2 Werktage<\/p>\n<p><strong>&#8211; USA<\/strong> \u2013 1-5 Werktage<\/p>\n<p><strong>&#8211; Kanada<\/strong> \u2013 1-5 Werktage<\/p>\n<p><strong>&#8211; Australien<\/strong> \u2013 1-5 Werktage<\/p>\n<p><strong>&#8211; Japan<\/strong> \u2013 1-3 Werktage<\/p>\n<p><strong>&#8211; Singapur<\/strong> \u2013 1-2 Werktage<\/p>\n<p><strong>Wenn Sie sich nicht in diesen Regionen befinden<\/strong>, erfolgt die Lieferung per internationaler Standardpost, die Waren werden aus Estland verschickt. Die Lieferzeit betr\u00e4gt etwa 10-20 Werktage, es h\u00e4ngt von Ihrem Standort ab.<\/p>\n<p>Die Versandkosten sind f\u00fcr die oben aufgef\u00fchrten Regionen im Preis enthalten. F\u00fcr alle anderen Regionen h\u00e4ngen die Versandkosten vom Gesamtgewicht des Pakets ab, Sie k\u00f6nnen die Versandkosten w\u00e4hrend des Kaufvorgangs in Ihrem Warenkorb \u00fcberpr\u00fcfen, bevor Sie die Bestellung aufgeben. Die Versandkosten beinhalten Bearbeitungs-, Verpackungs- und Portokosten.<\/p>\n<p>&nbsp;<\/p>\n<p>[\/et_pb_text][\/et_pb_column][\/et_pb_row][\/et_pb_section]<\/p>\n","protected":false},"excerpt":{"rendered":"<p>Versand &amp; LieferungStartseite &#8211; Versand &amp; LieferungVersand &amp; Lieferung Der Versand erfolgt innerhalb von 1-3 Werktagen nach Zahlungseingang. Wir liefern Waren aus Lagern in den folgenden L\u00e4ndern und Regionen: &#8211; EU- Gro\u00dfbritannien- USA- Kanada- Australien- Japan- Singapur Die Lieferzeiten f\u00fcr jede Region sind wie folgt: &#8211; EUDeutschland, Frankreich, Italien, Spanien \u2013 1-2 WerktageAndere EU-Mitgliedsstaaten \u2013 [&hellip;]<\/p>\n","protected":false},"author":2,"featured_media":0,"parent":0,"menu_order":0,"comment_status":"closed","ping_status":"closed","template":"","meta":{"_et_pb_use_builder":"on","_et_pb_old_content":"","_et_gb_content_width":"","footnotes":""},"class_list":["post-12145","page","type-page","status-publish","hentry"],"_links":{"self":[{"href":"https:\/\/danila-souvenirs.com\/de\/wp-json\/wp\/v2\/pages\/12145","targetHints":{"allow":["GET"]}}],"collection":[{"href":"https:\/\/danila-souvenirs.com\/de\/wp-json\/wp\/v2\/pages"}],"about":[{"href":"https:\/\/danila-souvenirs.com\/de\/wp-json\/wp\/v2\/types\/page"}],"author":[{"embeddable":true,"href":"https:\/\/danila-souvenirs.com\/de\/wp-json\/wp\/v2\/users\/2"}],"replies":[{"embeddable":true,"href":"https:\/\/danila-souvenirs.com\/de\/wp-json\/wp\/v2\/comments?post=12145"}],"version-history":[{"count":3,"href":"https:\/\/danila-souvenirs.com\/de\/wp-json\/wp\/v2\/pages\/12145\/revisions"}],"predecessor-version":[{"id":12148,"href":"https:\/\/danila-souvenirs.com\/de\/wp-json\/wp\/v2\/pages\/12145\/revisions\/12148"}],"wp:attachment":[{"href":"https:\/\/danila-souvenirs.com\/de\/wp-json\/wp\/v2\/media?parent=12145"}],"curies":[{"name":"wp","href":"https:\/\/api.w.org\/{rel}","templated":true}]}}