{"id":12141,"date":"2021-08-19T10:45:15","date_gmt":"2021-08-19T07:45:15","guid":{"rendered":"https:\/\/danila-souvenirs.com\/de\/politica-de-privacidad\/"},"modified":"2023-03-15T00:44:45","modified_gmt":"2023-03-14T21:44:45","slug":"politica-de-privacidad","status":"publish","type":"page","link":"https:\/\/danila-souvenirs.com\/de\/politica-de-privacidad\/?lang=es","title":{"rendered":"Pol\u00edtica de privacidad"},"content":{"rendered":"<p>[et_pb_section fb_built=&#8221;1&#8243; module_id=&#8221;heading-block-page-2&#8243; _builder_version=&#8221;4.9.7&#8243; _module_preset=&#8221;default&#8221; background_image=&#8221;https:\/\/danila-souvenirs.com\/de\/wp-content\/uploads\/sites\/5\/2021\/07\/Group-2801.jpg&#8221; custom_padding=&#8221;130px||130px||true|false&#8221;][et_pb_row _builder_version=&#8221;4.9.7&#8243; _module_preset=&#8221;default&#8221;][et_pb_column type=&#8221;4_4&#8243; _builder_version=&#8221;4.9.7&#8243; _module_preset=&#8221;default&#8221;][et_pb_text _builder_version=&#8221;4.9.10&#8243; _module_preset=&#8221;default&#8221; header_2_font=&#8221;|300||on|||||&#8221; header_2_text_color=&#8221;#a58943&#8243; header_2_font_size=&#8221;50px&#8221;]<\/p>\n<h2>Pol\u00edtica de privacidad<\/h2>\n<p>[\/et_pb_text][\/et_pb_column][\/et_pb_row][\/et_pb_section][et_pb_section fb_built=&#8221;1&#8243; _builder_version=&#8221;4.9.7&#8243; _module_preset=&#8221;default&#8221;][et_pb_row _builder_version=&#8221;4.9.10&#8243; _module_preset=&#8221;default&#8221; custom_padding=&#8221;0px||0px|||&#8221;][et_pb_column type=&#8221;4_4&#8243; _builder_version=&#8221;4.9.10&#8243; _module_preset=&#8221;default&#8221;][et_pb_text _builder_version=&#8221;4.9.10&#8243; _module_preset=&#8221;default&#8221; text_text_color=&#8221;#000000&#8243; text_font_size=&#8221;13px&#8221; link_text_color=&#8221;#666666&#8243;]<a href=\"https:\/\/danila-souvenirs.com\/de\/de\">Inicio<\/a> &#8211; Pol\u00edtica de privacidad[\/et_pb_text][\/et_pb_column][\/et_pb_row][et_pb_row _builder_version=&#8221;4.9.7&#8243; _module_preset=&#8221;default&#8221;][et_pb_column type=&#8221;4_4&#8243; _builder_version=&#8221;4.9.7&#8243; _module_preset=&#8221;default&#8221;][et_pb_text _builder_version=&#8221;4.9.10&#8243; _module_preset=&#8221;default&#8221; hover_enabled=&#8221;0&#8243; sticky_enabled=&#8221;0&#8243;]<\/p>\n<h3>Pol\u00edtica de privacidad<\/h3>\n<p>El prop\u00f3sito de la pol\u00edtica de privacidad es proporcionar a un individuo (sujeto de datos) informaci\u00f3n sobre el prop\u00f3sito del procesamiento de datos, el volumen, la protecci\u00f3n y la seguridad del procesamiento de datos de un individuo, as\u00ed como proporcionar otra informaci\u00f3n sobre el procesamiento de datos.<\/p>\n<p><strong>Informacion personal<\/strong><br \/>Los datos personales son cualquier informaci\u00f3n que se relaciona con un individuo identificado o identificable.<\/p>\n<p><strong>politica de privacidad<\/strong><br \/>La pol\u00edtica de privacidad de Danila Gifts O\u00dc se aplica al procesamiento de datos personales independientemente de la forma (formulario) que el individuo proporcione sus datos (o el tercero proporcione datos de un tercero de acuerdo con la ley \/ poder notarial \/ consentimiento): en papel , en formato electr\u00f3nico, en Danila Gifts O\u00dc, en la tienda online, en la tienda, etc.<\/p>\n<p><strong>Informaci\u00f3n b\u00e1sica<\/strong><br \/>El prop\u00f3sito del procesamiento de datos personales: la conclusi\u00f3n del contrato de compra de bienes \/ servicios, la implementaci\u00f3n de la entrega de bienes, la administraci\u00f3n de pagos, la implementaci\u00f3n de obligaciones de garant\u00eda.<br \/>Controlador: Danila Gifts O\u00dc, reg nr 14331261<br \/>Domicilio legal: Veetorni tn 6-6, Aseri 43401, Estonia<br \/>Justificaci\u00f3n legal: intereses leg\u00edtimos de Danila Gifts O\u00dc<br \/>Transferencia de datos a terceros pa\u00edses: no se produce<br \/>Destinatarios de los datos: controlador, controlador operador y organismos gubernamentales competentes (derechos humanos), socios y organizaciones (terceras empresas) que prestan servicios, organizaciones que administran bases de datos, servicios de almacenamiento en la nube, servicios de contabilidad, as\u00ed como abogados, procuradores, operadores, etc.<br \/>Especialista en protecci\u00f3n de datos: danilagifts@yahoo.com<\/p>\n<p><strong>Tratamiento de datos personales y justificaci\u00f3n legal<\/strong><br \/>El procesamiento de datos personales se lleva a cabo para realizar los objetivos descritos en esta pol\u00edtica de privacidad, incluidos los intereses leg\u00edtimos de Danila Gifts O\u00dc (actividad comercial), cumplir con los requisitos de los actos reglamentarios en relaci\u00f3n con la recepci\u00f3n, procesamiento, almacenamiento, transmisi\u00f3n, etc. de datos personales de personas f\u00edsicas, as\u00ed como para cumplir con los requisitos de los actos reglamentarios que regulan los derechos de los consumidores.<\/p>\n<p>El per\u00edodo de retenci\u00f3n de los datos personales depende del per\u00edodo regulado en el acto reglamentario o del per\u00edodo especificado en el contrato, o del per\u00edodo regulado de Danila Gifts O\u00dc. Los datos personales no se almacenan m\u00e1s tiempo del necesario para cumplir con los requisitos de las regulaciones, respetando los intereses leg\u00edtimos de Danila Gifts O\u00dc. Cuando surge una condici\u00f3n en la que ya no se requiere el almacenamiento de datos personales, los datos personales se eliminan.<\/p>\n<p>Para el almacenamiento de datos personales, se utilizan programas especializados y seguros para garantizar el almacenamiento y procesamiento seguros de los datos personales mediante programas antivirus (&#8220;cortafuegos&#8221;) y otras soluciones t\u00e9cnicas. Los datos personales est\u00e1n protegidos por sistemas de acceso y programas especiales.<br \/>Almacenamiento de datos personales<br \/>Los datos personales no se transfieren a terceros pa\u00edses (pa\u00edses que no forman parte de la UE y\/o del SES).<br \/>Los datos personales pueden transferirse a socios de Danila Gifts O\u00dc (incluidas las empresas que brindan servicios de terceros), organizaciones que brindan servicios (operadores) y personas f\u00edsicas y jur\u00eddicas autorizadas (abogados, abogados). La transferencia de datos se realiza de forma segura utilizando programas y tecnolog\u00edas seguros. Los datos personales se transfieren solo en la medida necesaria para cumplir con los intereses legales y leg\u00edtimos de Danila Gifts O\u00dc.<\/p>\n<p><strong>Env\u00edo de ofertas comerciales y materiales promocionales<\/strong><br \/>Las ofertas comerciales se env\u00edan a aquellos destinatarios\/individuos que han aceptado recibir ofertas comerciales (materiales publicitarios) de Danila Gifts O\u00dc. La informaci\u00f3n sobre la negativa a recibir materiales promocionales se incluye en el correo electr\u00f3nico promocional. Tambi\u00e9n puede negarse a recibir materiales promocionales escribiendo al correo electr\u00f3nico <a href=\"mailto:sales@danila-souvenirs.com\">sales@danila-souvenirs.com<\/a>.<\/p>\n<p><strong>Acceso a sus datos personales<\/strong><br \/>Una persona puede acceder a sus datos personales sobre la base de una solicitud por escrito, observando los requisitos de las normas que rigen los datos personales, as\u00ed como las normas que rigen la aceptaci\u00f3n y consideraci\u00f3n de solicitudes mediante el env\u00edo de una solicitud (por correo: Danila Gifts O\u00dc, Veetorni tn 6-6, Aseri 43401, Estonia, por correo electr\u00f3nico: danilagifts@yahoo.com).<\/p>\n<p>Al presentar una solicitud, una persona est\u00e1 obligada a identificarse en la cantidad necesaria para que Danila Gifts O\u00dc pueda asegurarse de que la persona que solicita los datos es la persona cuyos datos se solicitan (la persona solicita sus datos). Solo en este caso, Danila Gifts O\u00dc facilitar\u00e1 a la persona todos los datos disponibles y dem\u00e1s informaci\u00f3n prevista por la ley.<\/p>\n<p><strong>Derecho a retirar el consentimiento<\/strong><br \/>Una persona tiene derecho a retirar su consentimiento para el procesamiento de datos personales. La negativa se presenta en la misma forma que el consentimiento prestado para el tratamiento de datos personales.<br \/>En cualquier caso, una persona puede enviar su negativa a procesar datos personales a la direcci\u00f3n legal de Danila Gifts O\u00dc: Veetorni tn 6-6, Aseri 43401, Estonia, y\/o por correo electr\u00f3nico: danilagifts@yahoo.com. La negativa no afecta el procesamiento de datos personales, que se realiz\u00f3 antes de la negativa. Asimismo, la negativa no afecta ni suspende el tratamiento de los datos personales, que se haya realizado de conformidad y\/o en base a fundamentos legales (reglamento, ley, normas).<\/p>\n<p><strong>Informaci\u00f3n final<\/strong><br \/>Danila Gifts O\u00dc tiene el derecho de cambiar la pol\u00edtica de privacidad, informando a los individuos (sujetos de datos) sobre esto.<br \/>Los encabezados de esta secci\u00f3n deben interpretarse \u00fanicamente como facilitadores de la presentaci\u00f3n de la informaci\u00f3n.<br \/>El sujeto de datos (a un individuo) que cree que sus derechos con respecto a los datos personales han sido violados tiene derecho a presentar una solicitud a Danila Gifts O\u00dc o a la Inspecci\u00f3n de Datos del Estado.<\/p>\n<p>[\/et_pb_text][\/et_pb_column][\/et_pb_row][\/et_pb_section]<\/p>\n","protected":false},"excerpt":{"rendered":"<p>Pol\u00edtica de privacidadInicio &#8211; Pol\u00edtica de privacidadPol\u00edtica de privacidad El prop\u00f3sito de la pol\u00edtica de privacidad es proporcionar a un individuo (sujeto de datos) informaci\u00f3n sobre el prop\u00f3sito del procesamiento de datos, el volumen, la protecci\u00f3n y la seguridad del procesamiento de datos de un individuo, as\u00ed como proporcionar otra informaci\u00f3n sobre el procesamiento de [&hellip;]<\/p>\n","protected":false},"author":2,"featured_media":0,"parent":0,"menu_order":0,"comment_status":"closed","ping_status":"closed","template":"","meta":{"_et_pb_use_builder":"on","_et_pb_old_content":"","_et_gb_content_width":"","footnotes":""},"class_list":["post-12141","page","type-page","status-publish","hentry"],"_links":{"self":[{"href":"https:\/\/danila-souvenirs.com\/de\/wp-json\/wp\/v2\/pages\/12141","targetHints":{"allow":["GET"]}}],"collection":[{"href":"https:\/\/danila-souvenirs.com\/de\/wp-json\/wp\/v2\/pages"}],"about":[{"href":"https:\/\/danila-souvenirs.com\/de\/wp-json\/wp\/v2\/types\/page"}],"author":[{"embeddable":true,"href":"https:\/\/danila-souvenirs.com\/de\/wp-json\/wp\/v2\/users\/2"}],"replies":[{"embeddable":true,"href":"https:\/\/danila-souvenirs.com\/de\/wp-json\/wp\/v2\/comments?post=12141"}],"version-history":[{"count":3,"href":"https:\/\/danila-souvenirs.com\/de\/wp-json\/wp\/v2\/pages\/12141\/revisions"}],"predecessor-version":[{"id":12144,"href":"https:\/\/danila-souvenirs.com\/de\/wp-json\/wp\/v2\/pages\/12141\/revisions\/12144"}],"wp:attachment":[{"href":"https:\/\/danila-souvenirs.com\/de\/wp-json\/wp\/v2\/media?parent=12141"}],"curies":[{"name":"wp","href":"https:\/\/api.w.org\/{rel}","templated":true}]}}