{"id":12137,"date":"2021-08-19T10:45:15","date_gmt":"2021-08-19T07:45:15","guid":{"rendered":"https:\/\/danila-souvenirs.com\/de\/politica-sulla-riservatezza\/"},"modified":"2023-03-15T00:32:21","modified_gmt":"2023-03-14T21:32:21","slug":"politica-sulla-riservatezza","status":"publish","type":"page","link":"https:\/\/danila-souvenirs.com\/de\/politica-sulla-riservatezza\/?lang=it","title":{"rendered":"politica sulla riservatezza"},"content":{"rendered":"<p>[et_pb_section fb_built=&#8221;1&#8243; module_id=&#8221;heading-block-page-2&#8243; _builder_version=&#8221;4.9.7&#8243; _module_preset=&#8221;default&#8221; background_image=&#8221;https:\/\/danila-souvenirs.com\/de\/wp-content\/uploads\/sites\/5\/2021\/07\/Group-2801.jpg&#8221; custom_padding=&#8221;130px||130px||true|false&#8221;][et_pb_row _builder_version=&#8221;4.9.7&#8243; _module_preset=&#8221;default&#8221;][et_pb_column type=&#8221;4_4&#8243; _builder_version=&#8221;4.9.7&#8243; _module_preset=&#8221;default&#8221;][et_pb_text _builder_version=&#8221;4.9.10&#8243; _module_preset=&#8221;default&#8221; header_2_font=&#8221;|300||on|||||&#8221; header_2_text_color=&#8221;#a58943&#8243; header_2_font_size=&#8221;50px&#8221;]<\/p>\n<h2>politica sulla riservatezza<\/h2>\n<p>[\/et_pb_text][\/et_pb_column][\/et_pb_row][\/et_pb_section][et_pb_section fb_built=&#8221;1&#8243; _builder_version=&#8221;4.9.7&#8243; _module_preset=&#8221;default&#8221;][et_pb_row _builder_version=&#8221;4.9.10&#8243; _module_preset=&#8221;default&#8221; custom_padding=&#8221;0px||0px|||&#8221;][et_pb_column type=&#8221;4_4&#8243; _builder_version=&#8221;4.9.10&#8243; _module_preset=&#8221;default&#8221;][et_pb_text _builder_version=&#8221;4.9.10&#8243; _module_preset=&#8221;default&#8221; text_text_color=&#8221;#000000&#8243; text_font_size=&#8221;13px&#8221; link_text_color=&#8221;#666666&#8243;]<a href=\"https:\/\/danila-souvenirs.com\/de\/de\">Casa<\/a> &#8211; Informativa sulla privacy[\/et_pb_text][\/et_pb_column][\/et_pb_row][et_pb_row _builder_version=&#8221;4.9.7&#8243; _module_preset=&#8221;default&#8221;][et_pb_column type=&#8221;4_4&#8243; _builder_version=&#8221;4.9.7&#8243; _module_preset=&#8221;default&#8221;][et_pb_text _builder_version=&#8221;4.9.10&#8243; _module_preset=&#8221;default&#8221; hover_enabled=&#8221;0&#8243; sticky_enabled=&#8221;0&#8243;]<\/p>\n<h3>politica sulla riservatezza<\/h3>\n<p>Lo scopo dell&#8217;informativa sulla privacy \u00e8 fornire a un individuo (interessato) informazioni sullo scopo del trattamento dei dati, il volume, la protezione e la sicurezza del trattamento dei dati di un individuo, nonch\u00e9 fornire altre informazioni sul trattamento dei dati.<\/p>\n<p><strong>Informazione personale<\/strong><br \/>I dati personali sono tutte le informazioni relative a un individuo identificato o identificabile.<\/p>\n<p><strong>politica sulla riservatezza<\/strong><br \/>L&#8217;informativa sulla privacy di Danila Gifts O\u00dc si applica al trattamento dei dati personali indipendentemente dalla forma (modulo) in cui l&#8217;individuo fornisce i propri dati (o la terza persona fornisce i dati di una terza parte in conformit\u00e0 con la legge \/ procura \/ consenso): su carta , in formato elettronico, su Danila Gifts O\u00dc, nel negozio online, nel negozio, ecc.<\/p>\n<p><strong>Informazioni di base<\/strong><br \/>Finalit\u00e0 del trattamento dei dati personali: conclusione del contratto di acquisto di beni\/servizi, esecuzione della consegna della merce, gestione dei pagamenti, adempimento degli obblighi di garanzia.<br \/>Titolare del trattamento: Danila Gifts O\u00dc, reg. nr 14331261<br \/>Indirizzo legale: Veetorni tn 6-6, Aseri 43401, Estonia<br \/>Giustificazione legale: interessi legittimi di Danila Gifts O\u00dc<br \/>Trasferimento dati verso paesi terzi: non avviene<br \/>Destinatari dei dati: titolare del trattamento, operatore del trattamento e agenzie governative competenti (diritti umani), partner e organizzazioni (societ\u00e0 terze) che forniscono servizi, organizzazioni che gestiscono database, servizi di cloud storage, servizi di contabilit\u00e0, nonch\u00e9 avvocati, procuratori, operatori, ecc dd<br \/>Specialista della protezione dei dati: danilagifts@yahoo.com<\/p>\n<p><strong>Trattamento dei dati personali e giustificazione legale<\/strong><br \/>Il trattamento dei dati personali viene effettuato al fine di realizzare gli obiettivi descritti nella presente informativa sulla privacy, inclusi gli interessi legittimi di Danila Gifts O\u00dc (attivit\u00e0 commerciale), rispettare i requisiti degli atti normativi in \u200b\u200brelazione alla ricezione, elaborazione, archiviazione, trasmissione, ecc. dei dati personali delle persone fisiche, nonch\u00e9 per soddisfare i requisiti degli atti normativi che disciplinano i diritti dei consumatori.<\/p>\n<p>Il periodo di conservazione dei dati personali dipende dal periodo regolamentato nell&#8217;atto normativo o dal periodo specificato nel contratto, o dal periodo regolamentato di Danila Gifts O\u00dc. I dati personali non vengono conservati pi\u00f9 a lungo del necessario per soddisfare i requisiti della normativa, nel rispetto degli interessi legittimi di Danila Gifts O\u00dc. Quando si verifica una condizione in cui la conservazione dei dati personali non \u00e8 pi\u00f9 necessaria, i dati personali vengono cancellati.<\/p>\n<p>Per l&#8217;archiviazione dei dati personali, vengono utilizzati programmi specializzati e sicuri per garantire l&#8217;archiviazione e l&#8217;elaborazione sicura dei dati personali utilizzando programmi antivirus (&#8220;firewall&#8221;) e altre soluzioni tecniche. I dati personali sono protetti da sistemi di accesso e programmi speciali.<br \/>Conservazione dei dati personali<br \/>I dati personali non sono trasferiti verso paesi terzi (paesi che non fanno parte della UE e\/o del SES).<br \/>I dati personali possono essere trasferiti a partner di Danila Gifts O\u00dc (comprese le societ\u00e0 che forniscono servizi di terze parti), organizzazioni che forniscono servizi (operatori) e persone giuridiche e persone autorizzate (avvocati, avvocati). Il trasferimento dei dati avviene in modo sicuro utilizzando programmi e tecnologie sicuri. I dati personali vengono trasferiti solo nella misura necessaria per soddisfare gli interessi legali e legittimi di Danila Gifts O\u00dc.<\/p>\n<p><strong>Invio di offerte commerciali e materiale promozionale<\/strong><br \/>Le offerte commerciali vengono inviate a quei destinatari\/persone fisiche che hanno accettato di ricevere offerte commerciali (materiale pubblicitario) da Danila Gifts O\u00dc. Le informazioni sul rifiuto di ricevere materiale promozionale sono elencate nell&#8217;e-mail promozionale. Puoi anche rifiutare di ricevere materiale promozionale scrivendo a e-mail &#8211; <a href=\"mailto:sales@danila-souvenirs.com\">sales@danila-souvenirs.com<\/a>.<\/p>\n<p><strong>Accesso ai tuoi dati personali<\/strong><br \/>Un individuo pu\u00f2 accedere ai propri dati personali sulla base di una domanda scritta, osservando i requisiti delle norme che disciplinano i dati personali, nonch\u00e9 le norme che disciplinano l&#8217;accettazione e l&#8217;esame delle domande inviando una domanda (per posta: Danila Gifts O\u00dc, Veetorni tn 6-6, Aseri 43401, Estonia, via e-mail: danilagifts@yahoo.com).<\/p>\n<p>Al momento della presentazione di una domanda, una persona \u00e8 obbligata a identificarsi nella quantit\u00e0 necessaria in modo che Danila Gifts O\u00dc possa assicurarsi che la persona che richiede i dati sia la persona i cui dati vengono richiesti (la persona richiede i suoi dati). Solo in questo caso, Danila Gifts O\u00dc fornir\u00e0 alla persona tutti i dati disponibili e le altre informazioni previste dalla legge.<\/p>\n<p><strong>Diritto di revocare il consenso<\/strong><br \/>Un individuo ha il diritto di revocare il proprio consenso al trattamento dei dati personali. Il rifiuto \u00e8 presentato nella stessa forma del consenso prestato per il trattamento dei dati personali.<br \/>In ogni caso, un individuo pu\u00f2 inviare il proprio rifiuto al trattamento dei dati personali all&#8217;indirizzo legale di Danila Gifts O\u00dc: Veetorni tn 6-6, Aseri 43401, Estonia, e\/o tramite e-mail: danilagifts@yahoo.com. Il rifiuto non pregiudica il trattamento dei dati personali, che \u00e8 stato effettuato prima del rifiuto. Inoltre, il rifiuto non pregiudica n\u00e9 sospende il trattamento dei dati personali, che \u00e8 stato effettuato in conformit\u00e0 e\/o sulla base di motivi legali (regolamento, legge, regolamento).<\/p>\n<p><strong>Informazioni finali<\/strong><br \/>Danila Gifts O\u00dc ha il diritto di modificare l&#8217;informativa sulla privacy, informandone le persone (interessati).<br \/>I titoli in questa sezione devono essere interpretati solo come facilitazione della presentazione delle informazioni.<br \/>L&#8217;interessato (a un individuo) che ritiene che i suoi diritti relativi ai dati personali siano stati violati ha il diritto di rivolgersi a Danila Gifts O\u00dc o all&#8217;Ispettorato statale per i dati.<\/p>\n<p>[\/et_pb_text][\/et_pb_column][\/et_pb_row][\/et_pb_section]<\/p>\n","protected":false},"excerpt":{"rendered":"<p>politica sulla riservatezzaCasa &#8211; Informativa sulla privacypolitica sulla riservatezza Lo scopo dell&#8217;informativa sulla privacy \u00e8 fornire a un individuo (interessato) informazioni sullo scopo del trattamento dei dati, il volume, la protezione e la sicurezza del trattamento dei dati di un individuo, nonch\u00e9 fornire altre informazioni sul trattamento dei dati. Informazione personaleI dati personali sono tutte [&hellip;]<\/p>\n","protected":false},"author":2,"featured_media":0,"parent":0,"menu_order":0,"comment_status":"closed","ping_status":"closed","template":"","meta":{"_et_pb_use_builder":"on","_et_pb_old_content":"","_et_gb_content_width":"","footnotes":""},"class_list":["post-12137","page","type-page","status-publish","hentry"],"_links":{"self":[{"href":"https:\/\/danila-souvenirs.com\/de\/wp-json\/wp\/v2\/pages\/12137","targetHints":{"allow":["GET"]}}],"collection":[{"href":"https:\/\/danila-souvenirs.com\/de\/wp-json\/wp\/v2\/pages"}],"about":[{"href":"https:\/\/danila-souvenirs.com\/de\/wp-json\/wp\/v2\/types\/page"}],"author":[{"embeddable":true,"href":"https:\/\/danila-souvenirs.com\/de\/wp-json\/wp\/v2\/users\/2"}],"replies":[{"embeddable":true,"href":"https:\/\/danila-souvenirs.com\/de\/wp-json\/wp\/v2\/comments?post=12137"}],"version-history":[{"count":3,"href":"https:\/\/danila-souvenirs.com\/de\/wp-json\/wp\/v2\/pages\/12137\/revisions"}],"predecessor-version":[{"id":12140,"href":"https:\/\/danila-souvenirs.com\/de\/wp-json\/wp\/v2\/pages\/12137\/revisions\/12140"}],"wp:attachment":[{"href":"https:\/\/danila-souvenirs.com\/de\/wp-json\/wp\/v2\/media?parent=12137"}],"curies":[{"name":"wp","href":"https:\/\/api.w.org\/{rel}","templated":true}]}}