{"id":12130,"date":"2021-08-19T10:45:15","date_gmt":"2021-08-19T07:45:15","guid":{"rendered":"https:\/\/danila-souvenirs.com\/de\/datenschutz-bestimmungen\/"},"modified":"2023-03-14T00:33:58","modified_gmt":"2023-03-13T21:33:58","slug":"datenschutz-bestimmungen","status":"publish","type":"page","link":"https:\/\/danila-souvenirs.com\/de\/datenschutz-bestimmungen\/?lang=de","title":{"rendered":"Datenschutz-Bestimmungen"},"content":{"rendered":"<p>[et_pb_section fb_built=&#8221;1&#8243; module_id=&#8221;heading-block-page-2&#8243; _builder_version=&#8221;4.9.7&#8243; _module_preset=&#8221;default&#8221; background_image=&#8221;https:\/\/danila-souvenirs.com\/de\/wp-content\/uploads\/sites\/5\/2021\/07\/Group-2801.jpg&#8221; custom_padding=&#8221;130px||130px||true|false&#8221;][et_pb_row _builder_version=&#8221;4.9.7&#8243; _module_preset=&#8221;default&#8221;][et_pb_column type=&#8221;4_4&#8243; _builder_version=&#8221;4.9.7&#8243; _module_preset=&#8221;default&#8221;][et_pb_text _builder_version=&#8221;4.9.10&#8243; _module_preset=&#8221;default&#8221; header_2_font=&#8221;|300||on|||||&#8221; header_2_text_color=&#8221;#a58943&#8243; header_2_font_size=&#8221;50px&#8221;]<\/p>\n<h2>Datenschutz-Bestimmungen<\/h2>\n<p>[\/et_pb_text][\/et_pb_column][\/et_pb_row][\/et_pb_section][et_pb_section fb_built=&#8221;1&#8243; _builder_version=&#8221;4.9.7&#8243; _module_preset=&#8221;default&#8221;][et_pb_row _builder_version=&#8221;4.9.10&#8243; _module_preset=&#8221;default&#8221; custom_padding=&#8221;0px||0px|||&#8221;][et_pb_column type=&#8221;4_4&#8243; _builder_version=&#8221;4.9.10&#8243; _module_preset=&#8221;default&#8221;][et_pb_text _builder_version=&#8221;4.9.10&#8243; _module_preset=&#8221;default&#8221; text_text_color=&#8221;#000000&#8243; text_font_size=&#8221;13px&#8221; link_text_color=&#8221;#666666&#8243;]<a href=\"https:\/\/danila-souvenirs.com\/de\/de\">Startseite<\/a> &#8211; Datenschutzrichtlinie[\/et_pb_text][\/et_pb_column][\/et_pb_row][et_pb_row _builder_version=&#8221;4.9.7&#8243; _module_preset=&#8221;default&#8221;][et_pb_column type=&#8221;4_4&#8243; _builder_version=&#8221;4.9.7&#8243; _module_preset=&#8221;default&#8221;][et_pb_text _builder_version=&#8221;4.9.10&#8243; _module_preset=&#8221;default&#8221; hover_enabled=&#8221;0&#8243; sticky_enabled=&#8221;0&#8243;]<\/p>\n<h3>Datenschutz-Bestimmungen<\/h3>\n<p>Der Zweck der Datenschutzerkl\u00e4rung besteht darin, einer nat\u00fcrlichen Person (betroffene Person) Informationen \u00fcber den Zweck der Datenverarbeitung, den Umfang, den Schutz und die Sicherheit der Datenverarbeitung einer nat\u00fcrlichen Person sowie weitere Informationen zur Datenverarbeitung bereitzustellen.<\/p>\n<p><strong>Pers\u00f6nliche Angaben<\/strong><br \/>Personenbezogene Daten sind alle Informationen, die sich auf eine identifizierte oder identifizierbare nat\u00fcrliche Person beziehen.<\/p>\n<p><strong>Datenschutz-Bestimmungen<\/strong><br \/>Die Datenschutzrichtlinie von Danila Gifts O\u00dc gilt f\u00fcr die Verarbeitung personenbezogener Daten, unabh\u00e4ngig davon, in welcher Form (Form) die Person ihre Daten bereitstellt (oder die dritte Person Daten eines Dritten gem\u00e4\u00df dem Gesetz \/ Vollmacht \/ Einwilligung bereitstellt): auf Papier , in elektronischer Form, auf Danila Gifts O\u00dc, im Online-Shop, im Shop usw.<\/p>\n<p><strong>Grundinformation<\/strong><br \/>Der Zweck der Verarbeitung personenbezogener Daten: Abschluss des Kaufvertrags \u00fcber Waren \/ Dienstleistungen, Durchf\u00fchrung der Warenlieferung, Zahlungsverwaltung, Erf\u00fcllung von Gew\u00e4hrleistungsverpflichtungen.<br \/>Verantwortlicher: Danila Gifts O\u00dc, reg. nr 14331261<br \/>Rechtssitz: Veetorni tn 6-6, Aseri 43401, Estland<br \/>Rechtsgrundlage: berechtigte Interessen von Danila Gifts O\u00dc<br \/>Daten\u00fcbermittlung an Drittl\u00e4nder: findet nicht statt<br \/>Datenempf\u00e4nger: Verantwortlicher, Verantwortlicher, Betreiber und zust\u00e4ndige (Menschenrechts-)Regierungsbeh\u00f6rden, Partner und Organisationen (Drittunternehmen), die Dienstleistungen erbringen, Organisationen, die Datenbanken, Cloud-Speicherdienste, Buchhaltungsdienste verwalten, sowie Rechtsanw\u00e4lte, Anw\u00e4lte, Betreiber usw. dd<br \/>Datenschutzbeauftragter: danilagifts@yahoo.com<\/p>\n<p><strong>Verarbeitung personenbezogener Daten und rechtliche Begr\u00fcndung<\/strong><br \/>Die Verarbeitung personenbezogener Daten erfolgt, um die in dieser Datenschutzrichtlinie beschriebenen Ziele zu verwirklichen, einschlie\u00dflich der berechtigten Interessen von Danila Gifts O\u00dc (gewerbliche T\u00e4tigkeit), die Anforderungen der Rechtsvorschriften in Bezug auf den Erhalt, die Verarbeitung, die Speicherung zu erf\u00fcllen, \u00dcbermittlung usw. personenbezogener Daten von Einzelpersonen sowie zur Erf\u00fcllung der Anforderungen von Rechtsakten zur Regelung der Verbraucherrechte.<\/p>\n<p>Die Aufbewahrungsfrist f\u00fcr personenbezogene Daten h\u00e4ngt von der im Regulierungsgesetz geregelten oder der im Vertrag festgelegten Frist oder der von Danila Gifts O\u00dc geregelten Dauer ab. Personenbezogene Daten werden nicht l\u00e4nger gespeichert, als es zur Erf\u00fcllung der Anforderungen der Vorschriften erforderlich ist, wobei die berechtigten Interessen von Danila Gifts O\u00dc gewahrt bleiben. Wenn ein Zustand eintritt, in dem die Speicherung personenbezogener Daten nicht mehr erforderlich ist, werden personenbezogene Daten gel\u00f6scht.<\/p>\n<p>F\u00fcr die Speicherung personenbezogener Daten werden spezialisierte und sichere Programme verwendet, um die sichere Speicherung und Verarbeitung personenbezogener Daten durch Antivirenprogramme (\u201eFirewalls\u201c) und andere technische L\u00f6sungen zu gew\u00e4hrleisten. Personenbezogene Daten werden durch Zugangssysteme und spezielle Programme gesch\u00fctzt.<br \/>Speicherung personenbezogener Daten<br \/>Personenbezogene Daten werden nicht in Drittl\u00e4nder (L\u00e4nder, die nicht Teil der EU und\/oder des SES sind) \u00fcbermittelt.<br \/>Personenbezogene Daten k\u00f6nnen an Partner von Danila Gifts O\u00dc (einschlie\u00dflich Unternehmen, die Dienstleistungen Dritter erbringen), Organisationen, die Dienstleistungen erbringen (Betreiber) und autorisierte juristische Personen und Einzelpersonen (Anw\u00e4lte, Rechtsanw\u00e4lte) \u00fcbermittelt werden. Die Daten\u00fcbertragung erfolgt sicher mit sicheren Programmen und Technologien. Personenbezogene Daten werden nur in dem Umfang \u00fcbermittelt, der zur Erf\u00fcllung der gesetzlichen und legitimen Interessen von Danila Gifts O\u00dc erforderlich ist.<\/p>\n<p><strong>Versenden von kommerziellen Angeboten und Werbematerialien<\/strong><br \/>Kommerzielle Angebote werden an diejenigen Adressaten \/ Personen gesendet, die zugestimmt haben, kommerzielle Angebote (Werbematerialien) von Danila Gifts O\u00dc zu erhalten. Informationen \u00fcber die Weigerung, Werbematerialien zu erhalten, sind in der Werbe-E-Mail aufgef\u00fchrt. Sie k\u00f6nnen den Erhalt von Werbematerial auch ablehnen, indem Sie an die E-Mail-Adresse <a href=\"mailto:sales@danila-souvenirs.com\">sales@danila-souvenirs.com<\/a> schreiben.<\/p>\n<p><strong>Zugriff auf Ihre pers\u00f6nlichen Daten<\/strong><br \/>Eine Person kann auf ihre personenbezogenen Daten auf der Grundlage eines schriftlichen Antrags zugreifen, wobei die Anforderungen der Vorschriften \u00fcber personenbezogene Daten sowie die Vorschriften \u00fcber die Annahme und Pr\u00fcfung von Bewerbungen eingehalten werden, indem sie einen Antrag senden (per Post: Danila Gifts O\u00dc, Veetorni tn 6-6, Aseri 43401, Estland, per E-Mail: danilagifts@yahoo.com).<\/p>\n<p>Bei der Einreichung eines Antrags ist eine Person verpflichtet, sich in erforderlichem Umfang zu identifizieren, damit Danila Gifts O\u00dc sicherstellen kann, dass die Person, die Daten anfordert, die Person ist, deren Daten angefordert werden (die Person fordert ihre Daten an). Nur in diesem Fall stellt Danila Gifts O\u00dc der Person alle verf\u00fcgbaren Daten und sonstigen gesetzlich vorgeschriebenen Informationen zur Verf\u00fcgung.<\/p>\n<p><strong>Recht auf Widerruf einer Einwilligung<\/strong><br \/>Eine Person hat das Recht, ihre Zustimmung zur Verarbeitung personenbezogener Daten zu widerrufen. Die Ablehnung erfolgt in der gleichen Form wie die Einwilligung zur Verarbeitung personenbezogener Daten.<br \/>In jedem Fall kann eine Person ihre Ablehnung der Verarbeitung personenbezogener Daten an die gesetzliche Adresse von Danila Gifts O\u00dc: Veetorni tn 6-6, Aseri 43401, Estland, und \/ oder per E-Mail senden: danilagifts@yahoo.com. Die Ablehnung ber\u00fchrt nicht die Verarbeitung personenbezogener Daten, die vor der Ablehnung erfolgt ist. Auch wirkt sich die Ablehnung nicht auf die Verarbeitung personenbezogener Daten aus, die gem\u00e4\u00df und \/ oder aufgrund von Rechtsgrundlagen (Verordnung, Gesetz, Regeln) durchgef\u00fchrt wurde, oder setzt diese aus.<\/p>\n<p><strong>Abschlie\u00dfende Informationen<\/strong><br \/>Danila Gifts O\u00dc hat das Recht, die Datenschutzrichtlinie zu \u00e4ndern und Einzelpersonen (betroffene Personen) dar\u00fcber zu informieren.<br \/>Die \u00dcberschriften in diesem Abschnitt sollten nur so interpretiert werden, dass sie die Pr\u00e4sentation von Informationen erleichtern.<br \/>Die betroffene Person (f\u00fcr eine Einzelperson), die glaubt, dass ihre Rechte in Bezug auf personenbezogene Daten verletzt wurden, hat das Recht, sich an Danila Gifts O\u00dc oder an die staatliche Datenschutzbeh\u00f6rde zu wenden.<\/p>\n<p>[\/et_pb_text][\/et_pb_column][\/et_pb_row][\/et_pb_section]<\/p>\n","protected":false},"excerpt":{"rendered":"<p>Datenschutz-BestimmungenStartseite &#8211; DatenschutzrichtlinieDatenschutz-Bestimmungen Der Zweck der Datenschutzerkl\u00e4rung besteht darin, einer nat\u00fcrlichen Person (betroffene Person) Informationen \u00fcber den Zweck der Datenverarbeitung, den Umfang, den Schutz und die Sicherheit der Datenverarbeitung einer nat\u00fcrlichen Person sowie weitere Informationen zur Datenverarbeitung bereitzustellen. Pers\u00f6nliche AngabenPersonenbezogene Daten sind alle Informationen, die sich auf eine identifizierte oder identifizierbare nat\u00fcrliche Person beziehen. Datenschutz-BestimmungenDie [&hellip;]<\/p>\n","protected":false},"author":2,"featured_media":0,"parent":0,"menu_order":0,"comment_status":"closed","ping_status":"closed","template":"","meta":{"_et_pb_use_builder":"on","_et_pb_old_content":"","_et_gb_content_width":"","footnotes":""},"class_list":["post-12130","page","type-page","status-publish","hentry"],"_links":{"self":[{"href":"https:\/\/danila-souvenirs.com\/de\/wp-json\/wp\/v2\/pages\/12130","targetHints":{"allow":["GET"]}}],"collection":[{"href":"https:\/\/danila-souvenirs.com\/de\/wp-json\/wp\/v2\/pages"}],"about":[{"href":"https:\/\/danila-souvenirs.com\/de\/wp-json\/wp\/v2\/types\/page"}],"author":[{"embeddable":true,"href":"https:\/\/danila-souvenirs.com\/de\/wp-json\/wp\/v2\/users\/2"}],"replies":[{"embeddable":true,"href":"https:\/\/danila-souvenirs.com\/de\/wp-json\/wp\/v2\/comments?post=12130"}],"version-history":[{"count":3,"href":"https:\/\/danila-souvenirs.com\/de\/wp-json\/wp\/v2\/pages\/12130\/revisions"}],"predecessor-version":[{"id":12133,"href":"https:\/\/danila-souvenirs.com\/de\/wp-json\/wp\/v2\/pages\/12130\/revisions\/12133"}],"wp:attachment":[{"href":"https:\/\/danila-souvenirs.com\/de\/wp-json\/wp\/v2\/media?parent=12130"}],"curies":[{"name":"wp","href":"https:\/\/api.w.org\/{rel}","templated":true}]}}