{"id":12122,"date":"2021-08-19T10:44:24","date_gmt":"2021-08-19T07:44:24","guid":{"rendered":"https:\/\/danila-souvenirs.com\/de\/pago\/"},"modified":"2023-03-14T00:19:09","modified_gmt":"2023-03-13T21:19:09","slug":"pago","status":"publish","type":"page","link":"https:\/\/danila-souvenirs.com\/de\/pago\/?lang=es","title":{"rendered":"Pago"},"content":{"rendered":"<p>[et_pb_section fb_built=&#8221;1&#8243; module_id=&#8221;heading-block-page-2&#8243; _builder_version=&#8221;4.9.7&#8243; _module_preset=&#8221;default&#8221; background_image=&#8221;https:\/\/danila-souvenirs.com\/de\/wp-content\/uploads\/sites\/5\/2021\/07\/Group-2801.jpg&#8221; custom_padding=&#8221;130px||130px||true|false&#8221;][et_pb_row _builder_version=&#8221;4.9.7&#8243; _module_preset=&#8221;default&#8221;][et_pb_column type=&#8221;4_4&#8243; _builder_version=&#8221;4.9.7&#8243; _module_preset=&#8221;default&#8221;][et_pb_text _builder_version=&#8221;4.9.10&#8243; _module_preset=&#8221;default&#8221; header_2_font=&#8221;|300||on|||||&#8221; header_2_text_color=&#8221;#a58943&#8243; header_2_font_size=&#8221;50px&#8221;]<\/p>\n<h2>Pago<\/h2>\n<p>[\/et_pb_text][\/et_pb_column][\/et_pb_row][\/et_pb_section][et_pb_section fb_built=&#8221;1&#8243; _builder_version=&#8221;4.9.7&#8243; _module_preset=&#8221;default&#8221;][et_pb_row _builder_version=&#8221;4.9.10&#8243; _module_preset=&#8221;default&#8221; custom_padding=&#8221;0px||0px|||&#8221;][et_pb_column type=&#8221;4_4&#8243; _builder_version=&#8221;4.9.10&#8243; _module_preset=&#8221;default&#8221;][et_pb_text _builder_version=&#8221;4.9.10&#8243; _module_preset=&#8221;default&#8221; text_text_color=&#8221;#000000&#8243; text_font_size=&#8221;13px&#8221; link_text_color=&#8221;#666666&#8243;]<a href=\"https:\/\/danila-souvenirs.com\/de\/de\">Inicio<\/a> &#8211; Pago[\/et_pb_text][\/et_pb_column][\/et_pb_row][et_pb_row _builder_version=&#8221;4.9.7&#8243; _module_preset=&#8221;default&#8221;][et_pb_column type=&#8221;4_4&#8243; _builder_version=&#8221;4.9.7&#8243; _module_preset=&#8221;default&#8221;][et_pb_text _builder_version=&#8221;4.9.10&#8243; _module_preset=&#8221;default&#8221; hover_enabled=&#8221;0&#8243; sticky_enabled=&#8221;0&#8243;]<\/p>\n<h3>M\u00e9todos de pago<\/h3>\n<p><strong>Condiciones de uso:<\/strong><\/p>\n<p>Estimados clientes, pueden pagar mediante transferencia bancaria o tarjeta de cr\u00e9dito. Si pag\u00f3 los bienes a trav\u00e9s de la tarjeta de cr\u00e9dito o transferencia bancaria, pero cambi\u00f3 de opini\u00f3n acerca de comprar los bienes que le interesan, o nos transfiri\u00f3 dinero por error, le reembolsaremos el dinero a la cuenta desde la cual pag\u00f3 la compra, pero solo al d\u00eda siguiente de recibir su pago en nuestra cuenta bancaria.<\/p>\n<p>Durante los primeros 30 d\u00edas posteriores a la recepci\u00f3n de su producto, si por alguna raz\u00f3n no est\u00e1 satisfecho con su compra, puede devolvernos el art\u00edculo comprado a su cargo. Despu\u00e9s de que recibamos los productos, le reembolsaremos su dinero de la misma manera que se realiz\u00f3 el pago dentro de los 3 d\u00edas h\u00e1biles.<\/p>\n<p><strong>Aceptamos los siguientes tipos de pago:<\/strong><\/p>\n<p><strong>1. Transferencia bancaria<\/strong><\/p>\n<p>Danila Gifts O\u00dc<br \/>Cuenta bancaria:<br \/>EE452200221067958217<br \/>SWEDBANK, SWIFT\/BIC HABAEE2X<\/p>\n<p>&nbsp;<\/p>\n<p><strong>2. Tarjetas de cr\u00e9dito:<\/strong><\/p>\n<p>Usamos la puerta de enlace Stripe para aceptar tarjetas Visa, Master y American Express. Stripe es una puerta de enlace de pago segura y confiable para mantener sus datos seguros y privados.<\/p>\n<p>[\/et_pb_text][\/et_pb_column][\/et_pb_row][\/et_pb_section]<\/p>\n","protected":false},"excerpt":{"rendered":"<p>PagoInicio &#8211; PagoM\u00e9todos de pago Condiciones de uso: Estimados clientes, pueden pagar mediante transferencia bancaria o tarjeta de cr\u00e9dito. Si pag\u00f3 los bienes a trav\u00e9s de la tarjeta de cr\u00e9dito o transferencia bancaria, pero cambi\u00f3 de opini\u00f3n acerca de comprar los bienes que le interesan, o nos transfiri\u00f3 dinero por error, le reembolsaremos el dinero [&hellip;]<\/p>\n","protected":false},"author":2,"featured_media":0,"parent":0,"menu_order":0,"comment_status":"closed","ping_status":"closed","template":"","meta":{"_et_pb_use_builder":"on","_et_pb_old_content":"","_et_gb_content_width":"","footnotes":""},"class_list":["post-12122","page","type-page","status-publish","hentry"],"_links":{"self":[{"href":"https:\/\/danila-souvenirs.com\/de\/wp-json\/wp\/v2\/pages\/12122","targetHints":{"allow":["GET"]}}],"collection":[{"href":"https:\/\/danila-souvenirs.com\/de\/wp-json\/wp\/v2\/pages"}],"about":[{"href":"https:\/\/danila-souvenirs.com\/de\/wp-json\/wp\/v2\/types\/page"}],"author":[{"embeddable":true,"href":"https:\/\/danila-souvenirs.com\/de\/wp-json\/wp\/v2\/users\/2"}],"replies":[{"embeddable":true,"href":"https:\/\/danila-souvenirs.com\/de\/wp-json\/wp\/v2\/comments?post=12122"}],"version-history":[{"count":3,"href":"https:\/\/danila-souvenirs.com\/de\/wp-json\/wp\/v2\/pages\/12122\/revisions"}],"predecessor-version":[{"id":12125,"href":"https:\/\/danila-souvenirs.com\/de\/wp-json\/wp\/v2\/pages\/12122\/revisions\/12125"}],"wp:attachment":[{"href":"https:\/\/danila-souvenirs.com\/de\/wp-json\/wp\/v2\/media?parent=12122"}],"curies":[{"name":"wp","href":"https:\/\/api.w.org\/{rel}","templated":true}]}}