{"id":12114,"date":"2021-08-19T10:44:24","date_gmt":"2021-08-19T07:44:24","guid":{"rendered":"https:\/\/danila-souvenirs.com\/de\/zahlung\/"},"modified":"2023-03-14T00:10:51","modified_gmt":"2023-03-13T21:10:51","slug":"zahlung","status":"publish","type":"page","link":"https:\/\/danila-souvenirs.com\/de\/zahlung\/?lang=de","title":{"rendered":"Zahlung"},"content":{"rendered":"<p>[et_pb_section fb_built=&#8221;1&#8243; module_id=&#8221;heading-block-page-2&#8243; _builder_version=&#8221;4.9.7&#8243; _module_preset=&#8221;default&#8221; background_image=&#8221;https:\/\/danila-souvenirs.com\/de\/wp-content\/uploads\/sites\/5\/2021\/07\/Group-2801.jpg&#8221; custom_padding=&#8221;130px||130px||true|false&#8221;][et_pb_row _builder_version=&#8221;4.9.7&#8243; _module_preset=&#8221;default&#8221;][et_pb_column type=&#8221;4_4&#8243; _builder_version=&#8221;4.9.7&#8243; _module_preset=&#8221;default&#8221;][et_pb_text _builder_version=&#8221;4.9.10&#8243; _module_preset=&#8221;default&#8221; header_2_font=&#8221;|300||on|||||&#8221; header_2_text_color=&#8221;#a58943&#8243; header_2_font_size=&#8221;50px&#8221;]<\/p>\n<h2>Zahlung<\/h2>\n<p>[\/et_pb_text][\/et_pb_column][\/et_pb_row][\/et_pb_section][et_pb_section fb_built=&#8221;1&#8243; _builder_version=&#8221;4.9.7&#8243; _module_preset=&#8221;default&#8221;][et_pb_row _builder_version=&#8221;4.9.10&#8243; _module_preset=&#8221;default&#8221; custom_padding=&#8221;0px||0px|||&#8221;][et_pb_column type=&#8221;4_4&#8243; _builder_version=&#8221;4.9.10&#8243; _module_preset=&#8221;default&#8221;][et_pb_text _builder_version=&#8221;4.9.10&#8243; _module_preset=&#8221;default&#8221; text_text_color=&#8221;#000000&#8243; text_font_size=&#8221;13px&#8221; link_text_color=&#8221;#666666&#8243;]<a href=\"https:\/\/danila-souvenirs.com\/de\/de\">Startseite<\/a> &#8211; Zahlung[\/et_pb_text][\/et_pb_column][\/et_pb_row][et_pb_row _builder_version=&#8221;4.9.7&#8243; _module_preset=&#8221;default&#8221;][et_pb_column type=&#8221;4_4&#8243; _builder_version=&#8221;4.9.7&#8243; _module_preset=&#8221;default&#8221;][et_pb_text _builder_version=&#8221;4.9.10&#8243; _module_preset=&#8221;default&#8221; hover_enabled=&#8221;0&#8243; sticky_enabled=&#8221;0&#8243;]<\/p>\n<h3>Zahlungsarten<\/h3>\n<p><strong>Nutzungsbedingungen:<\/strong><\/p>\n<p>Sehr geehrte Kunden, Sie k\u00f6nnen per Bank\u00fcberweisung oder Kreditkarte bezahlen. Wenn Sie die Waren per Kreditkarte oder Bank\u00fcberweisung bezahlt haben, aber Ihre Meinung \u00fcber den Kauf der Waren, an denen Sie interessiert sind, ge\u00e4ndert haben oder f\u00e4lschlicherweise Geld an uns \u00fcberwiesen haben, erstatten wir das Geld auf das Konto zur\u00fcck, von dem Sie den Kauf bezahlt haben, aber erst am n\u00e4chsten Tag nach Eingang Ihrer Zahlung auf unserem Bankkonto.<\/p>\n<p>Wenn Sie in den ersten 30 Tagen nach Erhalt Ihres Produkts aus irgendeinem Grund mit Ihrem Kauf nicht zufrieden sind, k\u00f6nnen Sie Ihren gekauften Artikel auf Ihre Kosten an uns zur\u00fccksenden. Nachdem wir die Ware erhalten haben, erstatten wir Ihr Geld innerhalb von 3 Werktagen auf die gleiche Weise zur\u00fcck, wie die Zahlung erfolgt ist.<\/p>\n<p><strong>Wir akzeptieren folgende Zahlungsarten:<\/strong><\/p>\n<p><strong>1. Bank\u00fcberweisung<\/strong><\/p>\n<p>Danila Gifts O\u00dc<br \/>Bankkonto:<br \/>EE452200221067958217<br \/>SWEDBANK, SWIFT\/BIC HABAEE2X<\/p>\n<p>&nbsp;<\/p>\n<p><strong>2. Kreditkarten:<\/strong><\/p>\n<p>Wir verwenden Stripe Gateway, um Visa, Master Cards und American Express-Karten zu akzeptieren. Stripe ist ein sicheres und zuverl\u00e4ssiges Zahlungsgateway, um Ihre Daten sicher und privat zu halten.<\/p>\n<p>[\/et_pb_text][\/et_pb_column][\/et_pb_row][\/et_pb_section]<\/p>\n","protected":false},"excerpt":{"rendered":"<p>ZahlungStartseite &#8211; ZahlungZahlungsarten Nutzungsbedingungen: Sehr geehrte Kunden, Sie k\u00f6nnen per Bank\u00fcberweisung oder Kreditkarte bezahlen. Wenn Sie die Waren per Kreditkarte oder Bank\u00fcberweisung bezahlt haben, aber Ihre Meinung \u00fcber den Kauf der Waren, an denen Sie interessiert sind, ge\u00e4ndert haben oder f\u00e4lschlicherweise Geld an uns \u00fcberwiesen haben, erstatten wir das Geld auf das Konto zur\u00fcck, von [&hellip;]<\/p>\n","protected":false},"author":2,"featured_media":0,"parent":0,"menu_order":0,"comment_status":"closed","ping_status":"closed","template":"","meta":{"_et_pb_use_builder":"on","_et_pb_old_content":"","_et_gb_content_width":"","footnotes":""},"class_list":["post-12114","page","type-page","status-publish","hentry"],"_links":{"self":[{"href":"https:\/\/danila-souvenirs.com\/de\/wp-json\/wp\/v2\/pages\/12114","targetHints":{"allow":["GET"]}}],"collection":[{"href":"https:\/\/danila-souvenirs.com\/de\/wp-json\/wp\/v2\/pages"}],"about":[{"href":"https:\/\/danila-souvenirs.com\/de\/wp-json\/wp\/v2\/types\/page"}],"author":[{"embeddable":true,"href":"https:\/\/danila-souvenirs.com\/de\/wp-json\/wp\/v2\/users\/2"}],"replies":[{"embeddable":true,"href":"https:\/\/danila-souvenirs.com\/de\/wp-json\/wp\/v2\/comments?post=12114"}],"version-history":[{"count":3,"href":"https:\/\/danila-souvenirs.com\/de\/wp-json\/wp\/v2\/pages\/12114\/revisions"}],"predecessor-version":[{"id":12117,"href":"https:\/\/danila-souvenirs.com\/de\/wp-json\/wp\/v2\/pages\/12114\/revisions\/12117"}],"wp:attachment":[{"href":"https:\/\/danila-souvenirs.com\/de\/wp-json\/wp\/v2\/media?parent=12114"}],"curies":[{"name":"wp","href":"https:\/\/api.w.org\/{rel}","templated":true}]}}