{"id":12087,"date":"2021-07-10T17:51:52","date_gmt":"2021-07-10T14:51:52","guid":{"rendered":"https:\/\/danila-souvenirs.com\/de\/mirar-libro\/"},"modified":"2023-08-11T11:45:19","modified_gmt":"2023-08-11T08:45:19","slug":"mirar-libro","status":"publish","type":"page","link":"https:\/\/danila-souvenirs.com\/de\/mirar-libro\/?lang=es","title":{"rendered":"Mirar libro"},"content":{"rendered":"<p>[et_pb_section fb_built=&#8221;1&#8243; module_id=&#8221;heading-block-page-2&#8243; _builder_version=&#8221;4.16&#8243; _module_preset=&#8221;default&#8221; background_image=&#8221;https:\/\/danila-souvenirs.com\/de\/wp-content\/uploads\/sites\/5\/2021\/07\/Group-2802.jpg&#8221; custom_padding=&#8221;70px||70px||true|false&#8221; global_colors_info=&#8221;{}&#8221;][et_pb_row column_structure=&#8221;1_3,1_3,1_3&#8243; use_custom_gutter=&#8221;on&#8221; gutter_width=&#8221;1&#8243; make_equal=&#8221;on&#8221; _builder_version=&#8221;4.16&#8243; _module_preset=&#8221;default&#8221; global_colors_info=&#8221;{}&#8221;][et_pb_column type=&#8221;1_3&#8243; _builder_version=&#8221;4.16&#8243; _module_preset=&#8221;default&#8221; global_colors_info=&#8221;{}&#8221;][et_pb_text _builder_version=&#8221;4.16&#8243; _module_preset=&#8221;default&#8221; header_2_font=&#8221;|300|||||||&#8221; header_2_text_align=&#8221;center&#8221; header_2_text_color=&#8221;#a58943&#8243; header_2_line_height=&#8221;2em&#8221; text_orientation=&#8221;center&#8221; global_colors_info=&#8221;{}&#8221;]<img decoding=\"async\" src=\"https:\/\/danila-souvenirs.com\/de\/wp-content\/uploads\/sites\/5\/2021\/08\/Image-31.png\"><\/p>\n<h2>LOOKBOOK<\/h2>\n<p>[\/et_pb_text][\/et_pb_column][et_pb_column type=&#8221;1_3&#8243; _builder_version=&#8221;4.16&#8243; _module_preset=&#8221;default&#8221; global_colors_info=&#8221;{}&#8221;][\/et_pb_column][et_pb_column type=&#8221;1_3&#8243; _builder_version=&#8221;4.16&#8243; _module_preset=&#8221;default&#8221; global_colors_info=&#8221;{}&#8221;][\/et_pb_column][\/et_pb_row][\/et_pb_section][et_pb_section fb_built=&#8221;1&#8243; _builder_version=&#8221;4.16&#8243; _module_preset=&#8221;default&#8221; custom_padding=&#8221;0px||0px||true|false&#8221; global_colors_info=&#8221;{}&#8221;][et_pb_row column_structure=&#8221;2_3,1_3&#8243; use_custom_gutter=&#8221;on&#8221; gutter_width=&#8221;1&#8243; make_equal=&#8221;on&#8221; _builder_version=&#8221;4.16&#8243; _module_preset=&#8221;default&#8221; width=&#8221;100%&#8221; max_width=&#8221;1920px&#8221; custom_padding=&#8221;0px||0px||true|false&#8221; global_colors_info=&#8221;{}&#8221;][et_pb_column type=&#8221;2_3&#8243; _builder_version=&#8221;4.16&#8243; _module_preset=&#8221;default&#8221; global_colors_info=&#8221;{}&#8221;][et_pb_text _builder_version=&#8221;4.16&#8243; _module_preset=&#8221;default&#8221; header_3_text_color=&#8221;#a58943&#8243; custom_padding=&#8221;55px|5%|55px|17%|true|false&#8221; global_colors_info=&#8221;{}&#8221;]<\/p>\n<h3>BUSTOS DE PERSONAJES FAMOSOS<\/h3>\n<p>Los muebles se refieren a objetos m\u00f3viles destinados a apoyar diversas actividades humanas, como sentarse, comer y dormir. Los muebles tambi\u00e9n se utilizan para sostener objetos a una altura conveniente para el trabajo o para almacenar cosas. Los muebles pueden ser un producto de dise\u00f1o y se consideran una forma de arte decorativo. Adem\u00e1s del papel funcional de los muebles, puede tener un prop\u00f3sito simb\u00f3lico o religioso.<\/p>\n<p>[\/et_pb_text][et_pb_image src=&#8221;https:\/\/danila-souvenirs.com\/de\/wp-content\/uploads\/sites\/5\/2021\/07\/Group-2803.jpg&#8221; title_text=&#8221;Group 2803&#8243; _builder_version=&#8221;4.16&#8243; _module_preset=&#8221;default&#8221; global_colors_info=&#8221;{}&#8221;][\/et_pb_image][et_pb_text _builder_version=&#8221;4.16&#8243; _module_preset=&#8221;default&#8221; header_3_text_color=&#8221;#a58943&#8243; custom_padding=&#8221;55px|5%|55px|17%|true|false&#8221; global_colors_info=&#8221;{}&#8221;]<\/p>\n<h3>Cuando el famoso es hist\u00f3rico<\/h3>\n<p>Los muebles se refieren a objetos m\u00f3viles destinados a apoyar diversas actividades humanas, como sentarse, comer y dormir. Los muebles tambi\u00e9n se utilizan para sostener objetos a una altura conveniente para el trabajo o para almacenar cosas. Los muebles pueden ser un producto de dise\u00f1o y se consideran una forma de arte decorativo. Adem\u00e1s del papel funcional de los muebles, puede tener un prop\u00f3sito simb\u00f3lico o religioso.<\/p>\n<p>Los muebles se refieren a objetos m\u00f3viles destinados a apoyar diversas actividades humanas, como sentarse, comer y dormir. Los muebles tambi\u00e9n se utilizan para sostener objetos a una altura conveniente para el trabajo o para almacenar cosas. Los muebles pueden ser un producto de dise\u00f1o y se consideran una forma de arte decorativo. Adem\u00e1s del papel funcional de los muebles, puede tener un prop\u00f3sito simb\u00f3lico o religioso.<\/p>\n<p>[\/et_pb_text][\/et_pb_column][et_pb_column type=&#8221;1_3&#8243; _builder_version=&#8221;4.16&#8243; _module_preset=&#8221;default&#8221; global_colors_info=&#8221;{}&#8221;][et_pb_image src=&#8221;https:\/\/danila-souvenirs.com\/de\/wp-content\/uploads\/sites\/5\/2021\/08\/Group-2817.jpg&#8221; title_text=&#8221;Group 2817&#8243; show_bottom_space=&#8221;off&#8221; align=&#8221;center&#8221; force_fullwidth=&#8221;on&#8221; _builder_version=&#8221;4.16&#8243; _module_preset=&#8221;default&#8221; global_colors_info=&#8221;{}&#8221;][\/et_pb_image][et_pb_image src=&#8221;https:\/\/danila-souvenirs.com\/de\/wp-content\/uploads\/sites\/5\/2021\/07\/Group-2812.jpg&#8221; title_text=&#8221;Group 2812&#8243; align=&#8221;center&#8221; force_fullwidth=&#8221;on&#8221; _builder_version=&#8221;4.16&#8243; _module_preset=&#8221;default&#8221; global_colors_info=&#8221;{}&#8221;][\/et_pb_image][\/et_pb_column][\/et_pb_row][\/et_pb_section][et_pb_section fb_built=&#8221;1&#8243; custom_padding_last_edited=&#8221;on|tablet&#8221; module_id=&#8221;heading-block-page-2&#8243; _builder_version=&#8221;4.16&#8243; _module_preset=&#8221;default&#8221; background_image=&#8221;https:\/\/danila-souvenirs.com\/de\/wp-content\/uploads\/sites\/5\/2021\/07\/Group-2804.jpg&#8221; width_tablet=&#8221;&#8221; width_phone=&#8221;&#8221; width_last_edited=&#8221;on|tablet&#8221; custom_margin_tablet=&#8221;||||false|false&#8221; custom_margin_phone=&#8221;&#8221; custom_margin_last_edited=&#8221;on|tablet&#8221; custom_padding=&#8221;390px||390px||true|false&#8221; custom_padding_tablet=&#8221;||||false|false&#8221; custom_padding_phone=&#8221;&#8221; module_alignment_tablet=&#8221;&#8221; module_alignment_phone=&#8221;&#8221; module_alignment_last_edited=&#8221;on|tablet&#8221; global_colors_info=&#8221;{}&#8221;][\/et_pb_section][et_pb_section fb_built=&#8221;1&#8243; _builder_version=&#8221;4.16&#8243; _module_preset=&#8221;default&#8221; custom_padding=&#8221;0px||0px||true|false&#8221; global_colors_info=&#8221;{}&#8221;][et_pb_row column_structure=&#8221;2_3,1_3&#8243; use_custom_gutter=&#8221;on&#8221; gutter_width=&#8221;1&#8243; make_equal=&#8221;on&#8221; _builder_version=&#8221;4.16&#8243; _module_preset=&#8221;default&#8221; width=&#8221;100%&#8221; max_width=&#8221;1920px&#8221; custom_padding=&#8221;0px||0px||true|false&#8221; global_colors_info=&#8221;{}&#8221;][et_pb_column type=&#8221;2_3&#8243; _builder_version=&#8221;4.16&#8243; _module_preset=&#8221;default&#8221; global_colors_info=&#8221;{}&#8221;][et_pb_text _builder_version=&#8221;4.16&#8243; _module_preset=&#8221;default&#8221; header_3_text_color=&#8221;#a58943&#8243; custom_padding=&#8221;55px|5%|55px|17%|true|false&#8221; global_colors_info=&#8221;{}&#8221;]<\/p>\n<h3>ANIMAL DE LA BELLEZA EN LA NATURALEZA<\/h3>\n<p>Los muebles se refieren a objetos m\u00f3viles destinados a apoyar diversas actividades humanas, como sentarse, comer y dormir. Los muebles tambi\u00e9n se utilizan para sostener objetos a una altura conveniente para el trabajo o para almacenar cosas. Los muebles pueden ser un producto de dise\u00f1o y se consideran una forma de arte decorativo. Adem\u00e1s del papel funcional de los muebles, puede tener un prop\u00f3sito simb\u00f3lico o religioso.<\/p>\n<p>[\/et_pb_text][et_pb_image src=&#8221;https:\/\/danila-souvenirs.com\/de\/wp-content\/uploads\/sites\/5\/2021\/07\/Group-2805.jpg&#8221; title_text=&#8221;Group 2805&#8243; show_bottom_space=&#8221;off&#8221; _builder_version=&#8221;4.16&#8243; _module_preset=&#8221;default&#8221; positioning=&#8221;absolute&#8221; position_origin_a=&#8221;bottom_center&#8221; position_origin_a_tablet=&#8221;&#8221; position_origin_a_phone=&#8221;&#8221; position_origin_a_last_edited=&#8221;on|tablet&#8221; position_origin_f_tablet=&#8221;&#8221; position_origin_f_phone=&#8221;&#8221; position_origin_f_last_edited=&#8221;on|desktop&#8221; position_origin_r_tablet=&#8221;&#8221; position_origin_r_phone=&#8221;&#8221; position_origin_r_last_edited=&#8221;on|desktop&#8221; width=&#8221;100%&#8221; positioning_tablet=&#8221;relative&#8221; positioning_phone=&#8221;&#8221; positioning_last_edited=&#8221;on|desktop&#8221; global_colors_info=&#8221;{}&#8221;][\/et_pb_image][\/et_pb_column][et_pb_column type=&#8221;1_3&#8243; _builder_version=&#8221;4.16&#8243; _module_preset=&#8221;default&#8221; global_colors_info=&#8221;{}&#8221;][et_pb_image src=&#8221;https:\/\/danila-souvenirs.com\/de\/wp-content\/uploads\/sites\/5\/2021\/07\/Group-2815.jpg&#8221; title_text=&#8221;Group 2815&#8243; show_bottom_space=&#8221;off&#8221; align=&#8221;center&#8221; force_fullwidth=&#8221;on&#8221; _builder_version=&#8221;4.16&#8243; _module_preset=&#8221;default&#8221; global_colors_info=&#8221;{}&#8221;][\/et_pb_image][\/et_pb_column][\/et_pb_row][\/et_pb_section][et_pb_section fb_built=&#8221;1&#8243; module_id=&#8221;heading-block-page-2-1&#8243; _builder_version=&#8221;4.16&#8243; _module_preset=&#8221;default&#8221; background_image=&#8221;https:\/\/danila-souvenirs.com\/de\/wp-content\/uploads\/sites\/5\/2021\/07\/Group-2806.jpg&#8221; custom_padding=&#8221;390px||390px||true|false&#8221; global_colors_info=&#8221;{}&#8221;][\/et_pb_section][et_pb_section fb_built=&#8221;1&#8243; _builder_version=&#8221;4.16&#8243; _module_preset=&#8221;default&#8221; custom_padding=&#8221;0px||0px||true|false&#8221; global_colors_info=&#8221;{}&#8221;][et_pb_row column_structure=&#8221;2_3,1_3&#8243; use_custom_gutter=&#8221;on&#8221; gutter_width=&#8221;1&#8243; _builder_version=&#8221;4.16&#8243; _module_preset=&#8221;default&#8221; width=&#8221;100%&#8221; max_width=&#8221;1920px&#8221; custom_padding=&#8221;0px||0px||true|false&#8221; global_colors_info=&#8221;{}&#8221;][et_pb_column type=&#8221;2_3&#8243; _builder_version=&#8221;4.16&#8243; _module_preset=&#8221;default&#8221; global_colors_info=&#8221;{}&#8221;][et_pb_text _builder_version=&#8221;4.21.0&#8243; _module_preset=&#8221;default&#8221; header_3_text_color=&#8221;#a58943&#8243; custom_padding=&#8221;55px|5%|55px|17%|true|false&#8221; hover_enabled=&#8221;0&#8243; global_colors_info=&#8221;{}&#8221; sticky_enabled=&#8221;0&#8243;]<\/p>\n<h3>HUEVOS DE PASCUA ESTILO GLAMOROSO<\/h3>\n<p>Los muebles se refieren a objetos m\u00f3viles destinados a apoyar diversas actividades humanas, como sentarse, comer y dormir. Los muebles tambi\u00e9n se utilizan para sostener objetos a una altura conveniente para el trabajo o para almacenar cosas. Los muebles pueden ser un producto de dise\u00f1o y se consideran una forma de arte decorativo. Adem\u00e1s del papel funcional de los muebles, puede tener un prop\u00f3sito simb\u00f3lico o religioso.[\/et_pb_text][et_pb_image src=&#8221;https:\/\/danila-souvenirs.com\/de\/wp-content\/uploads\/sites\/5\/2021\/07\/Group-2807.jpg&#8221; title_text=&#8221;Group 2807&#8243; _builder_version=&#8221;4.16&#8243; _module_preset=&#8221;default&#8221; global_colors_info=&#8221;{}&#8221;][\/et_pb_image][et_pb_text _builder_version=&#8221;4.16&#8243; _module_preset=&#8221;default&#8221; header_3_text_color=&#8221;#a58943&#8243; custom_padding=&#8221;55px|5%|55px|17%|true|false&#8221; global_colors_info=&#8221;{}&#8221;]<\/p>\n<h3>EL SECRETO DEL \u00c1RBOL EN CRECIMIENTO<\/h3>\n<p>Los muebles se refieren a objetos m\u00f3viles destinados a apoyar diversas actividades humanas, como sentarse, comer y dormir. Los muebles tambi\u00e9n se utilizan para sostener objetos a una altura conveniente para el trabajo o para almacenar cosas. Los muebles pueden ser un producto de dise\u00f1o y se consideran una forma de arte decorativo. Adem\u00e1s del papel funcional de los muebles, puede tener un prop\u00f3sito simb\u00f3lico o religioso.<\/p>\n<p>Los muebles se refieren a objetos m\u00f3viles destinados a apoyar diversas actividades humanas, como sentarse, comer y dormir. Los muebles tambi\u00e9n se utilizan para sostener objetos a una altura conveniente para el trabajo o para almacenar cosas. Los muebles pueden ser un producto de dise\u00f1o y se consideran una forma de arte decorativo. Adem\u00e1s del papel funcional de los muebles, puede tener un prop\u00f3sito simb\u00f3lico o religioso.<\/p>\n<p>[\/et_pb_text][\/et_pb_column][et_pb_column type=&#8221;1_3&#8243; _builder_version=&#8221;4.16&#8243; _module_preset=&#8221;default&#8221; global_colors_info=&#8221;{}&#8221;][et_pb_image src=&#8221;https:\/\/danila-souvenirs.com\/de\/wp-content\/uploads\/sites\/5\/2021\/08\/Group-2819.jpg&#8221; title_text=&#8221;Group 2819&#8243; show_bottom_space=&#8221;off&#8221; align=&#8221;center&#8221; force_fullwidth=&#8221;on&#8221; _builder_version=&#8221;4.16&#8243; _module_preset=&#8221;default&#8221; global_colors_info=&#8221;{}&#8221;][\/et_pb_image][et_pb_image src=&#8221;https:\/\/danila-souvenirs.com\/de\/wp-content\/uploads\/sites\/5\/2021\/08\/Group-2818.jpg&#8221; title_text=&#8221;Group 2818&#8243; align=&#8221;center&#8221; force_fullwidth=&#8221;on&#8221; _builder_version=&#8221;4.16&#8243; _module_preset=&#8221;default&#8221; global_colors_info=&#8221;{}&#8221;][\/et_pb_image][\/et_pb_column][\/et_pb_row][\/et_pb_section][et_pb_section fb_built=&#8221;1&#8243; module_id=&#8221;heading-block-page-2&#8243; _builder_version=&#8221;4.16&#8243; _module_preset=&#8221;default&#8221; background_image=&#8221;https:\/\/danila-souvenirs.com\/de\/wp-content\/uploads\/sites\/5\/2021\/07\/Group-2804.jpg&#8221; custom_padding=&#8221;390px||390px||true|false&#8221; global_colors_info=&#8221;{}&#8221;][\/et_pb_section][et_pb_section fb_built=&#8221;1&#8243; _builder_version=&#8221;4.16&#8243; _module_preset=&#8221;default&#8221; custom_padding=&#8221;0px||0px||true|false&#8221; global_colors_info=&#8221;{}&#8221;][et_pb_row column_structure=&#8221;2_3,1_3&#8243; use_custom_gutter=&#8221;on&#8221; gutter_width=&#8221;1&#8243; _builder_version=&#8221;4.16&#8243; _module_preset=&#8221;default&#8221; width=&#8221;100%&#8221; max_width=&#8221;1920px&#8221; custom_padding=&#8221;0px||0px||true|false&#8221; global_colors_info=&#8221;{}&#8221;][et_pb_column type=&#8221;2_3&#8243; _builder_version=&#8221;4.16&#8243; _module_preset=&#8221;default&#8221; global_colors_info=&#8221;{}&#8221;][et_pb_text _builder_version=&#8221;4.16&#8243; _module_preset=&#8221;default&#8221; header_3_text_color=&#8221;#a58943&#8243; custom_padding=&#8221;55px|5%|55px|17%|true|false&#8221; global_colors_info=&#8221;{}&#8221;]<\/p>\n<h3>LA ERA DE PLATA Y ORO<\/h3>\n<p>Los muebles se refieren a objetos m\u00f3viles destinados a apoyar diversas actividades humanas, como sentarse, comer y dormir. Los muebles tambi\u00e9n se utilizan para sostener objetos a una altura conveniente para el trabajo o para almacenar cosas. Los muebles pueden ser un producto de dise\u00f1o y se consideran una forma de arte decorativo. Adem\u00e1s del papel funcional de los muebles, puede tener un prop\u00f3sito simb\u00f3lico o religioso.<\/p>\n<p>[\/et_pb_text][\/et_pb_column][et_pb_column type=&#8221;1_3&#8243; _builder_version=&#8221;4.16&#8243; _module_preset=&#8221;default&#8221; global_colors_info=&#8221;{}&#8221;][et_pb_image src=&#8221;https:\/\/danila-souvenirs.com\/de\/wp-content\/uploads\/sites\/5\/2021\/08\/Group-2821.jpg&#8221; title_text=&#8221;Group 2821&#8243; align=&#8221;center&#8221; force_fullwidth=&#8221;on&#8221; _builder_version=&#8221;4.16&#8243; _module_preset=&#8221;default&#8221; global_colors_info=&#8221;{}&#8221;][\/et_pb_image][\/et_pb_column][\/et_pb_row][\/et_pb_section][et_pb_section fb_built=&#8221;1&#8243; _builder_version=&#8221;4.16&#8243; _module_preset=&#8221;default&#8221; background_enable_image=&#8221;off&#8221; custom_padding=&#8221;0px||0px||true|false&#8221; global_colors_info=&#8221;{}&#8221;][et_pb_row column_structure=&#8221;1_4,1_4,1_4,1_4&#8243; use_custom_gutter=&#8221;on&#8221; gutter_width=&#8221;1&#8243; make_equal=&#8221;on&#8221; _builder_version=&#8221;4.16&#8243; _module_preset=&#8221;default&#8221; background_color=&#8221;RGBA(0,0,0,0)&#8221; max_width=&#8221;1920px&#8221; custom_padding=&#8221;0px||0px||true|false&#8221; global_colors_info=&#8221;{}&#8221;][et_pb_column type=&#8221;1_4&#8243; _builder_version=&#8221;4.16&#8243; _module_preset=&#8221;default&#8221; background_color_gradient_direction=&#8221;53deg&#8221; global_colors_info=&#8221;{}&#8221;][et_pb_image src=&#8221;https:\/\/danila-souvenirs.com\/de\/wp-content\/uploads\/sites\/5\/2021\/08\/Group-2824.jpg&#8221; title_text=&#8221;Group 2824&#8243; _builder_version=&#8221;4.16&#8243; _module_preset=&#8221;default&#8221; global_colors_info=&#8221;{}&#8221;][\/et_pb_image][\/et_pb_column][et_pb_column type=&#8221;1_4&#8243; _builder_version=&#8221;4.16&#8243; _module_preset=&#8221;default&#8221; background_color=&#8221;RGBA(0,0,0,0)&#8221; global_colors_info=&#8221;{}&#8221;][et_pb_image src=&#8221;https:\/\/danila-souvenirs.com\/de\/wp-content\/uploads\/sites\/5\/2021\/08\/Group-2822.jpg&#8221; title_text=&#8221;Group 2822&#8243; _builder_version=&#8221;4.16&#8243; _module_preset=&#8221;default&#8221; global_colors_info=&#8221;{}&#8221;][\/et_pb_image][\/et_pb_column][et_pb_column type=&#8221;1_4&#8243; _builder_version=&#8221;4.16&#8243; _module_preset=&#8221;default&#8221; global_colors_info=&#8221;{}&#8221;][et_pb_image src=&#8221;https:\/\/danila-souvenirs.com\/de\/wp-content\/uploads\/sites\/5\/2021\/08\/Group-2824.jpg&#8221; title_text=&#8221;Group 2824&#8243; _builder_version=&#8221;4.16&#8243; _module_preset=&#8221;default&#8221; global_colors_info=&#8221;{}&#8221;][\/et_pb_image][\/et_pb_column][et_pb_column type=&#8221;1_4&#8243; _builder_version=&#8221;4.16&#8243; _module_preset=&#8221;default&#8221; global_colors_info=&#8221;{}&#8221;][et_pb_image src=&#8221;https:\/\/danila-souvenirs.com\/de\/wp-content\/uploads\/sites\/5\/2021\/08\/Group-2822.jpg&#8221; title_text=&#8221;Group 2822&#8243; _builder_version=&#8221;4.16&#8243; _module_preset=&#8221;default&#8221; global_colors_info=&#8221;{}&#8221;][\/et_pb_image][\/et_pb_column][\/et_pb_row][\/et_pb_section]<\/p>\n","protected":false},"excerpt":{"rendered":"<p>LOOKBOOKBUSTOS DE PERSONAJES FAMOSOS Los muebles se refieren a objetos m\u00f3viles destinados a apoyar diversas actividades humanas, como sentarse, comer y dormir. Los muebles tambi\u00e9n se utilizan para sostener objetos a una altura conveniente para el trabajo o para almacenar cosas. Los muebles pueden ser un producto de dise\u00f1o y se consideran una forma de [&hellip;]<\/p>\n","protected":false},"author":2,"featured_media":0,"parent":0,"menu_order":0,"comment_status":"closed","ping_status":"closed","template":"","meta":{"_et_pb_use_builder":"on","_et_pb_old_content":"","_et_gb_content_width":"","footnotes":""},"class_list":["post-12087","page","type-page","status-publish","hentry"],"_links":{"self":[{"href":"https:\/\/danila-souvenirs.com\/de\/wp-json\/wp\/v2\/pages\/12087","targetHints":{"allow":["GET"]}}],"collection":[{"href":"https:\/\/danila-souvenirs.com\/de\/wp-json\/wp\/v2\/pages"}],"about":[{"href":"https:\/\/danila-souvenirs.com\/de\/wp-json\/wp\/v2\/types\/page"}],"author":[{"embeddable":true,"href":"https:\/\/danila-souvenirs.com\/de\/wp-json\/wp\/v2\/users\/2"}],"replies":[{"embeddable":true,"href":"https:\/\/danila-souvenirs.com\/de\/wp-json\/wp\/v2\/comments?post=12087"}],"version-history":[{"count":4,"href":"https:\/\/danila-souvenirs.com\/de\/wp-json\/wp\/v2\/pages\/12087\/revisions"}],"predecessor-version":[{"id":13633,"href":"https:\/\/danila-souvenirs.com\/de\/wp-json\/wp\/v2\/pages\/12087\/revisions\/13633"}],"wp:attachment":[{"href":"https:\/\/danila-souvenirs.com\/de\/wp-json\/wp\/v2\/media?parent=12087"}],"curies":[{"name":"wp","href":"https:\/\/api.w.org\/{rel}","templated":true}]}}