{"id":12035,"date":"2021-08-19T10:11:14","date_gmt":"2021-08-19T07:11:14","guid":{"rendered":"https:\/\/danila-souvenirs.com\/de\/bustos-y-estatuas\/"},"modified":"2023-06-08T14:46:58","modified_gmt":"2023-06-08T11:46:58","slug":"bustos-y-estatuas","status":"publish","type":"page","link":"https:\/\/danila-souvenirs.com\/de\/bustos-y-estatuas\/?lang=es","title":{"rendered":"Bustos y Estatuas"},"content":{"rendered":"<p>[et_pb_section fb_built=&#8221;1&#8243; module_id=&#8221;heading-block-page-2&#8243; _builder_version=&#8221;4.19.5&#8243; _module_preset=&#8221;default&#8221; background_image=&#8221;https:\/\/danila-souvenirs.com\/de\/wp-content\/uploads\/sites\/5\/2021\/09\/Group-2796.jpg&#8221; custom_padding=&#8221;130px||130px||true|false&#8221; global_colors_info=&#8221;{}&#8221;][et_pb_row _builder_version=&#8221;4.16&#8243; _module_preset=&#8221;default&#8221; global_colors_info=&#8221;{}&#8221;][et_pb_column type=&#8221;4_4&#8243; _builder_version=&#8221;4.16&#8243; _module_preset=&#8221;default&#8221; global_colors_info=&#8221;{}&#8221;][et_pb_text _builder_version=&#8221;4.16&#8243; _module_preset=&#8221;default&#8221; header_2_font=&#8221;|300||on|||||&#8221; header_2_text_color=&#8221;#a58943&#8243; header_2_font_size=&#8221;50px&#8221; global_colors_info=&#8221;{}&#8221;]<\/p>\n<h2>Bustos y Estatuas<\/h2>\n<h2>CATALOGAR<\/h2>\n<p>[\/et_pb_text][\/et_pb_column][\/et_pb_row][\/et_pb_section][et_pb_section fb_built=&#8221;1&#8243; module_id=&#8221;shop-block&#8221; _builder_version=&#8221;4.16&#8243; _module_preset=&#8221;default&#8221; global_colors_info=&#8221;{}&#8221;][et_pb_row _builder_version=&#8221;4.16&#8243; _module_preset=&#8221;default&#8221; custom_padding=&#8221;0px||0px|||&#8221; global_colors_info=&#8221;{}&#8221;][et_pb_column type=&#8221;4_4&#8243; _builder_version=&#8221;4.16&#8243; _module_preset=&#8221;default&#8221; global_colors_info=&#8221;{}&#8221;][et_pb_text _builder_version=&#8221;4.16&#8243; _module_preset=&#8221;default&#8221; text_text_color=&#8221;#000000&#8243; text_font_size=&#8221;13px&#8221; link_text_color=&#8221;#666666&#8243; global_colors_info=&#8221;{}&#8221;]<a href=\"https:\/\/danila-souvenirs.com\/de\/de\">Inicio<\/a> &#8211; Bustos y Estatuas[\/et_pb_text][\/et_pb_column][\/et_pb_row][et_pb_row column_structure=&#8221;1_4,3_4&#8243; _builder_version=&#8221;4.16&#8243; _module_preset=&#8221;default&#8221; global_colors_info=&#8221;{}&#8221;][et_pb_column type=&#8221;1_4&#8243; _builder_version=&#8221;4.16&#8243; _module_preset=&#8221;default&#8221; global_colors_info=&#8221;{}&#8221;][et_pb_text _builder_version=&#8221;4.16&#8243; _module_preset=&#8221;default&#8221; global_colors_info=&#8221;{}&#8221;][\/et_pb_text][\/et_pb_column][et_pb_column type=&#8221;3_4&#8243; _builder_version=&#8221;4.16&#8243; _module_preset=&#8221;default&#8221; global_colors_info=&#8221;{}&#8221;][et_pb_shop type=&#8221;product_category&#8221; show_pagination=&#8221;on&#8221; include_categories=&#8221;59,70,71,68,69,110,112&#8243; _builder_version=&#8221;4.20.4&#8243; _module_preset=&#8221;default&#8221; global_colors_info=&#8221;{}&#8221;][\/et_pb_shop][\/et_pb_column][\/et_pb_row][\/et_pb_section][et_pb_section fb_built=&#8221;1&#8243; module_class=&#8221;fab-banner&#8221; _builder_version=&#8221;4.16&#8243; _module_preset=&#8221;default&#8221; background_image=&#8221;https:\/\/danila-souvenirs.com\/de\/wp-content\/uploads\/sites\/5\/2021\/07\/Group-2800-1.jpg&#8221; custom_padding=&#8221;190px||190px||true|&#8221; global_colors_info=&#8221;{}&#8221; theme_builder_area=&#8221;post_content&#8221;][et_pb_row column_structure=&#8221;1_4,1_2,1_4&#8243; _builder_version=&#8221;4.16&#8243; _module_preset=&#8221;default&#8221; global_colors_info=&#8221;{}&#8221; theme_builder_area=&#8221;post_content&#8221;][et_pb_column type=&#8221;1_4&#8243; _builder_version=&#8221;4.16&#8243; _module_preset=&#8221;default&#8221; global_colors_info=&#8221;{}&#8221; theme_builder_area=&#8221;post_content&#8221;][\/et_pb_column][et_pb_column type=&#8221;1_2&#8243; _builder_version=&#8221;4.16&#8243; _module_preset=&#8221;default&#8221; global_colors_info=&#8221;{}&#8221; theme_builder_area=&#8221;post_content&#8221;][et_pb_text _builder_version=&#8221;4.16&#8243; _module_preset=&#8221;default&#8221; text_font=&#8221;||||||||&#8221; text_text_color=&#8221;#b8a779&#8243; header_text_color=&#8221;#a58943&#8243; header_2_font=&#8221;|300|||||||&#8221; header_2_text_align=&#8221;right&#8221; header_2_text_color=&#8221;#FFFFFF&#8221; header_3_font=&#8221;|||on|||||&#8221; header_3_text_align=&#8221;right&#8221; header_3_text_color=&#8221;#000000&#8243; text_orientation=&#8221;right&#8221; global_colors_info=&#8221;{}&#8221; theme_builder_area=&#8221;post_content&#8221;]<\/p>\n<h2>\u00c1RBOL DE LA ESPERANZA<\/h2>\n<h3>Trinket Jewel Box \u00c1rbol de laurel<\/h3>\n<p><a href=\"https:\/\/danila-souvenirs.com\/de\/product-category\/faberge-es\/?lang=es\"><span class=\"button\">Explorar colecci\u00f3n<\/span><\/a><br \/>\n[\/et_pb_text][\/et_pb_column][et_pb_column type=&#8221;1_4&#8243; _builder_version=&#8221;4.16&#8243; _module_preset=&#8221;default&#8221; global_colors_info=&#8221;{}&#8221; theme_builder_area=&#8221;post_content&#8221;][\/et_pb_column][\/et_pb_row][\/et_pb_section]<\/p>\n","protected":false},"excerpt":{"rendered":"<p>Bustos y Estatuas CATALOGARInicio &#8211; Bustos y Estatuas\u00c1RBOL DE LA ESPERANZA Trinket Jewel Box \u00c1rbol de laurel Explorar colecci\u00f3n<\/p>\n","protected":false},"author":2,"featured_media":0,"parent":0,"menu_order":0,"comment_status":"closed","ping_status":"closed","template":"","meta":{"_et_pb_use_builder":"on","_et_pb_old_content":"","_et_gb_content_width":"","footnotes":""},"class_list":["post-12035","page","type-page","status-publish","hentry"],"_links":{"self":[{"href":"https:\/\/danila-souvenirs.com\/de\/wp-json\/wp\/v2\/pages\/12035","targetHints":{"allow":["GET"]}}],"collection":[{"href":"https:\/\/danila-souvenirs.com\/de\/wp-json\/wp\/v2\/pages"}],"about":[{"href":"https:\/\/danila-souvenirs.com\/de\/wp-json\/wp\/v2\/types\/page"}],"author":[{"embeddable":true,"href":"https:\/\/danila-souvenirs.com\/de\/wp-json\/wp\/v2\/users\/2"}],"replies":[{"embeddable":true,"href":"https:\/\/danila-souvenirs.com\/de\/wp-json\/wp\/v2\/comments?post=12035"}],"version-history":[{"count":8,"href":"https:\/\/danila-souvenirs.com\/de\/wp-json\/wp\/v2\/pages\/12035\/revisions"}],"predecessor-version":[{"id":13034,"href":"https:\/\/danila-souvenirs.com\/de\/wp-json\/wp\/v2\/pages\/12035\/revisions\/13034"}],"wp:attachment":[{"href":"https:\/\/danila-souvenirs.com\/de\/wp-json\/wp\/v2\/media?parent=12035"}],"curies":[{"name":"wp","href":"https:\/\/api.w.org\/{rel}","templated":true}]}}