{"id":12024,"date":"2021-08-19T10:16:19","date_gmt":"2021-08-19T07:16:19","guid":{"rendered":"https:\/\/danila-souvenirs.com\/de\/acerca-de\/"},"modified":"2023-08-11T11:39:47","modified_gmt":"2023-08-11T08:39:47","slug":"acerca-de","status":"publish","type":"page","link":"https:\/\/danila-souvenirs.com\/de\/acerca-de\/?lang=es","title":{"rendered":"Acerca de"},"content":{"rendered":"<p>[et_pb_section fb_built=&#8221;1&#8243; module_id=&#8221;heading-block-page-2&#8243; _builder_version=&#8221;4.16&#8243; _module_preset=&#8221;default&#8221; background_image=&#8221;https:\/\/danila-souvenirs.com\/de\/wp-content\/uploads\/sites\/5\/2021\/07\/Group-2801.jpg&#8221; custom_padding=&#8221;130px||130px||true|false&#8221; global_colors_info=&#8221;{}&#8221;][et_pb_row _builder_version=&#8221;4.16&#8243; _module_preset=&#8221;default&#8221; global_colors_info=&#8221;{}&#8221;][et_pb_column type=&#8221;4_4&#8243; _builder_version=&#8221;4.16&#8243; _module_preset=&#8221;default&#8221; global_colors_info=&#8221;{}&#8221;][et_pb_text _builder_version=&#8221;4.16&#8243; _module_preset=&#8221;default&#8221; header_2_font=&#8221;|300||on|||||&#8221; header_2_text_color=&#8221;#a58943&#8243; header_2_font_size=&#8221;50px&#8221; global_colors_info=&#8221;{}&#8221;]<\/p>\n<h2>Acerca de<\/h2>\n<p>[\/et_pb_text][\/et_pb_column][\/et_pb_row][\/et_pb_section][et_pb_section fb_built=&#8221;1&#8243; _builder_version=&#8221;4.16&#8243; _module_preset=&#8221;default&#8221; global_colors_info=&#8221;{}&#8221;][et_pb_row _builder_version=&#8221;4.16&#8243; _module_preset=&#8221;default&#8221; custom_padding=&#8221;0px||0px|||&#8221; global_colors_info=&#8221;{}&#8221;][et_pb_column type=&#8221;4_4&#8243; _builder_version=&#8221;4.16&#8243; _module_preset=&#8221;default&#8221; global_colors_info=&#8221;{}&#8221;][et_pb_text _builder_version=&#8221;4.16&#8243; _module_preset=&#8221;default&#8221; text_text_color=&#8221;#000000&#8243; text_font_size=&#8221;13px&#8221; link_text_color=&#8221;#666666&#8243; global_colors_info=&#8221;{}&#8221;]<a href=\"https:\/\/danila-souvenirs.com\/de\/de\">Inicio<\/a> &#8211; Acerca de[\/et_pb_text][\/et_pb_column][\/et_pb_row][et_pb_row _builder_version=&#8221;4.16&#8243; _module_preset=&#8221;default&#8221; global_colors_info=&#8221;{}&#8221;][et_pb_column type=&#8221;4_4&#8243; _builder_version=&#8221;4.16&#8243; _module_preset=&#8221;default&#8221; global_colors_info=&#8221;{}&#8221;][et_pb_text _builder_version=&#8221;4.21.0&#8243; _module_preset=&#8221;default&#8221; hover_enabled=&#8221;0&#8243; global_colors_info=&#8221;{}&#8221; sticky_enabled=&#8221;0&#8243;]<\/p>\n<h3>Acerca de Danila Souvenirs \u00ae<\/h3>\n<p>Nuestra empresa se dedica a la producci\u00f3n y venta de souvenirs desde 2006. Empezamos con tiendas offline y desde 2012 estamos online.<\/p>\n<p>Nos especializamos en art\u00edculos decorativos y coleccionables, como huevos de Pascua de estilo glamoroso, bustos y estatuas, soldaditos de plomo y figuritas.<\/p>\n<p>Esperamos que disfrute navegando por nuestra tienda de souvenirs en l\u00ednea. Ya sea que est\u00e9 buscando art\u00edculos de decoraci\u00f3n para el hogar o haciendo sus compras navide\u00f1as, \u00a1tenemos algo para usted en nuestra tienda!<br \/>\nGarantizamos productos de alta calidad, obsequios y un servicio amable y eficiente en un entorno de compras f\u00e1cil de usar y seguro.<\/p>\n<p>Si tiene alguna pregunta, no dude en ponerse en contacto.<br \/>\nTrabajamos constantemente para que la compra de souvenirs sea c\u00f3moda y agradable para usted.<\/p>\n<p>&nbsp;[\/et_pb_text][\/et_pb_column][\/et_pb_row][et_pb_row column_structure=&#8221;1_3,1_3,1_3&#8243; use_custom_gutter=&#8221;on&#8221; gutter_width=&#8221;1&#8243; _builder_version=&#8221;4.16&#8243; _module_preset=&#8221;default&#8221; custom_margin=&#8221;0px||0px||false|false&#8221; custom_padding=&#8221;0px||||false|false&#8221; global_colors_info=&#8221;{}&#8221;][et_pb_column type=&#8221;1_3&#8243; _builder_version=&#8221;4.16&#8243; _module_preset=&#8221;default&#8221; global_colors_info=&#8221;{}&#8221;][et_pb_image src=&#8221;https:\/\/danila-souvenirs.com\/de\/wp-content\/uploads\/sites\/5\/2021\/09\/Layer-1.jpg&#8221; title_text=&#8221;Layer 1&#8243; _builder_version=&#8221;4.16&#8243; _module_preset=&#8221;default&#8221; global_colors_info=&#8221;{}&#8221;][\/et_pb_image][et_pb_image src=&#8221;https:\/\/danila-souvenirs.com\/de\/wp-content\/uploads\/sites\/5\/2021\/09\/Layer-4.jpg&#8221; title_text=&#8221;Layer 4&#8243; _builder_version=&#8221;4.16&#8243; _module_preset=&#8221;default&#8221; global_colors_info=&#8221;{}&#8221;][\/et_pb_image][et_pb_image src=&#8221;https:\/\/danila-souvenirs.com\/de\/wp-content\/uploads\/sites\/5\/2021\/09\/Layer-6.jpg&#8221; title_text=&#8221;Layer 6&#8243; _builder_version=&#8221;4.16&#8243; _module_preset=&#8221;default&#8221; global_colors_info=&#8221;{}&#8221;][\/et_pb_image][\/et_pb_column][et_pb_column type=&#8221;1_3&#8243; _builder_version=&#8221;4.16&#8243; _module_preset=&#8221;default&#8221; global_colors_info=&#8221;{}&#8221;][et_pb_image src=&#8221;https:\/\/danila-souvenirs.com\/de\/wp-content\/uploads\/sites\/5\/2021\/09\/Layer-0.jpg&#8221; title_text=&#8221;Layer 0&#8243; _builder_version=&#8221;4.16&#8243; _module_preset=&#8221;default&#8221; global_colors_info=&#8221;{}&#8221;][\/et_pb_image][et_pb_image src=&#8221;https:\/\/danila-souvenirs.com\/de\/wp-content\/uploads\/sites\/5\/2021\/09\/Layer-7.jpg&#8221; title_text=&#8221;Layer 7&#8243; _builder_version=&#8221;4.16&#8243; _module_preset=&#8221;default&#8221; global_colors_info=&#8221;{}&#8221;][\/et_pb_image][et_pb_image src=&#8221;https:\/\/danila-souvenirs.com\/de\/wp-content\/uploads\/sites\/5\/2021\/09\/Layer-2.jpg&#8221; title_text=&#8221;Layer 2&#8243; _builder_version=&#8221;4.16&#8243; _module_preset=&#8221;default&#8221; global_colors_info=&#8221;{}&#8221;][\/et_pb_image][\/et_pb_column][et_pb_column type=&#8221;1_3&#8243; _builder_version=&#8221;4.16&#8243; _module_preset=&#8221;default&#8221; global_colors_info=&#8221;{}&#8221;][et_pb_image src=&#8221;https:\/\/danila-souvenirs.com\/de\/wp-content\/uploads\/sites\/5\/2021\/09\/Layer-5.jpg&#8221; title_text=&#8221;Layer 5&#8243; _builder_version=&#8221;4.16&#8243; _module_preset=&#8221;default&#8221; global_colors_info=&#8221;{}&#8221;][\/et_pb_image][et_pb_image src=&#8221;https:\/\/danila-souvenirs.com\/de\/wp-content\/uploads\/sites\/5\/2021\/09\/Layer-8.jpg&#8221; title_text=&#8221;Layer 8&#8243; _builder_version=&#8221;4.16&#8243; _module_preset=&#8221;default&#8221; global_colors_info=&#8221;{}&#8221;][\/et_pb_image][et_pb_image src=&#8221;https:\/\/danila-souvenirs.com\/de\/wp-content\/uploads\/sites\/5\/2021\/09\/Layer-9.jpg&#8221; title_text=&#8221;Layer 9&#8243; _builder_version=&#8221;4.16&#8243; _module_preset=&#8221;default&#8221; global_colors_info=&#8221;{}&#8221;][\/et_pb_image][\/et_pb_column][\/et_pb_row][\/et_pb_section]<\/p>\n","protected":false},"excerpt":{"rendered":"<p>Acerca deInicio &#8211; Acerca deAcerca de Danila Souvenirs \u00ae Nuestra empresa se dedica a la producci\u00f3n y venta de souvenirs desde 2006. Empezamos con tiendas offline y desde 2012 estamos online. Nos especializamos en art\u00edculos decorativos y coleccionables, como huevos de Pascua de estilo glamoroso, bustos y estatuas, soldaditos de plomo y figuritas. Esperamos que [&hellip;]<\/p>\n","protected":false},"author":2,"featured_media":0,"parent":0,"menu_order":0,"comment_status":"closed","ping_status":"closed","template":"","meta":{"_et_pb_use_builder":"on","_et_pb_old_content":"","_et_gb_content_width":"","footnotes":""},"class_list":["post-12024","page","type-page","status-publish","hentry"],"_links":{"self":[{"href":"https:\/\/danila-souvenirs.com\/de\/wp-json\/wp\/v2\/pages\/12024","targetHints":{"allow":["GET"]}}],"collection":[{"href":"https:\/\/danila-souvenirs.com\/de\/wp-json\/wp\/v2\/pages"}],"about":[{"href":"https:\/\/danila-souvenirs.com\/de\/wp-json\/wp\/v2\/types\/page"}],"author":[{"embeddable":true,"href":"https:\/\/danila-souvenirs.com\/de\/wp-json\/wp\/v2\/users\/2"}],"replies":[{"embeddable":true,"href":"https:\/\/danila-souvenirs.com\/de\/wp-json\/wp\/v2\/comments?post=12024"}],"version-history":[{"count":7,"href":"https:\/\/danila-souvenirs.com\/de\/wp-json\/wp\/v2\/pages\/12024\/revisions"}],"predecessor-version":[{"id":13601,"href":"https:\/\/danila-souvenirs.com\/de\/wp-json\/wp\/v2\/pages\/12024\/revisions\/13601"}],"wp:attachment":[{"href":"https:\/\/danila-souvenirs.com\/de\/wp-json\/wp\/v2\/media?parent=12024"}],"curies":[{"name":"wp","href":"https:\/\/api.w.org\/{rel}","templated":true}]}}