{"id":10588,"date":"2021-08-19T10:46:20","date_gmt":"2021-08-19T07:46:20","guid":{"rendered":"https:\/\/danila-souvenirs.com\/de\/termes-et-conditions\/"},"modified":"2023-07-12T17:29:51","modified_gmt":"2023-07-12T14:29:51","slug":"termes-et-conditions","status":"publish","type":"page","link":"https:\/\/danila-souvenirs.com\/de\/termes-et-conditions\/?lang=fr","title":{"rendered":"termes et conditions"},"content":{"rendered":"<p>[et_pb_section fb_built=&#8221;1&#8243; module_id=&#8221;heading-block-page-2&#8243; _builder_version=&#8221;4.9.7&#8243; _module_preset=&#8221;default&#8221; background_image=&#8221;https:\/\/danila-souvenirs.com\/de\/wp-content\/uploads\/sites\/5\/2021\/07\/Group-2801.jpg&#8221; custom_padding=&#8221;130px||130px||true|false&#8221;][et_pb_row _builder_version=&#8221;4.9.7&#8243; _module_preset=&#8221;default&#8221;][et_pb_column type=&#8221;4_4&#8243; _builder_version=&#8221;4.9.7&#8243; _module_preset=&#8221;default&#8221;][et_pb_text _builder_version=&#8221;4.9.10&#8243; _module_preset=&#8221;default&#8221; header_2_font=&#8221;|300||on|||||&#8221; header_2_text_color=&#8221;#a58943&#8243; header_2_font_size=&#8221;50px&#8221;]<\/p>\n<h2>termes et conditions<\/h2>\n<p>[\/et_pb_text][\/et_pb_column][\/et_pb_row][\/et_pb_section][et_pb_section fb_built=&#8221;1&#8243; _builder_version=&#8221;4.9.7&#8243; _module_preset=&#8221;default&#8221;][et_pb_row _builder_version=&#8221;4.9.10&#8243; _module_preset=&#8221;default&#8221; custom_padding=&#8221;0px||0px|||&#8221;][et_pb_column type=&#8221;4_4&#8243; _builder_version=&#8221;4.9.10&#8243; _module_preset=&#8221;default&#8221;][et_pb_text _builder_version=&#8221;4.9.10&#8243; _module_preset=&#8221;default&#8221; text_text_color=&#8221;#000000&#8243; text_font_size=&#8221;13px&#8221; link_text_color=&#8221;#666666&#8243;]<a href=\"https:\/\/danila-souvenirs.com\/de\/de\">Accueil<\/a> &#8211; Termes &amp; Conditions[\/et_pb_text][\/et_pb_column][\/et_pb_row][et_pb_row _builder_version=&#8221;4.9.7&#8243; _module_preset=&#8221;default&#8221;][et_pb_column type=&#8221;4_4&#8243; _builder_version=&#8221;4.9.7&#8243; _module_preset=&#8221;default&#8221;][et_pb_text _builder_version=&#8221;4.9.10&#8243; _module_preset=&#8221;default&#8221; hover_enabled=&#8221;0&#8243; sticky_enabled=&#8221;0&#8243;]<\/p>\n<h3>termes et conditions<\/h3>\n<p><strong><b>Client<\/b><\/strong> &#8211; La personne qui passe commande sur la boutique Internet www.danila-souvenirs.com et qui est destinataire des produits command\u00e9s.<br \/><strong><b>Vendeur<\/b><\/strong> &#8211; www.danila-souvenirs.com<br \/><strong><b>Danila Gifts O\u00dc<\/b><\/strong><strong><b><br \/><\/b><\/strong>Code reg: 14331261<br \/>Num\u00e9ro de TVA : EE102010118<br \/>Adresse : Veetorni tn 6-6, Aseri 43401, Estonie<br \/><strong><b>E-shop<\/b><\/strong> &#8211; le site Internet dont l&#8217;adresse est la suivante : <a href=\"https:\/\/danila-souvenirs.com\/de\/?lang=fr\">www.danila-souvenirs.com<\/a>. Le site est \u00e0 la disposition du client pour l&#8217;achat de biens &#8211; propri\u00e9t\u00e9 du vendeur, ainsi que des informations sur les modalit\u00e9s de paiement et de livraison.<br \/><strong><b>Site Web<\/b><\/strong> &#8211; <a href=\"https:\/\/danila-souvenirs.com\/de\/?lang=fr\">www.danila-souvenirs.com<\/a><br \/><strong><b>Produit<\/b><\/strong> &#8211; un bien mat\u00e9riel propos\u00e9 \u00e0 l&#8217;achat sur le site <a href=\"https:\/\/danila-souvenirs.com\/de\/?lang=fr\">www.danila-souvenirs.com.<\/a><br \/><strong><b>Commande<\/b><\/strong> &#8211; marchandises choisies et pay\u00e9es par le client.<br \/><strong><b>Mode de livraison<\/b><\/strong> \u2013 Pour le confort du client, il existe plusieurs modes de livraison. Vous trouverez plus d&#8217;informations sur les modes de livraison dans la section &#8220;Livraison&#8221;.<br \/><strong><b>Service client<\/b><\/strong> &#8211; un service qui appartient au vendeur et qui comprend la gestion et le contr\u00f4le de la commande effectu\u00e9e par le client.<\/p>\n<p><strong><b><br \/>1.REGLES GENERALES<\/b><\/strong><\/p>\n<p>1.1. Le propri\u00e9taire et administrateur du site &#8211; Danila Gifts O\u00dc<br \/>1.2. Lors de la commande sur le site <a href=\"https:\/\/danila-souvenirs.com\/de\/?lang=fr\">www.danila-souvenirs.com<\/a>, le Client s&#8217;engage \u00e0 respecter le r\u00e8glement de vente des marchandises (ci-apr\u00e8s &#8211; le r\u00e8glement), qui est d\u00e9crit ci-apr\u00e8s.<br \/>1.3. Ces r\u00e8gles, ainsi que les informations publi\u00e9es sur le site sont accessibles au public.<br \/>1.4. La relation entre le client et le vendeur est r\u00e9gie par les lois de la R\u00e9publique d&#8217;Estonie.<br \/>1.5. Le vendeur se r\u00e9serve le droit de modifier les r\u00e8gles.<\/p>\n<p><strong><b>2.INSCRIPTION<\/b><\/strong><\/p>\n<p>2.1. La commande en ligne est disponible pour les clients enregistr\u00e9s et non enregistr\u00e9s.<br \/>2.2. Le vendeur n&#8217;est pas responsable de l&#8217;exactitude et de la fiabilit\u00e9 des informations que le client forme sur le site.<br \/>2.3. Le compte client est cr\u00e9\u00e9 lors du processus de paiement.<br \/>2.4. Le client s&#8217;engage \u00e0 ne pas diffuser \u00e0 des tiers son identifiant et son mot de passe qui ont \u00e9t\u00e9 pr\u00e9cis\u00e9s dans le formulaire d&#8217;inscription sur le site. Si le client soup\u00e7onne que son nom d&#8217;utilisateur et\/ou son mot de passe pourraient \u00eatre connus et\/ou utilis\u00e9s par des tiers, le client doit en informer imm\u00e9diatement le vendeur en envoyant un e-mail \u00e0 <a href=\"mailto:sales@danila-souvenirs.com\">sales@danila-souvenirs.com<\/a>. La lettre doit \u00eatre envoy\u00e9e avec les informations utilis\u00e9es lors de l&#8217;inscription ainsi que l&#8217;adresse e-mail du client.<\/p>\n<p><strong><b>3. COMMANDE ET DUR\u00c9E DE SON EX\u00c9CUTION<\/b><\/strong><\/p>\n<p>3.1. Le client peut passer lui-m\u00eame une commande en ligne.<br \/>3.2. Lors de la commande, le client doit pr\u00e9ciser les informations suivantes :<br \/>&#8211; name and surname of the customer \/ recipient of the order<br \/>&#8211; adresse de livraison<br \/>&#8211; adresse e-mail<br \/>&#8211; Num\u00e9ro de t\u00e9l\u00e9phone (facultatif)<br \/>3.3. Apr\u00e8s avoir command\u00e9 un produit avec succ\u00e8s, le client re\u00e7oit un e-mail confirmant le statut de la commande.<br \/>3.4. La commande est consid\u00e9r\u00e9e comme trait\u00e9e et le service vendeur commence le traitement pour la livraison une fois que le client a re\u00e7u le paiement int\u00e9gral de la commande.<br \/>3.5. Si l&#8217;article est en stock dans la quantit\u00e9 requise sp\u00e9cifi\u00e9e par le client, le montant total sera livr\u00e9 \u00e0 l&#8217;adresse indiqu\u00e9e par le client. Sinon, le vendeur contactera le client au contact sp\u00e9cifi\u00e9 dans l&#8217;inscription par e-mail et corrigera ou annulera l&#8217;achat \u00e0 la demande du client.<br \/>3.6. Le d\u00e9lai de livraison d\u00e9pend de la r\u00e9gion et de l&#8217;adresse, ainsi que du mode de livraison s\u00e9lectionn\u00e9 du produit et ne d\u00e9pend pas directement du vendeur.<br \/>3.7. Si le client annule un paiement, la commande sera annul\u00e9e et le paiement restitu\u00e9 sur le compte du client. Si le client souhaite annuler une partie d&#8217;une commande pay\u00e9e, mais que la commande n&#8217;a pas encore \u00e9t\u00e9 envoy\u00e9e depuis l&#8217;entrep\u00f4t, ou corriger une commande, la commande doit \u00eatre compl\u00e8tement annul\u00e9e et une nouvelle commande doit \u00eatre pass\u00e9e. Le remboursement de la commande pr\u00e9c\u00e9dente sera effectu\u00e9. Le d\u00e9lai de remboursement du montant de la commande d\u00e9pend des services bancaires, et non du vendeur. D\u00e8s que le client re\u00e7oit un e-mail concernant l&#8217;exp\u00e9dition de la commande, celle-ci ne peut plus \u00eatre annul\u00e9e.<br \/>3.8. Les documents d&#8217;information disponibles sur le site Web ne refl\u00e8tent pas enti\u00e8rement les caract\u00e9ristiques des marchandises. Avant de passer la commande, le client a le droit de demander au vendeur une explication d\u00e9taill\u00e9e des propri\u00e9t\u00e9s des marchandises qu&#8217;il souhaite acheter. Si le client ne contacte pas le vendeur pour une explication d\u00e9taill\u00e9e, il est suppos\u00e9 que le client n&#8217;avait aucun doute sur les propri\u00e9t\u00e9s sp\u00e9cifiques du produit.<br \/>3.9. La description des produits publi\u00e9e sur le site <a href=\"https:\/\/danila-souvenirs.com\/de\/?lang=fr\">www.danila-souvenirs.com<\/a> est \u00e0 titre informatif uniquement. L&#8217;utilisation de ces informations ne saurait \u00eatre tenue pour aucune obligation l\u00e9gale entre le vendeur et le client. Les descriptions des produits peuvent ne pas correspondre exactement aux crit\u00e8res des demandes du client.<br \/>3.10. Le vendeur n&#8217;est pas responsable des nuances et des couleurs des produits expos\u00e9s.<\/p>\n<p><strong><b>4.LIVRAISON<\/b><\/strong><\/p>\n<p>4.1. Le vendeur fait tout ce qui est en son pouvoir pour respecter le d\u00e9lai de livraison promis, mais malgr\u00e9 cela, il peut y avoir des retards dus \u00e0 des circonstances ind\u00e9pendantes de la volont\u00e9 directe du vendeur.<br \/>4.2. Les risques li\u00e9s \u00e0 la perte ou \u00e0 l&#8217;endommagement accidentel de la marchandise sont assum\u00e9s par le client lors de la r\u00e9ception personnelle de la commande.<br \/>4.3. Si les marchandises ne sont pas livr\u00e9es au client en raison d&#8217;une perte lors de la livraison, le vendeur ne remboursera au client le prix pay\u00e9 pour les marchandises et les frais de livraison qu&#8217;apr\u00e8s que le vendeur aura re\u00e7u la confirmation de la perte par le coursier.<br \/>4.4. Tous les modes de livraison possibles sont indiqu\u00e9s dans la rubrique &#8220;Livraison&#8221; du site.<br \/>4.5. La commande est livr\u00e9e au client ou \u00e0 la personne indiqu\u00e9e dans la commande comme destinataire de la commande.<\/p>\n<p><strong><b>5.PAIEMENT DES MARCHANDISES<\/b><\/strong><\/p>\n<p>5.1. Tous les prix sur le site incluent la TVA pour les clients au sein de l&#8217;UE. Si le client est en dehors de l&#8217;UE, le client est responsable de toutes les taxes dans son pays.<\/p>\n<p><strong>Le vendeur livre les marchandises \u00e0 partir d&#8217;entrep\u00f4ts situ\u00e9s dans les pays et r\u00e9gions suivants :<\/strong><\/p>\n<p>&#8211; UE<br \/>&#8211; Royaume-Uni<br \/>&#8211; Etats-Unis<br \/>&#8211; Canada<br \/>&#8211; Australie<br \/>&#8211; Japon<br \/>&#8211; Singapour<\/p>\n<p>Si le client est situ\u00e9 dans l&#8217;une de ces r\u00e9gions, le client n&#8217;a pas \u00e0 payer de droits de douane. Dans le cas contraire, il appartient au client de s&#8217;acquitter des droits de douane dans son pays.<\/p>\n<p>Les frais de port sont inclus dans le prix pour les r\u00e9gions indiqu\u00e9es ci-dessus. Pour toutes les autres r\u00e9gions, les frais de port d\u00e9pendent du poids total du colis.<br \/>5.2. Toutes les m\u00e9thodes de paiement sont d\u00e9crites sur le site Web dans la section Paiement.<br \/>5.3. La commande est accept\u00e9e pour un traitement ult\u00e9rieur uniquement lorsqu&#8217;elle est enti\u00e8rement pay\u00e9e. Un produit ne peut pas \u00eatre r\u00e9serv\u00e9.<br \/>5.4. Le vendeur a le droit d&#8217;accorder au client une remise sur les marchandises et offre aux clients de participer \u00e0 des promotions sp\u00e9ciales et \u00e0 des programmes de bonus. Le vendeur a le droit de modifier unilat\u00e9ralement les prix et les conditions des promotions et des programmes de bonus.<\/p>\n<p><strong><b>6. RETOUR<\/b><\/strong><\/p>\n<p>6.1. Le client a le droit de retourner les marchandises achet\u00e9es dans les 30 jours suivant la r\u00e9ception des marchandises pour quelque raison que ce soit, \u00e0 condition que l&#8217;apparence du produit, les propri\u00e9t\u00e9s de consommation, son emballage d&#8217;origine et ses \u00e9tiquettes soient pr\u00e9serv\u00e9s.<br \/>6.2. Si le client refuse les marchandises achet\u00e9es pour la raison d\u00e9crite \u00e0 la clause 6.1, le vendeur paiera la valeur totale des marchandises retourn\u00e9es, \u00e0 l&#8217;exclusion des frais d&#8217;exp\u00e9dition du produit.<br \/>6.3. Conform\u00e9ment \u00e0 la loi sur la protection des consommateurs, le vendeur a le droit de refuser d&#8217;accepter les marchandises ou de prendre un paiement, si les marchandises ne sont pas retourn\u00e9es dans l&#8217;emballage d&#8217;origine, l&#8217;emballage pr\u00e9sente des dommages graves ou si le produit pr\u00e9sente des signes visibles de l\u00e9g\u00e8re traces d&#8217;utilisation, telles que rayures et d\u00e9fauts similaires.<br \/>6.4. Le vendeur ne fournit pas de service d&#8217;\u00e9change pour les marchandises, mais le client peut retourner tout produit qui n&#8217;est pas enti\u00e8rement satisfaisant (comme dans la clause 6.1.) dans les 30 jours suivant la r\u00e9ception de la commande et\/ou passer une nouvelle commande.<br \/>6.5. Le montant est restitu\u00e9 au client de la m\u00eame mani\u00e8re que le client l&#8217;a utilis\u00e9 lors du paiement de la commande.<br \/>6.6. La demande de retour de marchandise et de remboursement doit \u00eatre soumise sous une forme libre \u00e0 l&#8217;adresse email <a href=\"mailto:sales@danila-souvenirs.com\">sales@danila-souvenirs.com<\/a>.<br \/>6.7. Le client est responsable de la pr\u00e9servation de la qualit\u00e9 et de la s\u00e9curit\u00e9 du produit pendant les 30 premiers jours suivant sa r\u00e9ception, p\u00e9riode pendant laquelle les retours sont possibles.<br \/>6.8. D\u00e8s la premi\u00e8re utilisation de la marchandise le client confirme que le produit correspond \u00e0 ses attentes et est donc non remboursable.<\/p>\n<p><strong><b>7. PROPRI\u00c9T\u00c9 INTELLECTUELLE<\/b><\/strong><\/p>\n<p>7.1. Tous les textes publi\u00e9s sur le site ou les informations graphiques sont prot\u00e9g\u00e9s et sont la propri\u00e9t\u00e9 du vendeur.<\/p>\n<p><strong><b>8. GARANTIE ET RESPONSABILIT\u00c9<\/b><\/strong><\/p>\n<p>8.1. Le vendeur n&#8217;est pas responsable des dommages caus\u00e9s au client en raison d&#8217;une mauvaise utilisation de la marchandise.<br \/>8.2. Le vendeur a le droit de transf\u00e9rer \u00e0 des tiers l&#8217;ex\u00e9cution de ses droits et obligations envers le client.<br \/>8.3. Les descriptions de produits publi\u00e9es sur le site <a href=\"https:\/\/danila-souvenirs.com\/de\/?lang=fr\">www.danila-souvenirs.com<\/a> sont \u00e0 titre informatif uniquement. L&#8217;utilisation de ces informations ne peut \u00eatre tenue pour des obligations l\u00e9gales entre le vendeur et le client. Les descriptions de produits peuvent ne pas correspondre aux crit\u00e8res des demandes sp\u00e9cifiques du client.<br \/>8.4. Le vendeur n&#8217;est pas responsable du transfert des param\u00e8tres de couleur des marchandises sur l&#8217;\u00e9cran du client.<\/p>\n<p><strong><b>9. AUTRES R\u00c8GLES<\/b><\/strong><\/p>\n<p>9.1 La relation entre le vendeur et le client est r\u00e9gie par la l\u00e9gislation de la R\u00e9publique d&#8217;Estonie.<br \/>9.2. En cas de questions ou de r\u00e9clamations, le client doit les adresser au service client. Tous les diff\u00e9rends entre les parties seront tent\u00e9s d&#8217;\u00eatre r\u00e9solus par la n\u00e9gociation. Si les parties ne parviennent pas \u00e0 un accord, le litige sera soumis aux autorit\u00e9s judiciaires conform\u00e9ment \u00e0 la l\u00e9gislation applicable de la R\u00e9publique d&#8217;Estonie.<br \/>9.3. Si un tribunal reconna\u00eet l&#8217;un des points ci-dessus dans ces termes et conditions comme invalide, il ne rend pas le reste des points invalide.<\/p>\n<p>[\/et_pb_text][\/et_pb_column][\/et_pb_row][\/et_pb_section]<\/p>\n","protected":false},"excerpt":{"rendered":"<p>termes et conditionsAccueil &#8211; Termes &amp; Conditionstermes et conditions Client &#8211; La personne qui passe commande sur la boutique Internet www.danila-souvenirs.com et qui est destinataire des produits command\u00e9s.Vendeur &#8211; www.danila-souvenirs.comDanila Gifts O\u00dcCode reg: 14331261Num\u00e9ro de TVA : EE102010118Adresse : Veetorni tn 6-6, Aseri 43401, EstonieE-shop &#8211; le site Internet dont l&#8217;adresse est la suivante : [&hellip;]<\/p>\n","protected":false},"author":2,"featured_media":0,"parent":0,"menu_order":0,"comment_status":"closed","ping_status":"closed","template":"","meta":{"_et_pb_use_builder":"on","_et_pb_old_content":"","_et_gb_content_width":"","footnotes":""},"class_list":["post-10588","page","type-page","status-publish","hentry"],"_links":{"self":[{"href":"https:\/\/danila-souvenirs.com\/de\/wp-json\/wp\/v2\/pages\/10588","targetHints":{"allow":["GET"]}}],"collection":[{"href":"https:\/\/danila-souvenirs.com\/de\/wp-json\/wp\/v2\/pages"}],"about":[{"href":"https:\/\/danila-souvenirs.com\/de\/wp-json\/wp\/v2\/types\/page"}],"author":[{"embeddable":true,"href":"https:\/\/danila-souvenirs.com\/de\/wp-json\/wp\/v2\/users\/2"}],"replies":[{"embeddable":true,"href":"https:\/\/danila-souvenirs.com\/de\/wp-json\/wp\/v2\/comments?post=10588"}],"version-history":[{"count":7,"href":"https:\/\/danila-souvenirs.com\/de\/wp-json\/wp\/v2\/pages\/10588\/revisions"}],"predecessor-version":[{"id":13417,"href":"https:\/\/danila-souvenirs.com\/de\/wp-json\/wp\/v2\/pages\/10588\/revisions\/13417"}],"wp:attachment":[{"href":"https:\/\/danila-souvenirs.com\/de\/wp-json\/wp\/v2\/media?parent=10588"}],"curies":[{"name":"wp","href":"https:\/\/api.w.org\/{rel}","templated":true}]}}