{"id":10583,"date":"2021-07-07T23:33:10","date_gmt":"2021-07-07T20:33:10","guid":{"rendered":"https:\/\/danila-souvenirs.com\/de\/expedition-livraison\/"},"modified":"2023-07-12T17:25:31","modified_gmt":"2023-07-12T14:25:31","slug":"expedition-livraison","status":"publish","type":"page","link":"https:\/\/danila-souvenirs.com\/de\/expedition-livraison\/?lang=fr","title":{"rendered":"Exp\u00e9dition &amp; Livraison"},"content":{"rendered":"<p>[et_pb_section fb_built=&#8221;1&#8243; module_id=&#8221;heading-block-page-2&#8243; _builder_version=&#8221;4.9.7&#8243; _module_preset=&#8221;default&#8221; background_image=&#8221;https:\/\/danila-souvenirs.com\/de\/wp-content\/uploads\/sites\/5\/2021\/07\/Group-2801.jpg&#8221; custom_padding=&#8221;130px||130px||true|false&#8221;][et_pb_row _builder_version=&#8221;4.9.7&#8243; _module_preset=&#8221;default&#8221;][et_pb_column type=&#8221;4_4&#8243; _builder_version=&#8221;4.9.7&#8243; _module_preset=&#8221;default&#8221;][et_pb_text _builder_version=&#8221;4.9.10&#8243; _module_preset=&#8221;default&#8221; header_2_font=&#8221;|300||on|||||&#8221; header_2_text_color=&#8221;#a58943&#8243; header_2_font_size=&#8221;50px&#8221;]<\/p>\n<h2>Exp\u00e9dition &amp; Livraison<\/h2>\n<p>[\/et_pb_text][\/et_pb_column][\/et_pb_row][\/et_pb_section][et_pb_section fb_built=&#8221;1&#8243; _builder_version=&#8221;4.9.7&#8243; _module_preset=&#8221;default&#8221;][et_pb_row _builder_version=&#8221;4.9.10&#8243; _module_preset=&#8221;default&#8221; custom_padding=&#8221;0px||0px|||&#8221;][et_pb_column type=&#8221;4_4&#8243; _builder_version=&#8221;4.9.10&#8243; _module_preset=&#8221;default&#8221;][et_pb_text _builder_version=&#8221;4.9.10&#8243; _module_preset=&#8221;default&#8221; text_text_color=&#8221;#000000&#8243; text_font_size=&#8221;13px&#8221; link_text_color=&#8221;#666666&#8243;]<a href=\"https:\/\/danila-souvenirs.com\/de\/de\">Accueil<\/a> &#8211; Exp\u00e9dition &amp; livraison[\/et_pb_text][\/et_pb_column][\/et_pb_row][et_pb_row _builder_version=&#8221;4.9.7&#8243; _module_preset=&#8221;default&#8221;][et_pb_column type=&#8221;4_4&#8243; _builder_version=&#8221;4.9.7&#8243; _module_preset=&#8221;default&#8221;][et_pb_text _builder_version=&#8221;4.9.10&#8243; _module_preset=&#8221;default&#8221; hover_enabled=&#8221;0&#8243; sticky_enabled=&#8221;0&#8243;]<\/p>\n<h3>Exp\u00e9dition &amp; Livraison<\/h3>\n<p>L&#8217;exp\u00e9dition est effectu\u00e9e dans un d\u00e9lai de 1 \u00e0 3 jours ouvrables \u00e0 compter de la r\u00e9ception du paiement.<\/p>\n<p><strong>Nous livrons des marchandises depuis des entrep\u00f4ts situ\u00e9s dans les pays et r\u00e9gions suivants :<\/strong><\/p>\n<p>&#8211; UE<br \/>&#8211; Royaume-Uni<br \/>&#8211; Etats-Unis<br \/>&#8211; Canada<br \/>&#8211; Australie<br \/>&#8211; Japon<br \/>&#8211; Singapour<\/p>\n<p><strong>Les d\u00e9lais de livraison pour chaque r\u00e9gion sont les suivants :<\/strong><\/p>\n<p>&#8211; <strong>UE<br \/><\/strong>Allemagne, France, Italie, Espagne \u2013 1-2 jours ouvrables<br \/>Autres \u00c9tats membres de l&#8217;UE &#8211; 2-5 jours ouvrables<\/p>\n<p><strong>&#8211; Royaume-Uni<\/strong> \u2013 1-2 jours ouvrables<\/p>\n<p><strong>-\u00c9tats-Unis<\/strong> \u2013 1-5 jours ouvrables<\/p>\n<p><strong>-Canada<\/strong> \u2013 1-5 jours ouvrables<\/p>\n<p><strong>-Australie<\/strong> \u2013 1-5 jours ouvrables<\/p>\n<p><strong>&#8211; Japon<\/strong> &#8211; 1-3 jours ouvrables<\/p>\n<p><strong>&#8211; Singapour<\/strong> \u2013 1-2 jours ouvrables<\/p>\n<p><strong>Si vous n&#8217;\u00eates pas dans ces r\u00e9gions<\/strong>, la livraison se fera par courrier international standard, les marchandises seront exp\u00e9di\u00e9es depuis l&#8217;Estonie. Le d\u00e9lai de livraison sera d&#8217;environ 10 \u00e0 20 jours ouvrables, cela d\u00e9pend de votre emplacement.<\/p>\n<p>Les frais de port sont inclus dans le prix pour les r\u00e9gions indiqu\u00e9es ci-dessus. Pour toutes les autres r\u00e9gions, les frais de port d\u00e9pendent du poids total du colis, vous pouvez v\u00e9rifier les frais de port lors du processus d&#8217;achat dans votre panier avant de passer la commande. Les frais de port comprennent les frais de manutention, d&#8217;emballage et d&#8217;affranchissement.<\/p>\n<p>&nbsp;<\/p>\n<p>[\/et_pb_text][\/et_pb_column][\/et_pb_row][\/et_pb_section]<\/p>\n","protected":false},"excerpt":{"rendered":"<p>Exp\u00e9dition &amp; LivraisonAccueil &#8211; Exp\u00e9dition &amp; livraisonExp\u00e9dition &amp; Livraison L&#8217;exp\u00e9dition est effectu\u00e9e dans un d\u00e9lai de 1 \u00e0 3 jours ouvrables \u00e0 compter de la r\u00e9ception du paiement. Nous livrons des marchandises depuis des entrep\u00f4ts situ\u00e9s dans les pays et r\u00e9gions suivants : &#8211; UE- Royaume-Uni- Etats-Unis- Canada- Australie- Japon- Singapour Les d\u00e9lais de livraison [&hellip;]<\/p>\n","protected":false},"author":2,"featured_media":0,"parent":0,"menu_order":0,"comment_status":"closed","ping_status":"closed","template":"","meta":{"_et_pb_use_builder":"on","_et_pb_old_content":"","_et_gb_content_width":"","footnotes":""},"class_list":["post-10583","page","type-page","status-publish","hentry"],"_links":{"self":[{"href":"https:\/\/danila-souvenirs.com\/de\/wp-json\/wp\/v2\/pages\/10583","targetHints":{"allow":["GET"]}}],"collection":[{"href":"https:\/\/danila-souvenirs.com\/de\/wp-json\/wp\/v2\/pages"}],"about":[{"href":"https:\/\/danila-souvenirs.com\/de\/wp-json\/wp\/v2\/types\/page"}],"author":[{"embeddable":true,"href":"https:\/\/danila-souvenirs.com\/de\/wp-json\/wp\/v2\/users\/2"}],"replies":[{"embeddable":true,"href":"https:\/\/danila-souvenirs.com\/de\/wp-json\/wp\/v2\/comments?post=10583"}],"version-history":[{"count":11,"href":"https:\/\/danila-souvenirs.com\/de\/wp-json\/wp\/v2\/pages\/10583\/revisions"}],"predecessor-version":[{"id":13413,"href":"https:\/\/danila-souvenirs.com\/de\/wp-json\/wp\/v2\/pages\/10583\/revisions\/13413"}],"wp:attachment":[{"href":"https:\/\/danila-souvenirs.com\/de\/wp-json\/wp\/v2\/media?parent=10583"}],"curies":[{"name":"wp","href":"https:\/\/api.w.org\/{rel}","templated":true}]}}