{"id":10579,"date":"2021-08-19T10:45:15","date_gmt":"2021-08-19T07:45:15","guid":{"rendered":"https:\/\/danila-souvenirs.com\/de\/politique-de-confidentialite\/"},"modified":"2023-07-12T17:24:17","modified_gmt":"2023-07-12T14:24:17","slug":"politique-de-confidentialite","status":"publish","type":"page","link":"https:\/\/danila-souvenirs.com\/de\/politique-de-confidentialite\/?lang=fr","title":{"rendered":"Politique de confidentialit\u00e9"},"content":{"rendered":"<p>[et_pb_section fb_built=&#8221;1&#8243; module_id=&#8221;heading-block-page-2&#8243; _builder_version=&#8221;4.9.7&#8243; _module_preset=&#8221;default&#8221; background_image=&#8221;https:\/\/danila-souvenirs.com\/de\/wp-content\/uploads\/sites\/5\/2021\/07\/Group-2801.jpg&#8221; custom_padding=&#8221;130px||130px||true|false&#8221;][et_pb_row _builder_version=&#8221;4.9.7&#8243; _module_preset=&#8221;default&#8221;][et_pb_column type=&#8221;4_4&#8243; _builder_version=&#8221;4.9.7&#8243; _module_preset=&#8221;default&#8221;][et_pb_text _builder_version=&#8221;4.9.10&#8243; _module_preset=&#8221;default&#8221; header_2_font=&#8221;|300||on|||||&#8221; header_2_text_color=&#8221;#a58943&#8243; header_2_font_size=&#8221;50px&#8221;]<\/p>\n<h2>Politique de confidentialit\u00e9<\/h2>\n<p>[\/et_pb_text][\/et_pb_column][\/et_pb_row][\/et_pb_section][et_pb_section fb_built=&#8221;1&#8243; _builder_version=&#8221;4.9.7&#8243; _module_preset=&#8221;default&#8221;][et_pb_row _builder_version=&#8221;4.9.10&#8243; _module_preset=&#8221;default&#8221; custom_padding=&#8221;0px||0px|||&#8221;][et_pb_column type=&#8221;4_4&#8243; _builder_version=&#8221;4.9.10&#8243; _module_preset=&#8221;default&#8221;][et_pb_text _builder_version=&#8221;4.9.10&#8243; _module_preset=&#8221;default&#8221; text_text_color=&#8221;#000000&#8243; text_font_size=&#8221;13px&#8221; link_text_color=&#8221;#666666&#8243;]<a href=\"https:\/\/danila-souvenirs.com\/de\/de\">Accueil<\/a> &#8211; Politique de confidentialit\u00e9[\/et_pb_text][\/et_pb_column][\/et_pb_row][et_pb_row _builder_version=&#8221;4.9.7&#8243; _module_preset=&#8221;default&#8221;][et_pb_column type=&#8221;4_4&#8243; _builder_version=&#8221;4.9.7&#8243; _module_preset=&#8221;default&#8221;][et_pb_text _builder_version=&#8221;4.9.10&#8243; _module_preset=&#8221;default&#8221; hover_enabled=&#8221;0&#8243; sticky_enabled=&#8221;0&#8243;]<\/p>\n<h3>Politique de confidentialit\u00e9<\/h3>\n<p>Le but de la politique de confidentialit\u00e9 est de fournir \u00e0 une personne (personne concern\u00e9e) des informations sur la finalit\u00e9 du traitement des donn\u00e9es, le volume, la protection et la s\u00e9curit\u00e9 du traitement des donn\u00e9es d&#8217;une personne, ainsi que de fournir d&#8217;autres informations sur le traitement des donn\u00e9es.<\/p>\n<p><strong>Renseignements personnels<\/strong><br \/>Les donn\u00e9es personnelles sont toutes les informations relatives \u00e0 une personne identifi\u00e9e ou identifiable.<\/p>\n<p><strong>Politique de confidentialit\u00e9<\/strong><br \/>La politique de confidentialit\u00e9 de Danila Gifts O\u00dc s&#8217;applique au traitement des donn\u00e9es personnelles, quelle que soit la forme sous laquelle la personne fournit ses donn\u00e9es (ou la tierce personne fournit les donn\u00e9es d&#8217;un tiers conform\u00e9ment \u00e0 la loi \/ procuration \/ consentement): sur papier , sous forme \u00e9lectronique, sur Danila Gifts O\u00dc, dans la boutique en ligne, dans la boutique, etc.<\/p>\n<p><strong>Informations de base<\/strong><br \/>Le but du traitement des donn\u00e9es personnelles: la conclusion du contrat d&#8217;achat de biens \/ services, la mise en \u0153uvre de la livraison des marchandises, l&#8217;administration des paiements, la mise en \u0153uvre des obligations de garantie.<br \/>Contr\u00f4leur : Danila Gifts O\u00dc, reg. nr 14331261<br \/>Adresse l\u00e9gale : Veetorni tn 6-6, Aseri 43401, Estonie<br \/>Justification l\u00e9gale : int\u00e9r\u00eats l\u00e9gitimes de Danila Gifts O\u00dc<br \/>Transfert de donn\u00e9es vers des pays tiers : ne se produit pas<br \/>Destinataires des donn\u00e9es : responsable du traitement, op\u00e9rateur du responsable du traitement et agences gouvernementales comp\u00e9tentes (droits de l&#8217;homme), partenaires et organisations (soci\u00e9t\u00e9s tierces) fournissant des services, organisations administrant des bases de donn\u00e9es, des services de stockage en nuage, des services comptables, ainsi que des avocats, des avocats, des op\u00e9rateurs, etc. dd<br \/>Sp\u00e9cialiste de la protection des donn\u00e9es : danilagifts@yahoo.com<\/p>\n<p><strong>Traitement des donn\u00e9es personnelles et justification l\u00e9gale<\/strong><br \/>Le traitement des donn\u00e9es personnelles est effectu\u00e9 afin de r\u00e9aliser les objectifs d\u00e9crits dans la pr\u00e9sente politique de confidentialit\u00e9, y compris les int\u00e9r\u00eats l\u00e9gitimes de Danila Gifts O\u00dc (activit\u00e9 commerciale), se conformer aux exigences des actes r\u00e9glementaires en mati\u00e8re de r\u00e9ception, traitement, stockage, transmission, etc. des donn\u00e9es personnelles des individus, ainsi que pour r\u00e9pondre aux exigences des actes r\u00e9glementaires r\u00e9gissant les droits des consommateurs.<\/p>\n<p>La dur\u00e9e de conservation des donn\u00e9es personnelles d\u00e9pend de la p\u00e9riode r\u00e9glement\u00e9e dans l&#8217;acte r\u00e9glementaire ou de la p\u00e9riode sp\u00e9cifi\u00e9e dans le contrat, ou de la p\u00e9riode r\u00e9glement\u00e9e de Danila Gifts O\u00dc. Les donn\u00e9es personnelles ne sont pas conserv\u00e9es plus longtemps que n\u00e9cessaire pour r\u00e9pondre aux exigences de la r\u00e9glementation, tout en respectant les int\u00e9r\u00eats l\u00e9gitimes de Danila Gifts O\u00dc. Lorsqu&#8217;une condition survient o\u00f9 le stockage des donn\u00e9es personnelles n&#8217;est plus n\u00e9cessaire, les donn\u00e9es personnelles sont supprim\u00e9es.<\/p>\n<p>Pour le stockage des donn\u00e9es personnelles, des programmes sp\u00e9cialis\u00e9s et s\u00e9curis\u00e9s sont utilis\u00e9s pour assurer le stockage et le traitement s\u00e9curis\u00e9s des donn\u00e9es personnelles \u00e0 l&#8217;aide de programmes antivirus (&#8220;pare-feu&#8221;) et d&#8217;autres solutions techniques. Les donn\u00e9es personnelles sont prot\u00e9g\u00e9es par des syst\u00e8mes d&#8217;acc\u00e8s et des programmes sp\u00e9ciaux.<br \/>Stockage des donn\u00e9es personnelles<br \/>Les donn\u00e9es personnelles ne sont pas transf\u00e9r\u00e9es vers des pays tiers (pays qui ne font pas partie de l&#8217;UE et\/ou du SES).<br \/>Les donn\u00e9es personnelles peuvent \u00eatre transf\u00e9r\u00e9es \u00e0 des partenaires de Danila Gifts O\u00dc (y compris des soci\u00e9t\u00e9s fournissant des services tiers), des organisations fournissant des services (op\u00e9rateurs) et des personnes morales et physiques autoris\u00e9es (avocats, avocats). Le transfert de donn\u00e9es s&#8217;effectue en toute s\u00e9curit\u00e9 \u00e0 l&#8217;aide de programmes et de technologies s\u00e9curis\u00e9s. Les donn\u00e9es personnelles ne sont transf\u00e9r\u00e9es que dans la mesure n\u00e9cessaire pour r\u00e9pondre aux int\u00e9r\u00eats l\u00e9gaux et l\u00e9gitimes de Danila Gifts O\u00dc.<\/p>\n<p><strong>Envoi d&#8217;offres commerciales et de mat\u00e9riel promotionnel<\/strong><br \/>Les offres commerciales sont envoy\u00e9es aux destinataires \/ personnes qui ont accept\u00e9 de recevoir des offres commerciales (mat\u00e9riel publicitaire) de Danila Gifts O\u00dc. Les informations sur le refus de recevoir du mat\u00e9riel promotionnel sont r\u00e9pertori\u00e9es dans l&#8217;e-mail promotionnel. Vous pouvez \u00e9galement refuser de recevoir du mat\u00e9riel promotionnel en \u00e9crivant \u00e0 e-mail &#8211; <a href=\"mailto:sales@danila-souvenirs.com\">sales@danila-souvenirs.com<\/a>.<\/p>\n<p><strong>Acc\u00e8s \u00e0 vos donn\u00e9es personnelles<\/strong><br \/>Une personne peut acc\u00e9der \u00e0 ses donn\u00e9es personnelles sur la base d&#8217;une demande \u00e9crite, en respectant les exigences de la r\u00e9glementation r\u00e9gissant les donn\u00e9es personnelles, ainsi que la r\u00e9glementation r\u00e9gissant l&#8217;acceptation et l&#8217;examen des candidatures en envoyant une candidature (par courrier : Danila Gifts O\u00dc, Veetorni tn 6-6, Aseri 43401, Estonie, par courriel : danilagifts@yahoo.com).<\/p>\n<p>Lors de la soumission d&#8217;une demande, une personne est tenue de s&#8217;identifier dans le montant n\u00e9cessaire afin que Danila Gifts O\u00dc puisse s&#8217;assurer que la personne qui demande des donn\u00e9es est la personne dont les donn\u00e9es sont demand\u00e9es (la personne demande ses donn\u00e9es). Seulement dans ce cas, Danila Gifts O\u00dc fournira \u00e0 la personne toutes les donn\u00e9es disponibles et autres informations pr\u00e9vues par la loi.<\/p>\n<p><strong>Droit de retirer son consentement<\/strong><br \/>Une personne a le droit de retirer son consentement au traitement des donn\u00e9es personnelles. Le refus est soumis sous la m\u00eame forme que le consentement donn\u00e9 pour le traitement des donn\u00e9es personnelles.<br \/>Dans tous les cas, une personne peut envoyer son refus de traiter des donn\u00e9es personnelles \u00e0 l&#8217;adresse l\u00e9gale de Danila Gifts O\u00dc : Veetorni tn 6-6, Aseri 43401, Estonie, et\/ou par e-mail : danilagifts@yahoo.com. Le refus n&#8217;affecte pas le traitement des donn\u00e9es personnelles, qui a \u00e9t\u00e9 effectu\u00e9 avant le refus. En outre, le refus n&#8217;affecte ni ne suspend le traitement des donn\u00e9es personnelles, qui a \u00e9t\u00e9 effectu\u00e9 conform\u00e9ment \u00e0 et \/ ou sur la base de fondements juridiques (r\u00e9glementation, loi, r\u00e8gles).<\/p>\n<p><strong>Informations finales<\/strong><br \/>Danila Gifts O\u00dc a le droit de modifier la politique de confidentialit\u00e9, en informant les personnes (personnes concern\u00e9es) \u00e0 ce sujet.<br \/>Les titres de cette section doivent \u00eatre interpr\u00e9t\u00e9s uniquement comme facilitant la pr\u00e9sentation des informations.<br \/>La personne concern\u00e9e (\u00e0 un individu) qui estime que ses droits concernant les donn\u00e9es personnelles ont \u00e9t\u00e9 viol\u00e9s a le droit de s&#8217;adresser \u00e0 Danila Gifts O\u00dc ou \u00e0 l&#8217;Inspection nationale des donn\u00e9es.<\/p>\n<p>[\/et_pb_text][\/et_pb_column][\/et_pb_row][\/et_pb_section]<\/p>\n","protected":false},"excerpt":{"rendered":"<p>Politique de confidentialit\u00e9Accueil &#8211; Politique de confidentialit\u00e9Politique de confidentialit\u00e9 Le but de la politique de confidentialit\u00e9 est de fournir \u00e0 une personne (personne concern\u00e9e) des informations sur la finalit\u00e9 du traitement des donn\u00e9es, le volume, la protection et la s\u00e9curit\u00e9 du traitement des donn\u00e9es d&#8217;une personne, ainsi que de fournir d&#8217;autres informations sur le traitement [&hellip;]<\/p>\n","protected":false},"author":2,"featured_media":0,"parent":0,"menu_order":0,"comment_status":"closed","ping_status":"closed","template":"","meta":{"_et_pb_use_builder":"on","_et_pb_old_content":"","_et_gb_content_width":"","footnotes":""},"class_list":["post-10579","page","type-page","status-publish","hentry"],"_links":{"self":[{"href":"https:\/\/danila-souvenirs.com\/de\/wp-json\/wp\/v2\/pages\/10579","targetHints":{"allow":["GET"]}}],"collection":[{"href":"https:\/\/danila-souvenirs.com\/de\/wp-json\/wp\/v2\/pages"}],"about":[{"href":"https:\/\/danila-souvenirs.com\/de\/wp-json\/wp\/v2\/types\/page"}],"author":[{"embeddable":true,"href":"https:\/\/danila-souvenirs.com\/de\/wp-json\/wp\/v2\/users\/2"}],"replies":[{"embeddable":true,"href":"https:\/\/danila-souvenirs.com\/de\/wp-json\/wp\/v2\/comments?post=10579"}],"version-history":[{"count":15,"href":"https:\/\/danila-souvenirs.com\/de\/wp-json\/wp\/v2\/pages\/10579\/revisions"}],"predecessor-version":[{"id":13409,"href":"https:\/\/danila-souvenirs.com\/de\/wp-json\/wp\/v2\/pages\/10579\/revisions\/13409"}],"wp:attachment":[{"href":"https:\/\/danila-souvenirs.com\/de\/wp-json\/wp\/v2\/media?parent=10579"}],"curies":[{"name":"wp","href":"https:\/\/api.w.org\/{rel}","templated":true}]}}