{"id":10575,"date":"2021-08-19T10:44:24","date_gmt":"2021-08-19T07:44:24","guid":{"rendered":"https:\/\/danila-souvenirs.com\/de\/paiement\/"},"modified":"2023-07-12T17:22:47","modified_gmt":"2023-07-12T14:22:47","slug":"paiement","status":"publish","type":"page","link":"https:\/\/danila-souvenirs.com\/de\/paiement\/?lang=fr","title":{"rendered":"Paiement"},"content":{"rendered":"<p>[et_pb_section fb_built=&#8221;1&#8243; module_id=&#8221;heading-block-page-2&#8243; _builder_version=&#8221;4.9.7&#8243; _module_preset=&#8221;default&#8221; background_image=&#8221;https:\/\/danila-souvenirs.com\/de\/wp-content\/uploads\/sites\/5\/2021\/07\/Group-2801.jpg&#8221; custom_padding=&#8221;130px||130px||true|false&#8221;][et_pb_row _builder_version=&#8221;4.9.7&#8243; _module_preset=&#8221;default&#8221;][et_pb_column type=&#8221;4_4&#8243; _builder_version=&#8221;4.9.7&#8243; _module_preset=&#8221;default&#8221;][et_pb_text _builder_version=&#8221;4.9.10&#8243; _module_preset=&#8221;default&#8221; header_2_font=&#8221;|300||on|||||&#8221; header_2_text_color=&#8221;#a58943&#8243; header_2_font_size=&#8221;50px&#8221;]<\/p>\n<h2>Paiement<\/h2>\n<p>[\/et_pb_text][\/et_pb_column][\/et_pb_row][\/et_pb_section][et_pb_section fb_built=&#8221;1&#8243; _builder_version=&#8221;4.9.7&#8243; _module_preset=&#8221;default&#8221;][et_pb_row _builder_version=&#8221;4.9.10&#8243; _module_preset=&#8221;default&#8221; custom_padding=&#8221;0px||0px|||&#8221;][et_pb_column type=&#8221;4_4&#8243; _builder_version=&#8221;4.9.10&#8243; _module_preset=&#8221;default&#8221;][et_pb_text _builder_version=&#8221;4.9.10&#8243; _module_preset=&#8221;default&#8221; text_text_color=&#8221;#000000&#8243; text_font_size=&#8221;13px&#8221; link_text_color=&#8221;#666666&#8243;]<a href=\"https:\/\/danila-souvenirs.com\/de\/de\">Accueil<\/a> &#8211; Paiement[\/et_pb_text][\/et_pb_column][\/et_pb_row][et_pb_row _builder_version=&#8221;4.9.7&#8243; _module_preset=&#8221;default&#8221;][et_pb_column type=&#8221;4_4&#8243; _builder_version=&#8221;4.9.7&#8243; _module_preset=&#8221;default&#8221;][et_pb_text _builder_version=&#8221;4.9.10&#8243; _module_preset=&#8221;default&#8221; hover_enabled=&#8221;0&#8243; sticky_enabled=&#8221;0&#8243;]<\/p>\n<h3>M\u00e9thodes de payement<\/h3>\n<p><strong>Conditions d&#8217;utilisation:<\/strong><\/p>\n<p>Chers clients, vous pouvez payer par virement bancaire ou carte de cr\u00e9dit. Si vous avez pay\u00e9 les marchandises par carte de cr\u00e9dit ou par virement bancaire, mais que vous avez chang\u00e9 d&#8217;avis sur l&#8217;achat des marchandises qui vous int\u00e9ressent ou que vous nous avez transf\u00e9r\u00e9 de l&#8217;argent par erreur, nous vous rembourserons l&#8217;argent sur le compte \u00e0 partir duquel vous avez pay\u00e9 l&#8217;achat, mais uniquement le lendemain de la r\u00e9ception de votre paiement sur notre compte bancaire.<\/p>\n<p>Au cours des 30 premiers jours suivant la r\u00e9ception de votre produit, si pour une raison quelconque vous n&#8217;\u00eates pas satisfait de votre achat, vous pouvez nous retourner l&#8217;article achet\u00e9 \u00e0 vos frais. Apr\u00e8s r\u00e9ception de la marchandise, nous vous rembourserons votre argent de la m\u00eame mani\u00e8re que le paiement a \u00e9t\u00e9 effectu\u00e9 dans les 3 jours ouvrables.<\/p>\n<p><strong>Nous acceptons les types de paiement suivants :<\/strong><\/p>\n<p><strong>1. Virement bancaire<\/strong><\/p>\n<p>Danila Gifts O\u00dc<br \/>Compte bancaire:<br \/>EE452200221067958217<br \/>SWEDBANK, SWIFT\/BIC HABAEE2X<\/p>\n<p>&nbsp;<\/p>\n<p><strong>2. Cartes de cr\u00e9dit :<\/strong><\/p>\n<p>Nous utilisons la passerelle Stripe pour accepter les cartes Visa, Master et American Express, Stripe est une passerelle de paiement s\u00e9curis\u00e9e et fiable pour garder vos donn\u00e9es en s\u00e9curit\u00e9 et priv\u00e9es.<\/p>\n<p>[\/et_pb_text][\/et_pb_column][\/et_pb_row][\/et_pb_section]<\/p>\n","protected":false},"excerpt":{"rendered":"<p>PaiementAccueil &#8211; PaiementM\u00e9thodes de payement Conditions d&#8217;utilisation: Chers clients, vous pouvez payer par virement bancaire ou carte de cr\u00e9dit. Si vous avez pay\u00e9 les marchandises par carte de cr\u00e9dit ou par virement bancaire, mais que vous avez chang\u00e9 d&#8217;avis sur l&#8217;achat des marchandises qui vous int\u00e9ressent ou que vous nous avez transf\u00e9r\u00e9 de l&#8217;argent par [&hellip;]<\/p>\n","protected":false},"author":2,"featured_media":0,"parent":0,"menu_order":0,"comment_status":"closed","ping_status":"closed","template":"","meta":{"_et_pb_use_builder":"on","_et_pb_old_content":"","_et_gb_content_width":"","footnotes":""},"class_list":["post-10575","page","type-page","status-publish","hentry"],"_links":{"self":[{"href":"https:\/\/danila-souvenirs.com\/de\/wp-json\/wp\/v2\/pages\/10575","targetHints":{"allow":["GET"]}}],"collection":[{"href":"https:\/\/danila-souvenirs.com\/de\/wp-json\/wp\/v2\/pages"}],"about":[{"href":"https:\/\/danila-souvenirs.com\/de\/wp-json\/wp\/v2\/types\/page"}],"author":[{"embeddable":true,"href":"https:\/\/danila-souvenirs.com\/de\/wp-json\/wp\/v2\/users\/2"}],"replies":[{"embeddable":true,"href":"https:\/\/danila-souvenirs.com\/de\/wp-json\/wp\/v2\/comments?post=10575"}],"version-history":[{"count":15,"href":"https:\/\/danila-souvenirs.com\/de\/wp-json\/wp\/v2\/pages\/10575\/revisions"}],"predecessor-version":[{"id":13405,"href":"https:\/\/danila-souvenirs.com\/de\/wp-json\/wp\/v2\/pages\/10575\/revisions\/13405"}],"wp:attachment":[{"href":"https:\/\/danila-souvenirs.com\/de\/wp-json\/wp\/v2\/media?parent=10575"}],"curies":[{"name":"wp","href":"https:\/\/api.w.org\/{rel}","templated":true}]}}